{"id":7417,"date":"2025-08-08T10:09:50","date_gmt":"2025-08-08T10:09:50","guid":{"rendered":"https:\/\/velazquez24.es\/escorts-steder\/"},"modified":"2026-03-08T19:23:32","modified_gmt":"2026-03-08T19:23:32","slug":"escorts-steder","status":"publish","type":"page","link":"https:\/\/velazquez24.es\/da\/escorts-steder\/","title":{"rendered":"Escorts steder"},"content":{"rendered":"<div class=\"et_pb_section_0 et_pb_section et_section_regular et_flex_section\">\n<div class=\"et_pb_row_0 et_pb_row et_flex_row\">\n<div class=\"et_pb_column_0 et_pb_column et-last-child et_flex_column et_pb_css_mix_blend_mode_passthrough et_flex_column_24_24 et_flex_column_24_24_tablet et_flex_column_24_24_phone\">\n<div class=\"et_pb_text_0 et_pb_text et_pb_bg_layout_light et_pb_module et_block_module\"><div class=\"et_pb_text_inner\"><h1>ARBEJDE FOR ESCORTPIGER<\/h1>\n<\/div><\/div>\n\n<div class=\"et_pb_text_1 et_pb_text et_pb_bg_layout_light et_pb_module et_block_module\"><div class=\"et_pb_text_inner\"><h2>Siden 2004 har vi tilbudt de bedste steder for escortpiger<\/h2>\n<\/div><\/div>\n<\/div>\n<\/div>\n<\/div>\n\n<div class=\"et_pb_section_1 et_pb_section et_section_regular et_flex_section\">\n<div class=\"et_pb_row_1 et_pb_row et_flex_row\">\n<div class=\"et_pb_column_1 et_pb_column et-last-child et_flex_column et_pb_css_mix_blend_mode_passthrough et_flex_column_24_24 et_flex_column_24_24_tablet et_flex_column_24_24_phone\">\n<div class=\"et_pb_text_2 et_pb_text et_pb_bg_layout_light et_pb_module et_block_module\"><div class=\"et_pb_text_inner\"><p style=\"text-align: center;\"><span style=\"color: #ffffff;\">\u00c5BENT 24 TIMER I D\u00d8GNET HVER DAG<\/span><\/p>\n<\/div><\/div>\n<\/div>\n<\/div>\n<\/div>\n\n<div class=\"et_pb_section_2 et_pb_section et_section_regular et_flex_section\">\n<div class=\"et_pb_row_2 et_pb_row et_flex_row\">\n<div class=\"et_pb_column_2 et_pb_column et-last-child et_flex_column et_pb_css_mix_blend_mode_passthrough et_flex_column_24_24 et_flex_column_24_24_tablet et_flex_column_24_24_phone\">\n<div class=\"et_pb_text_3 et_pb_text et_pb_bg_layout_light et_pb_module et_block_module\"><div class=\"et_pb_text_inner\"><p><strong>HVAD VI KAN TILBYDE DIG HOS VELAZQUEZ24<\/strong><\/p>\n<\/div><\/div>\n<\/div>\n<\/div>\n\n<div class=\"et_pb_row_3 et_pb_row et_flex_row\">\n<div class=\"et_pb_column_3 et_pb_column et-last-child et_flex_column et_pb_css_mix_blend_mode_passthrough et_flex_column_24_24 et_flex_column_24_24_tablet et_flex_column_24_24_phone\">\n<div class=\"et_pb_text_4 et_pb_text et_pb_bg_layout_light et_pb_module et_block_module\"><div class=\"et_pb_text_inner\"><p style=\"text-align: justify;\">Hvis du er p\u00e5 udkig efter en gratis 24-timers eller timestilling som escortpige, kan vi tilbyde dig at blive en del af det bedste team, der udg\u00f8r det mest eksklusive bordel i centrum af M\u00e1laga.<\/p>\n<p style=\"text-align: justify;\">Kontakt os nu, s\u00e5 fort\u00e6ller vi dig, hvordan du vil kunne tilbyde dine tjenester, og hvilke egenskaber og fordele du vil f\u00e5 ved at v\u00e6re en del af vores team.<\/p>\n<p style=\"text-align: center;\"><strong>VORES OMD\u00d8MME  <\/strong><\/p>\n<p style=\"text-align: justify;\">Med mere end to \u00e5rtier p\u00e5 bagen har vi etableret os som det mest prestigefyldte og anerkendte bordel i M\u00e1laga by. I l\u00f8bet af disse 20 \u00e5r har vi opbygget et solidt omd\u00f8mme baseret p\u00e5 diskretion, professionalisme og fremragende service, hvilket garanterer os den mest udvalgte og loyale kundekreds i byen, som stoler p\u00e5 vores evne til at tilbyde oplevelser af h\u00f8j kvalitet og opretholde de h\u00f8jeste standarder. <\/p>\n<p style=\"text-align: center;\"><strong>MARKETING TEAM<\/strong><\/p>\n<p style=\"text-align: justify;\">Som bureau har vi vores eget marketing- og reklameteam, der st\u00e5r for at administrere og promovere dine reklamer og fotos, s\u00e5 du bliver kendt af vores kunder og brugere; og p\u00e5 den m\u00e5de garanterer vi, at du n\u00e5r dine \u00f8konomiske m\u00e5l. Vores kunder er meget udvalgte, og vi samarbejder med de bedste hotelk\u00e6der i provinsen om levering af vores tjenester i form af escorte service. <\/p>\n<p style=\"text-align: center;\"><strong>FORDELE VED AT BLIVE EN DEL AF VORES TEAM<\/strong><\/p>\n<p style=\"text-align: justify;\">N\u00e5r du bliver en del af vores team, f\u00e5r du et professionelt fotoshoot, som vores marketing- og reklameteam vil bruge til at promovere din profil.<\/p>\n<p style=\"text-align: justify;\">Hvad ang\u00e5r dit engagement, tilbyder vi dig, hvad der passer til dine behov, 24 timer med en varighed p\u00e5 1 til 3 uger eller et specifikt skema fra mandag til fredag. Men vigtigst af alt .... <\/p>\n<p style=\"text-align: center;\"><em><u>\"I DETTE HUS TAGER MAN SIG BETALT AF KUNDERNE, S\u00c5 MAN ALTID HAR SINE PENGE I H\u00c5NDEN\".<\/u><\/em><\/p>\n<p style=\"text-align: justify;\">I vores hus er dit velbefindende og din komfort vores prioritet. Vi tilbyder et uovertruffent arbejdsmilj\u00f8, der er designet til at f\u00e5 dig til at f\u00f8le dig hjemme. Vores faciliteter omfatter komplette boliger med k\u00f8kken, internet og eget badev\u00e6relse samt en f\u00e6lles tv-stue, hvor du kan slappe af. Privatliv og sikkerhed er altafg\u00f8rende for os, og derfor har vi otte private suiter, som hver is\u00e6r er udstyret, s\u00e5 du kan tage dig af dine klienter med total diskretion, komfort og hygiejne, hvilket garanterer en serviceoplevelse af h\u00f8jeste kvalitet i et helt sikkert milj\u00f8.   <\/p>\n<p>&nbsp;<\/p>\n<p style=\"text-align: justify;\">S\u00e5 hvis du er over 18 \u00e5r, har dine dokumenter i orden og er interesseret i at \u00f8ge din indkomst, h\u00e5ber vi, at du vil kontakte os lige nu!!! Du kan <strong>KONTAKTE<\/strong> os, bare klik p\u00e5 chat-ikonet nederst p\u00e5 din sk\u00e6rm, hvor vi vil hj\u00e6lpe dig med det samme.<\/p>\n<\/div><\/div>\n<\/div>\n<\/div>\n<\/div>\n\n<div class=\"et_pb_section_3 et_pb_section et_section_regular et_flex_section\">\n<div class=\"et_pb_row_4 et_pb_row et_flex_row\">\n<div class=\"et_pb_column_4 et_pb_column et-last-child et_flex_column et_pb_css_mix_blend_mode_passthrough et_flex_column_24_24 et_flex_column_24_24_tablet et_flex_column_24_24_phone\">\n<div class=\"et_pb_text_5 et_pb_text et_pb_bg_layout_light et_pb_module et_block_module\"><div class=\"et_pb_text_inner\"><p>HVORFOR OPRETTE EN PLADS HOS VELAZQUEZ24?<\/p>\n<\/div><\/div>\n<\/div>\n<\/div>\n\n<div class=\"et_pb_row_5 et_pb_row et_flex_row\">\n<div class=\"et_pb_column_5 et_pb_column et_flex_column et_pb_css_mix_blend_mode_passthrough et_flex_column_8_24 et_flex_column_8_24_tablet et_flex_column_24_24_phone\">\n<div class=\"et_pb_image_0 et_pb_image et_pb_module et_block_module\"><span class=\"et_pb_image_wrap\"><img decoding=\"async\" src=\"https:\/\/velazquez24.es\/wp-content\/uploads\/2025\/08\/Putas-a-domicilio-en-Malaga-las-24-horas.jpg\" width=\"96\" height=\"96\" srcset=\"https:\/\/velazquez24.es\/wp-content\/uploads\/2025\/08\/Putas-a-domicilio-en-Malaga-las-24-horas.jpg 96w\" sizes=\"(max-width: 96px) 100vw, 96px\" class=\"wp-image-227\" title=\"Putas a domicilio en M\u00e1laga las 24 horas\" alt=\"Putas a domicilio en M\u00e1laga las 24 horas\" \/><\/span><\/div>\n\n<div class=\"et_pb_text_6 et_pb_text et_pb_bg_layout_light et_pb_module et_block_module\"><div class=\"et_pb_text_inner\"><p>DEN MEST UDVALGTE KUNDEKREDS<\/p>\n<\/div><\/div>\n\n<div class=\"et_pb_text_7 et_pb_text et_pb_bg_layout_light et_pb_module et_block_module\"><div class=\"et_pb_text_inner\"><p>Med mere end to \u00e5rtiers erfaring har vi etableret os som det mest prestigefyldte og anerkendte bordel i M\u00e1laga. Vores solide omd\u00f8mme har gjort det muligt for os at f\u00e5 en udvalgt og loyal kundekreds, der har fuld tillid til kvaliteten af vores tjenester og vores h\u00f8je standarder. <\/p>\n<\/div><\/div>\n<\/div>\n\n<div class=\"et_pb_column_6 et_pb_column et_flex_column et_pb_css_mix_blend_mode_passthrough et_flex_column_8_24 et_flex_column_8_24_tablet et_flex_column_24_24_phone\">\n<div class=\"et_pb_image_1 et_pb_image et_pb_module et_block_module\"><span class=\"et_pb_image_wrap\"><img decoding=\"async\" src=\"https:\/\/velazquez24.es\/wp-content\/uploads\/2025\/08\/Servicio-escorts-en-Malaga-desde-2004.jpg\" width=\"96\" height=\"96\" srcset=\"https:\/\/velazquez24.es\/wp-content\/uploads\/2025\/08\/Servicio-escorts-en-Malaga-desde-2004.jpg 96w\" sizes=\"(max-width: 96px) 100vw, 96px\" class=\"wp-image-232\" title=\"Servicio escorts en M\u00e1laga desde 2004\" alt=\"Servicio escorts en M\u00e1laga desde 2004\" \/><\/span><\/div>\n\n<div class=\"et_pb_text_8 et_pb_text et_pb_bg_layout_light et_pb_module et_block_module\"><div class=\"et_pb_text_inner\"><p class=\"elementor-image-box-title\">HVORDAN DU OVERG\u00c5R DINE \u00d8KONOMISKE M\u00c5L<\/p>\n<\/div><\/div>\n\n<div class=\"et_pb_text_9 et_pb_text et_pb_bg_layout_light et_pb_module et_block_module\"><div class=\"et_pb_text_inner\"><p>Vores marketing- og reklameteam er fokuseret p\u00e5 at fremme din profil og \u00f8ge din synlighed. Med professionelle fotoshoots og en strategisk styring af dine annoncer garanterer vi, at du opn\u00e5r dine \u00f8konomiske m\u00e5l.   <\/p>\n<\/div><\/div>\n<\/div>\n\n<div class=\"et_pb_column_7 et_pb_column et-last-child et_flex_column et_pb_css_mix_blend_mode_passthrough et_flex_column_8_24 et_flex_column_8_24_tablet et_flex_column_24_24_phone\">\n<div class=\"et_pb_image_2 et_pb_image et_pb_module et_block_module\"><span class=\"et_pb_image_wrap\"><img decoding=\"async\" src=\"https:\/\/velazquez24.es\/wp-content\/uploads\/2025\/08\/Putas-a-domicilio-en-MalagaTorremolinosBenalmadena-y-Fuengirola.jpg\" width=\"96\" height=\"96\" srcset=\"https:\/\/velazquez24.es\/wp-content\/uploads\/2025\/08\/Putas-a-domicilio-en-MalagaTorremolinosBenalmadena-y-Fuengirola.jpg 96w\" sizes=\"(max-width: 96px) 100vw, 96px\" class=\"wp-image-229\" title=\"Putas a domicilio en M\u00e1laga,Torremolinos,Benalmadena y Fuengirola\" alt=\"Putas a domicilio en M\u00e1laga,Torremolinos,Benalmadena y Fuengirola\" \/><\/span><\/div>\n\n<div class=\"et_pb_text_10 et_pb_text et_pb_bg_layout_light et_pb_module et_block_module\"><div class=\"et_pb_text_inner\"><p>VORES FACILITETER<\/p>\n<\/div><\/div>\n\n<div class=\"et_pb_text_11 et_pb_text et_pb_bg_layout_light et_pb_module et_block_module\"><div class=\"et_pb_text_inner\"><p>Vores hovedfokus er dit velbefindende. Vi tilbyder et enest\u00e5ende arbejdsmilj\u00f8 med fuld indkvartering inklusive k\u00f8kken, internet og private badev\u00e6relser samt en tv-stue. For at sikre dit og dine aftalers privatliv har vi otte diskrete suiter, der er designet til, at du kan arbejde komfortabelt.  <\/p>\n<\/div><\/div>\n<\/div>\n<\/div>\n<\/div>","protected":false},"excerpt":{"rendered":"","protected":false},"author":1,"featured_media":0,"parent":0,"menu_order":0,"comment_status":"closed","ping_status":"closed","template":"","meta":{"_acf_changed":false,"footnotes":""},"class_list":["post-7417","page","type-page","status-publish","hentry"],"acf":[],"yoast_head":"<!-- This site is optimized with the Yoast SEO plugin v27.5 - https:\/\/yoast.com\/product\/yoast-seo-wordpress\/ -->\n<title>Arbejde som escort: +6000 euro per sted i Velazquez24<\/title>\n<meta name=\"description\" content=\"Velazquez24 tilbyder steder at arbejde som escortpige med indkomster p\u00e5 over 6000 euro pr. ophold. Mere end 20 \u00e5rs \u00e5benhed garanterer os.\" \/>\n<meta name=\"robots\" content=\"index, follow, max-snippet:-1, max-image-preview:large, max-video-preview:-1\" \/>\n<link rel=\"canonical\" href=\"https:\/\/velazquez24.es\/da\/escorts-steder\/\" \/>\n<meta property=\"og:locale\" content=\"da_DK\" \/>\n<meta property=\"og:type\" content=\"article\" \/>\n<meta property=\"og:title\" content=\"Arbejde som escort: +6000 euro per sted i Velazquez24\" \/>\n<meta property=\"og:description\" content=\"Velazquez24 tilbyder steder at arbejde som escortpige med indkomster p\u00e5 over 6000 euro pr. ophold. Mere end 20 \u00e5rs \u00e5benhed garanterer os.\" \/>\n<meta property=\"og:url\" content=\"https:\/\/velazquez24.es\/da\/escorts-steder\/\" \/>\n<meta property=\"og:site_name\" content=\"Velazquez24\" \/>\n<meta property=\"article:modified_time\" content=\"2026-03-08T19:23:32+00:00\" \/>\n<meta name=\"twitter:card\" content=\"summary_large_image\" \/>\n<script type=\"application\/ld+json\" class=\"yoast-schema-graph\">{\"@context\":\"https:\\\/\\\/schema.org\",\"@graph\":[{\"@type\":\"WebPage\",\"@id\":\"https:\\\/\\\/velazquez24.es\\\/da\\\/escorts-steder\\\/\",\"url\":\"https:\\\/\\\/velazquez24.es\\\/da\\\/escorts-steder\\\/\",\"name\":\"Arbejde som escort: +6000 euro per sted i Velazquez24\",\"isPartOf\":{\"@id\":\"https:\\\/\\\/velazquez24.lucusprueba.es\\\/en\\\/#website\"},\"datePublished\":\"2025-08-08T10:09:50+00:00\",\"dateModified\":\"2026-03-08T19:23:32+00:00\",\"description\":\"Velazquez24 tilbyder steder at arbejde som escortpige med indkomster p\u00e5 over 6000 euro pr. ophold. Mere end 20 \u00e5rs \u00e5benhed garanterer os.\",\"breadcrumb\":{\"@id\":\"https:\\\/\\\/velazquez24.es\\\/da\\\/escorts-steder\\\/#breadcrumb\"},\"inLanguage\":\"da-DK\",\"potentialAction\":[{\"@type\":\"ReadAction\",\"target\":[\"https:\\\/\\\/velazquez24.es\\\/da\\\/escorts-steder\\\/\"]}]},{\"@type\":\"BreadcrumbList\",\"@id\":\"https:\\\/\\\/velazquez24.es\\\/da\\\/escorts-steder\\\/#breadcrumb\",\"itemListElement\":[{\"@type\":\"ListItem\",\"position\":1,\"name\":\"Portada\",\"item\":\"https:\\\/\\\/velazquez24.es\\\/da\\\/\"},{\"@type\":\"ListItem\",\"position\":2,\"name\":\"Escorts steder\"}]},{\"@type\":\"WebSite\",\"@id\":\"https:\\\/\\\/velazquez24.lucusprueba.es\\\/en\\\/#website\",\"url\":\"https:\\\/\\\/velazquez24.lucusprueba.es\\\/en\\\/\",\"name\":\"Velazquez24.es\",\"description\":\"Velazquez24, agencia de chicas escorts en M\u00e1laga\",\"publisher\":{\"@id\":\"https:\\\/\\\/velazquez24.lucusprueba.es\\\/en\\\/#organization\"},\"alternateName\":\"Velazquez24\",\"potentialAction\":[{\"@type\":\"SearchAction\",\"target\":{\"@type\":\"EntryPoint\",\"urlTemplate\":\"https:\\\/\\\/velazquez24.lucusprueba.es\\\/en\\\/?s={search_term_string}\"},\"query-input\":{\"@type\":\"PropertyValueSpecification\",\"valueRequired\":true,\"valueName\":\"search_term_string\"}}],\"inLanguage\":\"da-DK\"},{\"@type\":\"Organization\",\"@id\":\"https:\\\/\\\/velazquez24.lucusprueba.es\\\/en\\\/#organization\",\"name\":\"Velazquez24\",\"url\":\"https:\\\/\\\/velazquez24.lucusprueba.es\\\/en\\\/\",\"logo\":{\"@type\":\"ImageObject\",\"inLanguage\":\"da-DK\",\"@id\":\"https:\\\/\\\/velazquez24.lucusprueba.es\\\/en\\\/#\\\/schema\\\/logo\\\/image\\\/\",\"url\":\"https:\\\/\\\/velazquez24.es\\\/wp-content\\\/uploads\\\/2025\\\/08\\\/velazquez_logo-1080.jpg\",\"contentUrl\":\"https:\\\/\\\/velazquez24.es\\\/wp-content\\\/uploads\\\/2025\\\/08\\\/velazquez_logo-1080.jpg\",\"width\":1080,\"height\":608,\"caption\":\"Velazquez24\"},\"image\":{\"@id\":\"https:\\\/\\\/velazquez24.lucusprueba.es\\\/en\\\/#\\\/schema\\\/logo\\\/image\\\/\"}}]}<\/script>\n<!-- \/ Yoast SEO plugin. -->","yoast_head_json":{"title":"Arbejde som escort: +6000 euro per sted i Velazquez24","description":"Velazquez24 tilbyder steder at arbejde som escortpige med indkomster p\u00e5 over 6000 euro pr. ophold. Mere end 20 \u00e5rs \u00e5benhed garanterer os.","robots":{"index":"index","follow":"follow","max-snippet":"max-snippet:-1","max-image-preview":"max-image-preview:large","max-video-preview":"max-video-preview:-1"},"canonical":"https:\/\/velazquez24.es\/da\/escorts-steder\/","og_locale":"da_DK","og_type":"article","og_title":"Arbejde som escort: +6000 euro per sted i Velazquez24","og_description":"Velazquez24 tilbyder steder at arbejde som escortpige med indkomster p\u00e5 over 6000 euro pr. ophold. Mere end 20 \u00e5rs \u00e5benhed garanterer os.","og_url":"https:\/\/velazquez24.es\/da\/escorts-steder\/","og_site_name":"Velazquez24","article_modified_time":"2026-03-08T19:23:32+00:00","twitter_card":"summary_large_image","schema":{"@context":"https:\/\/schema.org","@graph":[{"@type":"WebPage","@id":"https:\/\/velazquez24.es\/da\/escorts-steder\/","url":"https:\/\/velazquez24.es\/da\/escorts-steder\/","name":"Arbejde som escort: +6000 euro per sted i Velazquez24","isPartOf":{"@id":"https:\/\/velazquez24.lucusprueba.es\/en\/#website"},"datePublished":"2025-08-08T10:09:50+00:00","dateModified":"2026-03-08T19:23:32+00:00","description":"Velazquez24 tilbyder steder at arbejde som escortpige med indkomster p\u00e5 over 6000 euro pr. ophold. Mere end 20 \u00e5rs \u00e5benhed garanterer os.","breadcrumb":{"@id":"https:\/\/velazquez24.es\/da\/escorts-steder\/#breadcrumb"},"inLanguage":"da-DK","potentialAction":[{"@type":"ReadAction","target":["https:\/\/velazquez24.es\/da\/escorts-steder\/"]}]},{"@type":"BreadcrumbList","@id":"https:\/\/velazquez24.es\/da\/escorts-steder\/#breadcrumb","itemListElement":[{"@type":"ListItem","position":1,"name":"Portada","item":"https:\/\/velazquez24.es\/da\/"},{"@type":"ListItem","position":2,"name":"Escorts steder"}]},{"@type":"WebSite","@id":"https:\/\/velazquez24.lucusprueba.es\/en\/#website","url":"https:\/\/velazquez24.lucusprueba.es\/en\/","name":"Velazquez24.es","description":"Velazquez24, agencia de chicas escorts en M\u00e1laga","publisher":{"@id":"https:\/\/velazquez24.lucusprueba.es\/en\/#organization"},"alternateName":"Velazquez24","potentialAction":[{"@type":"SearchAction","target":{"@type":"EntryPoint","urlTemplate":"https:\/\/velazquez24.lucusprueba.es\/en\/?s={search_term_string}"},"query-input":{"@type":"PropertyValueSpecification","valueRequired":true,"valueName":"search_term_string"}}],"inLanguage":"da-DK"},{"@type":"Organization","@id":"https:\/\/velazquez24.lucusprueba.es\/en\/#organization","name":"Velazquez24","url":"https:\/\/velazquez24.lucusprueba.es\/en\/","logo":{"@type":"ImageObject","inLanguage":"da-DK","@id":"https:\/\/velazquez24.lucusprueba.es\/en\/#\/schema\/logo\/image\/","url":"https:\/\/velazquez24.es\/wp-content\/uploads\/2025\/08\/velazquez_logo-1080.jpg","contentUrl":"https:\/\/velazquez24.es\/wp-content\/uploads\/2025\/08\/velazquez_logo-1080.jpg","width":1080,"height":608,"caption":"Velazquez24"},"image":{"@id":"https:\/\/velazquez24.lucusprueba.es\/en\/#\/schema\/logo\/image\/"}}]}},"_links":{"self":[{"href":"https:\/\/velazquez24.es\/da\/wp-json\/wp\/v2\/pages\/7417","targetHints":{"allow":["GET"]}}],"collection":[{"href":"https:\/\/velazquez24.es\/da\/wp-json\/wp\/v2\/pages"}],"about":[{"href":"https:\/\/velazquez24.es\/da\/wp-json\/wp\/v2\/types\/page"}],"author":[{"embeddable":true,"href":"https:\/\/velazquez24.es\/da\/wp-json\/wp\/v2\/users\/1"}],"replies":[{"embeddable":true,"href":"https:\/\/velazquez24.es\/da\/wp-json\/wp\/v2\/comments?post=7417"}],"version-history":[{"count":0,"href":"https:\/\/velazquez24.es\/da\/wp-json\/wp\/v2\/pages\/7417\/revisions"}],"wp:attachment":[{"href":"https:\/\/velazquez24.es\/da\/wp-json\/wp\/v2\/media?parent=7417"}],"curies":[{"name":"wp","href":"https:\/\/api.w.org\/{rel}","templated":true}]}}