{"id":7425,"date":"2025-08-08T10:13:37","date_gmt":"2025-08-08T10:13:37","guid":{"rendered":"https:\/\/velazquez24.es\/kontakt-velazquez24\/"},"modified":"2026-03-08T19:23:38","modified_gmt":"2026-03-08T19:23:38","slug":"kontakt-velazquez24","status":"publish","type":"page","link":"https:\/\/velazquez24.es\/da\/kontakt-velazquez24\/","title":{"rendered":"Kontakt Velazquez24"},"content":{"rendered":"<div class=\"et_pb_section_0 et_pb_section et_section_regular et_flex_section\">\n<div class=\"et_pb_row_0 et_pb_row et_flex_row\">\n<div class=\"et_pb_column_0 et_pb_column et-last-child et_flex_column et_pb_css_mix_blend_mode_passthrough et_flex_column_24_24 et_flex_column_24_24_tablet et_flex_column_24_24_phone\">\n<div class=\"et_pb_text_0 et_pb_text et_pb_bg_layout_light et_pb_module et_block_module\"><div class=\"et_pb_text_inner\"><h1>KONTAKT<\/h1>\n<\/div><\/div>\n\n<div class=\"et_pb_text_1 et_pb_text et_pb_bg_layout_light et_pb_module et_block_module\"><div class=\"et_pb_text_inner\"><p style=\"text-align: justify;\">Hvis du har sp\u00f8rgsm\u00e5l, gerne vil lave en aftale med en af vores damer eller hellere vil have et hjemmebes\u00f8g p\u00e5 dit hotel eller i din private bolig, st\u00e5r vores receptionsteam til r\u00e5dighed for at hj\u00e6lpe dig. Vi hj\u00e6lper dig gerne 24 timer i d\u00f8gnet, 7 dage om ugen. <\/p>\n<p style=\"text-align: justify;\">Du kan kontakte vores bordel via f\u00f8lgende kanaler, der er designet til at give dig maksimal bekvemmelighed:<\/p>\n<p style=\"text-align: justify;\"><strong>Live Chat:<\/strong> Klik p\u00e5 chat-ikonet nederst p\u00e5 sk\u00e6rmen for at kommunikere direkte med vores receptionist. Hun vil tilbyde dig \u00f8jeblikkelig og personlig opm\u00e6rksomhed for at l\u00f8se dine sp\u00f8rgsm\u00e5l med det samme. Det er vigtigt at informere dig om, at hvis vi ikke svarer med det samme, er det fordi vi tager os af kunder, der allerede er i huset; vi beder om lidt t\u00e5lmodighed for at blive betjent. Du kan lade chatten v\u00e6re \u00e5ben, mens du venter, da vi giver dig besked med en lyd, n\u00e5r vi svarer dig.   <\/p>\n<p style=\"text-align: justify;\"><strong>Opkald:<\/strong> Vi vil med gl\u00e6de hj\u00e6lpe dig pr. telefon, vores +34636830060-linje er tilg\u00e6ngelig 24 timer i d\u00f8gnet.<\/p>\n<p style=\"text-align: justify;\"><strong>Beskeder:<\/strong> For dem, der foretr\u00e6kker skriftlig kommunikation, tilbyder vi mulighed for at sende beskeder via WhatsApp og Telegram, vores linje +34636830060 er i drift 24 timer i d\u00f8gnet.<\/p>\n<p style=\"text-align: justify;\"><strong><\/strong><\/p>\n<p style=\"text-align: justify;\"><strong>K\u00e6re kunde:<\/strong><\/p>\n<p style=\"text-align: justify;\">N\u00e5r du kontakter os via et af vores kommunikationsmidler, skal du huske p\u00e5 f\u00f8lgende: Den person, der svarer dig, er ikke en pige, der yder service til herrer, men en almindelig receptionist, s\u00e5 brug venligst et passende ordforr\u00e5d og en passende tone.<\/p>\n<p style=\"text-align: justify;\">Vores bureau har altid v\u00e6ret forpligtet til at bruge et respektfuldt ordforr\u00e5d og en respektfuld behandling mellem de klienter, der bes\u00f8ger os, og det personale, der er hos os.<\/p>\n<\/div><\/div>\n<\/div>\n<\/div>\n<\/div>","protected":false},"excerpt":{"rendered":"","protected":false},"author":1,"featured_media":0,"parent":0,"menu_order":0,"comment_status":"closed","ping_status":"closed","template":"","meta":{"_acf_changed":false,"footnotes":""},"class_list":["post-7425","page","type-page","status-publish","hentry"],"acf":[],"yoast_head":"<!-- This site is optimized with the Yoast SEO plugin v27.5 - https:\/\/yoast.com\/product\/yoast-seo-wordpress\/ -->\n<title>Kontakt med Velazquez24 | Vi tager h\u00e5nd om dig 24 timer i d\u00f8gnet.<\/title>\n<meta name=\"description\" content=\"Kontakt Velazquez24 via vores online chat, eller vi besvarer ogs\u00e5 opkald og WhatsApp p\u00e5 +34636830060\" \/>\n<meta name=\"robots\" content=\"index, follow, max-snippet:-1, max-image-preview:large, max-video-preview:-1\" \/>\n<link rel=\"canonical\" href=\"https:\/\/velazquez24.es\/da\/kontakt-velazquez24\/\" \/>\n<meta property=\"og:locale\" content=\"da_DK\" \/>\n<meta property=\"og:type\" content=\"article\" \/>\n<meta property=\"og:title\" content=\"Kontakt med Velazquez24 | Vi tager h\u00e5nd om dig 24 timer i d\u00f8gnet.\" \/>\n<meta property=\"og:description\" content=\"Kontakt Velazquez24 via vores online chat, eller vi besvarer ogs\u00e5 opkald og WhatsApp p\u00e5 +34636830060\" \/>\n<meta property=\"og:url\" content=\"https:\/\/velazquez24.es\/da\/kontakt-velazquez24\/\" \/>\n<meta property=\"og:site_name\" content=\"Velazquez24\" \/>\n<meta property=\"article:modified_time\" content=\"2026-03-08T19:23:38+00:00\" \/>\n<meta name=\"twitter:card\" content=\"summary_large_image\" \/>\n<script type=\"application\/ld+json\" class=\"yoast-schema-graph\">{\"@context\":\"https:\\\/\\\/schema.org\",\"@graph\":[{\"@type\":\"WebPage\",\"@id\":\"https:\\\/\\\/velazquez24.es\\\/da\\\/kontakt-velazquez24\\\/\",\"url\":\"https:\\\/\\\/velazquez24.es\\\/da\\\/kontakt-velazquez24\\\/\",\"name\":\"Kontakt med Velazquez24 | Vi tager h\u00e5nd om dig 24 timer i d\u00f8gnet.\",\"isPartOf\":{\"@id\":\"https:\\\/\\\/velazquez24.lucusprueba.es\\\/en\\\/#website\"},\"datePublished\":\"2025-08-08T10:13:37+00:00\",\"dateModified\":\"2026-03-08T19:23:38+00:00\",\"description\":\"Kontakt Velazquez24 via vores online chat, eller vi besvarer ogs\u00e5 opkald og WhatsApp p\u00e5 +34636830060\",\"breadcrumb\":{\"@id\":\"https:\\\/\\\/velazquez24.es\\\/da\\\/kontakt-velazquez24\\\/#breadcrumb\"},\"inLanguage\":\"da-DK\",\"potentialAction\":[{\"@type\":\"ReadAction\",\"target\":[\"https:\\\/\\\/velazquez24.es\\\/da\\\/kontakt-velazquez24\\\/\"]}]},{\"@type\":\"BreadcrumbList\",\"@id\":\"https:\\\/\\\/velazquez24.es\\\/da\\\/kontakt-velazquez24\\\/#breadcrumb\",\"itemListElement\":[{\"@type\":\"ListItem\",\"position\":1,\"name\":\"Portada\",\"item\":\"https:\\\/\\\/velazquez24.es\\\/da\\\/\"},{\"@type\":\"ListItem\",\"position\":2,\"name\":\"Kontakt Velazquez24\"}]},{\"@type\":\"WebSite\",\"@id\":\"https:\\\/\\\/velazquez24.lucusprueba.es\\\/en\\\/#website\",\"url\":\"https:\\\/\\\/velazquez24.lucusprueba.es\\\/en\\\/\",\"name\":\"Velazquez24.es\",\"description\":\"Velazquez24, agencia de chicas escorts en M\u00e1laga\",\"publisher\":{\"@id\":\"https:\\\/\\\/velazquez24.lucusprueba.es\\\/en\\\/#organization\"},\"alternateName\":\"Velazquez24\",\"potentialAction\":[{\"@type\":\"SearchAction\",\"target\":{\"@type\":\"EntryPoint\",\"urlTemplate\":\"https:\\\/\\\/velazquez24.lucusprueba.es\\\/en\\\/?s={search_term_string}\"},\"query-input\":{\"@type\":\"PropertyValueSpecification\",\"valueRequired\":true,\"valueName\":\"search_term_string\"}}],\"inLanguage\":\"da-DK\"},{\"@type\":\"Organization\",\"@id\":\"https:\\\/\\\/velazquez24.lucusprueba.es\\\/en\\\/#organization\",\"name\":\"Velazquez24\",\"url\":\"https:\\\/\\\/velazquez24.lucusprueba.es\\\/en\\\/\",\"logo\":{\"@type\":\"ImageObject\",\"inLanguage\":\"da-DK\",\"@id\":\"https:\\\/\\\/velazquez24.lucusprueba.es\\\/en\\\/#\\\/schema\\\/logo\\\/image\\\/\",\"url\":\"https:\\\/\\\/velazquez24.es\\\/wp-content\\\/uploads\\\/2025\\\/08\\\/velazquez_logo-1080.jpg\",\"contentUrl\":\"https:\\\/\\\/velazquez24.es\\\/wp-content\\\/uploads\\\/2025\\\/08\\\/velazquez_logo-1080.jpg\",\"width\":1080,\"height\":608,\"caption\":\"Velazquez24\"},\"image\":{\"@id\":\"https:\\\/\\\/velazquez24.lucusprueba.es\\\/en\\\/#\\\/schema\\\/logo\\\/image\\\/\"}}]}<\/script>\n<!-- \/ Yoast SEO plugin. -->","yoast_head_json":{"title":"Kontakt med Velazquez24 | Vi tager h\u00e5nd om dig 24 timer i d\u00f8gnet.","description":"Kontakt Velazquez24 via vores online chat, eller vi besvarer ogs\u00e5 opkald og WhatsApp p\u00e5 +34636830060","robots":{"index":"index","follow":"follow","max-snippet":"max-snippet:-1","max-image-preview":"max-image-preview:large","max-video-preview":"max-video-preview:-1"},"canonical":"https:\/\/velazquez24.es\/da\/kontakt-velazquez24\/","og_locale":"da_DK","og_type":"article","og_title":"Kontakt med Velazquez24 | Vi tager h\u00e5nd om dig 24 timer i d\u00f8gnet.","og_description":"Kontakt Velazquez24 via vores online chat, eller vi besvarer ogs\u00e5 opkald og WhatsApp p\u00e5 +34636830060","og_url":"https:\/\/velazquez24.es\/da\/kontakt-velazquez24\/","og_site_name":"Velazquez24","article_modified_time":"2026-03-08T19:23:38+00:00","twitter_card":"summary_large_image","schema":{"@context":"https:\/\/schema.org","@graph":[{"@type":"WebPage","@id":"https:\/\/velazquez24.es\/da\/kontakt-velazquez24\/","url":"https:\/\/velazquez24.es\/da\/kontakt-velazquez24\/","name":"Kontakt med Velazquez24 | Vi tager h\u00e5nd om dig 24 timer i d\u00f8gnet.","isPartOf":{"@id":"https:\/\/velazquez24.lucusprueba.es\/en\/#website"},"datePublished":"2025-08-08T10:13:37+00:00","dateModified":"2026-03-08T19:23:38+00:00","description":"Kontakt Velazquez24 via vores online chat, eller vi besvarer ogs\u00e5 opkald og WhatsApp p\u00e5 +34636830060","breadcrumb":{"@id":"https:\/\/velazquez24.es\/da\/kontakt-velazquez24\/#breadcrumb"},"inLanguage":"da-DK","potentialAction":[{"@type":"ReadAction","target":["https:\/\/velazquez24.es\/da\/kontakt-velazquez24\/"]}]},{"@type":"BreadcrumbList","@id":"https:\/\/velazquez24.es\/da\/kontakt-velazquez24\/#breadcrumb","itemListElement":[{"@type":"ListItem","position":1,"name":"Portada","item":"https:\/\/velazquez24.es\/da\/"},{"@type":"ListItem","position":2,"name":"Kontakt Velazquez24"}]},{"@type":"WebSite","@id":"https:\/\/velazquez24.lucusprueba.es\/en\/#website","url":"https:\/\/velazquez24.lucusprueba.es\/en\/","name":"Velazquez24.es","description":"Velazquez24, agencia de chicas escorts en M\u00e1laga","publisher":{"@id":"https:\/\/velazquez24.lucusprueba.es\/en\/#organization"},"alternateName":"Velazquez24","potentialAction":[{"@type":"SearchAction","target":{"@type":"EntryPoint","urlTemplate":"https:\/\/velazquez24.lucusprueba.es\/en\/?s={search_term_string}"},"query-input":{"@type":"PropertyValueSpecification","valueRequired":true,"valueName":"search_term_string"}}],"inLanguage":"da-DK"},{"@type":"Organization","@id":"https:\/\/velazquez24.lucusprueba.es\/en\/#organization","name":"Velazquez24","url":"https:\/\/velazquez24.lucusprueba.es\/en\/","logo":{"@type":"ImageObject","inLanguage":"da-DK","@id":"https:\/\/velazquez24.lucusprueba.es\/en\/#\/schema\/logo\/image\/","url":"https:\/\/velazquez24.es\/wp-content\/uploads\/2025\/08\/velazquez_logo-1080.jpg","contentUrl":"https:\/\/velazquez24.es\/wp-content\/uploads\/2025\/08\/velazquez_logo-1080.jpg","width":1080,"height":608,"caption":"Velazquez24"},"image":{"@id":"https:\/\/velazquez24.lucusprueba.es\/en\/#\/schema\/logo\/image\/"}}]}},"_links":{"self":[{"href":"https:\/\/velazquez24.es\/da\/wp-json\/wp\/v2\/pages\/7425","targetHints":{"allow":["GET"]}}],"collection":[{"href":"https:\/\/velazquez24.es\/da\/wp-json\/wp\/v2\/pages"}],"about":[{"href":"https:\/\/velazquez24.es\/da\/wp-json\/wp\/v2\/types\/page"}],"author":[{"embeddable":true,"href":"https:\/\/velazquez24.es\/da\/wp-json\/wp\/v2\/users\/1"}],"replies":[{"embeddable":true,"href":"https:\/\/velazquez24.es\/da\/wp-json\/wp\/v2\/comments?post=7425"}],"version-history":[{"count":0,"href":"https:\/\/velazquez24.es\/da\/wp-json\/wp\/v2\/pages\/7425\/revisions"}],"wp:attachment":[{"href":"https:\/\/velazquez24.es\/da\/wp-json\/wp\/v2\/media?parent=7425"}],"curies":[{"name":"wp","href":"https:\/\/api.w.org\/{rel}","templated":true}]}}