{"id":6045,"date":"2025-08-08T10:09:50","date_gmt":"2025-08-08T10:09:50","guid":{"rendered":"https:\/\/velazquez24.es\/escorts-orte\/"},"modified":"2026-03-08T03:12:07","modified_gmt":"2026-03-08T03:12:07","slug":"escorts-orte","status":"publish","type":"page","link":"https:\/\/velazquez24.es\/de\/escorts-orte\/","title":{"rendered":"Escorts Orte"},"content":{"rendered":"<div class=\"et_pb_section_0 et_pb_section et_section_regular et_flex_section\">\n<div class=\"et_pb_row_0 et_pb_row et_flex_row\">\n<div class=\"et_pb_column_0 et_pb_column et-last-child et_flex_column et_pb_css_mix_blend_mode_passthrough et_flex_column_24_24 et_flex_column_24_24_tablet et_flex_column_24_24_phone\">\n<div class=\"et_pb_text_0 et_pb_text et_pb_bg_layout_light et_pb_module et_block_module\"><div class=\"et_pb_text_inner\"><h1>ARBEIT F\u00dcR ESCORTS<\/h1>\n<\/div><\/div>\n\n<div class=\"et_pb_text_1 et_pb_text et_pb_bg_layout_light et_pb_module et_block_module\"><div class=\"et_pb_text_inner\"><h2>Seit 2004 bieten wir die besten Pl\u00e4tze f\u00fcr Escorts<\/h2>\n<\/div><\/div>\n<\/div>\n<\/div>\n<\/div>\n\n<div class=\"et_pb_section_1 et_pb_section et_section_regular et_flex_section\">\n<div class=\"et_pb_row_1 et_pb_row et_flex_row\">\n<div class=\"et_pb_column_1 et_pb_column et-last-child et_flex_column et_pb_css_mix_blend_mode_passthrough et_flex_column_24_24 et_flex_column_24_24_tablet et_flex_column_24_24_phone\">\n<div class=\"et_pb_text_2 et_pb_text et_pb_bg_layout_light et_pb_module et_block_module\"><div class=\"et_pb_text_inner\"><p style=\"text-align: center;\"><span style=\"color: #ffffff;\">24 STUNDEN AM TAG UND JEDEN TAG GE\u00d6FFNET<\/span><\/p>\n<\/div><\/div>\n<\/div>\n<\/div>\n<\/div>\n\n<div class=\"et_pb_section_2 et_pb_section et_section_regular et_flex_section\">\n<div class=\"et_pb_row_2 et_pb_row et_flex_row\">\n<div class=\"et_pb_column_2 et_pb_column et-last-child et_flex_column et_pb_css_mix_blend_mode_passthrough et_flex_column_24_24 et_flex_column_24_24_tablet et_flex_column_24_24_phone\">\n<div class=\"et_pb_text_3 et_pb_text et_pb_bg_layout_light et_pb_module et_block_module\"><div class=\"et_pb_text_inner\"><p><strong>WAS WIR IHNEN BEI VELAZQUEZ24 BIETEN K\u00d6NNEN<\/strong><\/p>\n<\/div><\/div>\n<\/div>\n<\/div>\n\n<div class=\"et_pb_row_3 et_pb_row et_flex_row\">\n<div class=\"et_pb_column_3 et_pb_column et-last-child et_flex_column et_pb_css_mix_blend_mode_passthrough et_flex_column_24_24 et_flex_column_24_24_tablet et_flex_column_24_24_phone\">\n<div class=\"et_pb_text_4 et_pb_text et_pb_bg_layout_light et_pb_module et_block_module\"><div class=\"et_pb_text_inner\"><p style=\"text-align: justify;\">Wenn Sie auf der Suche nach einer kostenlosen 24-Stunden- oder stundenweisen Anstellung als Escort Girl sind, k\u00f6nnen wir Ihnen anbieten, Teil des besten Teams zu werden, das das exklusivste Bordell im Zentrum von M\u00e1laga ausmacht.<\/p>\n<p style=\"text-align: justify;\">Setzen Sie sich gleich mit uns in Verbindung und wir sagen Ihnen, wie Sie Ihre Dienste anbieten k\u00f6nnen und welche Eigenschaften und Vorteile Sie erhalten, wenn Sie zu unserem Team geh\u00f6ren.<\/p>\n<p style=\"text-align: center;\"><strong>UNSER RUF  <\/strong><\/p>\n<p style=\"text-align: justify;\">Mit einer Erfolgsgeschichte von mehr als zwei Jahrzehnten haben wir uns als die renommierteste und anerkannteste Bordell-Agentur der Stadt M\u00e1laga etabliert. In diesen 20 Jahren haben wir uns einen soliden Ruf aufgebaut, der auf Diskretion, Professionalit\u00e4t und exzellentem Service beruht. Das garantiert uns die erlesenste und treueste Kundschaft der Stadt, die auf unsere F\u00e4higkeit vertraut, qualitativ hochwertige Erfahrungen zu bieten und die h\u00f6chsten Standards einzuhalten. <\/p>\n<p style=\"text-align: center;\"><strong>MARKETING TEAM<\/strong><\/p>\n<p style=\"text-align: justify;\">Als Agentur verf\u00fcgen wir \u00fcber ein eigenes Marketing- und Werbeteam, das sich um die Verwaltung und F\u00f6rderung Ihrer Anzeigen und Fotos k\u00fcmmert, damit Sie bei unseren Kunden und Nutzern bekannt werden und auf diese Weise das Erreichen Ihrer wirtschaftlichen Ziele garantieren. Unsere Kunden sind sehr ausgew\u00e4hlt und wir arbeiten mit den besten Hotelketten der Provinz zusammen, um unseren Begleitservice anbieten zu k\u00f6nnen. <\/p>\n<p style=\"text-align: center;\"><strong>VORTEILE EINER MITGLIEDSCHAFT IN UNSEREM TEAM<\/strong><\/p>\n<p style=\"text-align: justify;\">Wenn Sie unserem Team beitreten, erhalten Sie ein professionelles Fotoshooting, das unser Marketing- und Werbeteam nutzen wird, um Ihr Profil zu bewerben.<\/p>\n<p style=\"text-align: justify;\">Was Ihren Einsatz betrifft, so bieten wir Ihnen an, was immer Sie brauchen, 24 Stunden mit einer Dauer von 1 bis 3 Wochen oder einen bestimmten Zeitplan von Montag bis Freitag. Aber am wichtigsten ist .... <\/p>\n<p style=\"text-align: center;\"><em><u>\"IN DIESEM HAUS BERECHNEN SIE DEN KUNDEN, DAMIT SIE IMMER IHR GELD IN DER HAND HABEN\".<\/u><\/em><\/p>\n<p style=\"text-align: justify;\">In unserem Haus stehen Ihr Wohlbefinden und Ihr Komfort im Vordergrund. Wir bieten Ihnen eine unschlagbare Arbeitsumgebung, in der Sie sich wie zu Hause f\u00fchlen. Zu unseren Einrichtungen geh\u00f6ren komplette Unterk\u00fcnfte, die mit K\u00fcche, Internet und eigenen Badezimmern ausgestattet sind, sowie ein gemeinschaftlicher Fernsehraum f\u00fcr Ihre Momente der Ruhe und Entspannung. Privatsph\u00e4re und Sicherheit stehen f\u00fcr uns an erster Stelle. Deshalb verf\u00fcgen wir \u00fcber acht private Suiten, die so ausgestattet sind, dass Sie Ihre Kunden mit absoluter Diskretion, Komfort und Hygiene betreuen k\u00f6nnen, und die Ihnen die beste Servicequalit\u00e4t in einer absolut sicheren Umgebung garantieren.   <\/p>\n<p>&nbsp;<\/p>\n<p style=\"text-align: justify;\">Wenn Sie also \u00fcber 18 Jahre alt sind, Ihre Dokumente in Ordnung haben und daran interessiert sind, Ihr Einkommen zu erh\u00f6hen, hoffen wir, dass Sie sich jetzt mit uns in Verbindung setzen!!! Sie k\u00f6nnen <strong>sich mit<\/strong> uns <strong>in Verbindung setzen<\/strong>, klicken Sie einfach auf das Chat-Symbol am unteren Rand Ihres Bildschirms, wo wir Ihnen sofort weiterhelfen werden.<\/p>\n<\/div><\/div>\n<\/div>\n<\/div>\n<\/div>\n\n<div class=\"et_pb_section_3 et_pb_section et_section_regular et_flex_section\">\n<div class=\"et_pb_row_4 et_pb_row et_flex_row\">\n<div class=\"et_pb_column_4 et_pb_column et-last-child et_flex_column et_pb_css_mix_blend_mode_passthrough et_flex_column_24_24 et_flex_column_24_24_tablet et_flex_column_24_24_phone\">\n<div class=\"et_pb_text_5 et_pb_text et_pb_bg_layout_light et_pb_module et_block_module\"><div class=\"et_pb_text_inner\"><p>WARUM EINEN PLATZ IN VELAZQUEZ24 SCHAFFEN<\/p>\n<\/div><\/div>\n<\/div>\n<\/div>\n\n<div class=\"et_pb_row_5 et_pb_row et_flex_row\">\n<div class=\"et_pb_column_5 et_pb_column et_flex_column et_pb_css_mix_blend_mode_passthrough et_flex_column_8_24 et_flex_column_8_24_tablet et_flex_column_24_24_phone\">\n<div class=\"et_pb_image_0 et_pb_image et_pb_module et_block_module\"><span class=\"et_pb_image_wrap\"><img decoding=\"async\" src=\"https:\/\/velazquez24.es\/wp-content\/uploads\/2025\/08\/Putas-a-domicilio-en-Malaga-las-24-horas.jpg\" width=\"96\" height=\"96\" srcset=\"https:\/\/velazquez24.es\/wp-content\/uploads\/2025\/08\/Putas-a-domicilio-en-Malaga-las-24-horas.jpg 96w\" sizes=\"(max-width: 96px) 100vw, 96px\" class=\"wp-image-227\" title=\"Putas a domicilio en M\u00e1laga las 24 horas\" alt=\"Putas a domicilio en M\u00e1laga las 24 horas\" \/><\/span><\/div>\n\n<div class=\"et_pb_text_6 et_pb_text et_pb_bg_layout_light et_pb_module et_block_module\"><div class=\"et_pb_text_inner\"><p>DIE ERLESENSTE KUNDSCHAFT<\/p>\n<\/div><\/div>\n\n<div class=\"et_pb_text_7 et_pb_text et_pb_bg_layout_light et_pb_module et_block_module\"><div class=\"et_pb_text_inner\"><p>Mit mehr als zwei Jahrzehnten Erfahrung haben wir uns als das renommierteste und anerkannteste Bordell in M\u00e1laga etabliert. Unser guter Ruf hat es uns erm\u00f6glicht, eine erlesene und treue Kundschaft zu gewinnen, die volles Vertrauen in die Qualit\u00e4t unserer Dienstleistungen und unsere hohen Standards hat. <\/p>\n<\/div><\/div>\n<\/div>\n\n<div class=\"et_pb_column_6 et_pb_column et_flex_column et_pb_css_mix_blend_mode_passthrough et_flex_column_8_24 et_flex_column_8_24_tablet et_flex_column_24_24_phone\">\n<div class=\"et_pb_image_1 et_pb_image et_pb_module et_block_module\"><span class=\"et_pb_image_wrap\"><img decoding=\"async\" src=\"https:\/\/velazquez24.es\/wp-content\/uploads\/2025\/08\/Servicio-escorts-en-Malaga-desde-2004.jpg\" width=\"96\" height=\"96\" srcset=\"https:\/\/velazquez24.es\/wp-content\/uploads\/2025\/08\/Servicio-escorts-en-Malaga-desde-2004.jpg 96w\" sizes=\"(max-width: 96px) 100vw, 96px\" class=\"wp-image-232\" title=\"Servicio escorts en M\u00e1laga desde 2004\" alt=\"Servicio escorts en M\u00e1laga desde 2004\" \/><\/span><\/div>\n\n<div class=\"et_pb_text_8 et_pb_text et_pb_bg_layout_light et_pb_module et_block_module\"><div class=\"et_pb_text_inner\"><p class=\"elementor-image-box-title\">WIE SIE IHRE FINANZIELLEN ZIELE \u00dcBERTREFFEN K\u00d6NNEN<\/p>\n<\/div><\/div>\n\n<div class=\"et_pb_text_9 et_pb_text et_pb_bg_layout_light et_pb_module et_block_module\"><div class=\"et_pb_text_inner\"><p>Unser Marketing- und Werbeteam konzentriert sich darauf, Ihr Profil zu f\u00f6rdern und Ihre Sichtbarkeit zu erh\u00f6hen. Mit professionellen Fotoshootings und einem strategischen Management Ihrer Anzeigen garantieren wir Ihnen das Erreichen Ihrer wirtschaftlichen Ziele.   <\/p>\n<\/div><\/div>\n<\/div>\n\n<div class=\"et_pb_column_7 et_pb_column et-last-child et_flex_column et_pb_css_mix_blend_mode_passthrough et_flex_column_8_24 et_flex_column_8_24_tablet et_flex_column_24_24_phone\">\n<div class=\"et_pb_image_2 et_pb_image et_pb_module et_block_module\"><span class=\"et_pb_image_wrap\"><img decoding=\"async\" src=\"https:\/\/velazquez24.es\/wp-content\/uploads\/2025\/08\/Putas-a-domicilio-en-MalagaTorremolinosBenalmadena-y-Fuengirola.jpg\" width=\"96\" height=\"96\" srcset=\"https:\/\/velazquez24.es\/wp-content\/uploads\/2025\/08\/Putas-a-domicilio-en-MalagaTorremolinosBenalmadena-y-Fuengirola.jpg 96w\" sizes=\"(max-width: 96px) 100vw, 96px\" class=\"wp-image-229\" title=\"Putas a domicilio en M\u00e1laga,Torremolinos,Benalmadena y Fuengirola\" alt=\"Putas a domicilio en M\u00e1laga,Torremolinos,Benalmadena y Fuengirola\" \/><\/span><\/div>\n\n<div class=\"et_pb_text_10 et_pb_text et_pb_bg_layout_light et_pb_module et_block_module\"><div class=\"et_pb_text_inner\"><p>UNSERE EINRICHTUNGEN<\/p>\n<\/div><\/div>\n\n<div class=\"et_pb_text_11 et_pb_text et_pb_bg_layout_light et_pb_module et_block_module\"><div class=\"et_pb_text_inner\"><p>Unser Hauptaugenmerk liegt auf Ihrem Wohlbefinden. Wir bieten Ihnen eine au\u00dfergew\u00f6hnliche Arbeitsumgebung mit kompletter Unterbringung einschlie\u00dflich K\u00fcche, Internet und eigenem Bad sowie einer TV-Lounge. Um Ihre Privatsph\u00e4re und die Ihrer Termine zu gew\u00e4hrleisten, verf\u00fcgen wir \u00fcber acht diskrete Suiten, in denen Sie bequem arbeiten k\u00f6nnen.  <\/p>\n<\/div><\/div>\n<\/div>\n<\/div>\n<\/div>","protected":false},"excerpt":{"rendered":"","protected":false},"author":1,"featured_media":0,"parent":0,"menu_order":0,"comment_status":"closed","ping_status":"closed","template":"","meta":{"_acf_changed":false,"footnotes":""},"class_list":["post-6045","page","type-page","status-publish","hentry"],"acf":[],"yoast_head":"<!-- This site is optimized with the Yoast SEO plugin v27.5 - https:\/\/yoast.com\/product\/yoast-seo-wordpress\/ -->\n<title>Arbeit als escort : +6000 Euro pro Stelle in Velazquez24<\/title>\n<meta name=\"description\" content=\"Velazquez24 bietet Ihnen die M\u00f6glichkeit, als Escort Girl zu arbeiten, mit einem Einkommen von \u00fcber 6000 Euro pro Aufenthalt. Mehr als 20 Jahre Offenheit garantieren uns.\" \/>\n<meta name=\"robots\" content=\"index, follow, max-snippet:-1, max-image-preview:large, max-video-preview:-1\" \/>\n<link rel=\"canonical\" href=\"https:\/\/velazquez24.es\/de\/escorts-orte\/\" \/>\n<meta property=\"og:locale\" content=\"de_DE\" \/>\n<meta property=\"og:type\" content=\"article\" \/>\n<meta property=\"og:title\" content=\"Arbeit als escort : +6000 Euro pro Stelle in Velazquez24\" \/>\n<meta property=\"og:description\" content=\"Velazquez24 bietet Ihnen die M\u00f6glichkeit, als Escort Girl zu arbeiten, mit einem Einkommen von \u00fcber 6000 Euro pro Aufenthalt. Mehr als 20 Jahre Offenheit garantieren uns.\" \/>\n<meta property=\"og:url\" content=\"https:\/\/velazquez24.es\/de\/escorts-orte\/\" \/>\n<meta property=\"og:site_name\" content=\"Velazquez24\" \/>\n<meta property=\"article:modified_time\" content=\"2026-03-08T03:12:07+00:00\" \/>\n<meta name=\"twitter:card\" content=\"summary_large_image\" \/>\n<script type=\"application\/ld+json\" class=\"yoast-schema-graph\">{\"@context\":\"https:\\\/\\\/schema.org\",\"@graph\":[{\"@type\":\"WebPage\",\"@id\":\"https:\\\/\\\/velazquez24.es\\\/de\\\/escorts-orte\\\/\",\"url\":\"https:\\\/\\\/velazquez24.es\\\/de\\\/escorts-orte\\\/\",\"name\":\"Arbeit als escort : +6000 Euro pro Stelle in Velazquez24\",\"isPartOf\":{\"@id\":\"https:\\\/\\\/velazquez24.lucusprueba.es\\\/en\\\/#website\"},\"datePublished\":\"2025-08-08T10:09:50+00:00\",\"dateModified\":\"2026-03-08T03:12:07+00:00\",\"description\":\"Velazquez24 bietet Ihnen die M\u00f6glichkeit, als Escort Girl zu arbeiten, mit einem Einkommen von \u00fcber 6000 Euro pro Aufenthalt. Mehr als 20 Jahre Offenheit garantieren uns.\",\"breadcrumb\":{\"@id\":\"https:\\\/\\\/velazquez24.es\\\/de\\\/escorts-orte\\\/#breadcrumb\"},\"inLanguage\":\"de\",\"potentialAction\":[{\"@type\":\"ReadAction\",\"target\":[\"https:\\\/\\\/velazquez24.es\\\/de\\\/escorts-orte\\\/\"]}]},{\"@type\":\"BreadcrumbList\",\"@id\":\"https:\\\/\\\/velazquez24.es\\\/de\\\/escorts-orte\\\/#breadcrumb\",\"itemListElement\":[{\"@type\":\"ListItem\",\"position\":1,\"name\":\"Portada\",\"item\":\"https:\\\/\\\/velazquez24.es\\\/de\\\/\"},{\"@type\":\"ListItem\",\"position\":2,\"name\":\"Escorts Orte\"}]},{\"@type\":\"WebSite\",\"@id\":\"https:\\\/\\\/velazquez24.lucusprueba.es\\\/en\\\/#website\",\"url\":\"https:\\\/\\\/velazquez24.lucusprueba.es\\\/en\\\/\",\"name\":\"Velazquez24.es\",\"description\":\"Velazquez24, agencia de chicas escorts en M\u00e1laga\",\"publisher\":{\"@id\":\"https:\\\/\\\/velazquez24.lucusprueba.es\\\/en\\\/#organization\"},\"alternateName\":\"Velazquez24\",\"potentialAction\":[{\"@type\":\"SearchAction\",\"target\":{\"@type\":\"EntryPoint\",\"urlTemplate\":\"https:\\\/\\\/velazquez24.lucusprueba.es\\\/en\\\/?s={search_term_string}\"},\"query-input\":{\"@type\":\"PropertyValueSpecification\",\"valueRequired\":true,\"valueName\":\"search_term_string\"}}],\"inLanguage\":\"de\"},{\"@type\":\"Organization\",\"@id\":\"https:\\\/\\\/velazquez24.lucusprueba.es\\\/en\\\/#organization\",\"name\":\"Velazquez24\",\"url\":\"https:\\\/\\\/velazquez24.lucusprueba.es\\\/en\\\/\",\"logo\":{\"@type\":\"ImageObject\",\"inLanguage\":\"de\",\"@id\":\"https:\\\/\\\/velazquez24.lucusprueba.es\\\/en\\\/#\\\/schema\\\/logo\\\/image\\\/\",\"url\":\"https:\\\/\\\/velazquez24.es\\\/wp-content\\\/uploads\\\/2025\\\/08\\\/velazquez_logo-1080.jpg\",\"contentUrl\":\"https:\\\/\\\/velazquez24.es\\\/wp-content\\\/uploads\\\/2025\\\/08\\\/velazquez_logo-1080.jpg\",\"width\":1080,\"height\":608,\"caption\":\"Velazquez24\"},\"image\":{\"@id\":\"https:\\\/\\\/velazquez24.lucusprueba.es\\\/en\\\/#\\\/schema\\\/logo\\\/image\\\/\"}}]}<\/script>\n<!-- \/ Yoast SEO plugin. -->","yoast_head_json":{"title":"Arbeit als escort : +6000 Euro pro Stelle in Velazquez24","description":"Velazquez24 bietet Ihnen die M\u00f6glichkeit, als Escort Girl zu arbeiten, mit einem Einkommen von \u00fcber 6000 Euro pro Aufenthalt. Mehr als 20 Jahre Offenheit garantieren uns.","robots":{"index":"index","follow":"follow","max-snippet":"max-snippet:-1","max-image-preview":"max-image-preview:large","max-video-preview":"max-video-preview:-1"},"canonical":"https:\/\/velazquez24.es\/de\/escorts-orte\/","og_locale":"de_DE","og_type":"article","og_title":"Arbeit als escort : +6000 Euro pro Stelle in Velazquez24","og_description":"Velazquez24 bietet Ihnen die M\u00f6glichkeit, als Escort Girl zu arbeiten, mit einem Einkommen von \u00fcber 6000 Euro pro Aufenthalt. Mehr als 20 Jahre Offenheit garantieren uns.","og_url":"https:\/\/velazquez24.es\/de\/escorts-orte\/","og_site_name":"Velazquez24","article_modified_time":"2026-03-08T03:12:07+00:00","twitter_card":"summary_large_image","schema":{"@context":"https:\/\/schema.org","@graph":[{"@type":"WebPage","@id":"https:\/\/velazquez24.es\/de\/escorts-orte\/","url":"https:\/\/velazquez24.es\/de\/escorts-orte\/","name":"Arbeit als escort : +6000 Euro pro Stelle in Velazquez24","isPartOf":{"@id":"https:\/\/velazquez24.lucusprueba.es\/en\/#website"},"datePublished":"2025-08-08T10:09:50+00:00","dateModified":"2026-03-08T03:12:07+00:00","description":"Velazquez24 bietet Ihnen die M\u00f6glichkeit, als Escort Girl zu arbeiten, mit einem Einkommen von \u00fcber 6000 Euro pro Aufenthalt. Mehr als 20 Jahre Offenheit garantieren uns.","breadcrumb":{"@id":"https:\/\/velazquez24.es\/de\/escorts-orte\/#breadcrumb"},"inLanguage":"de","potentialAction":[{"@type":"ReadAction","target":["https:\/\/velazquez24.es\/de\/escorts-orte\/"]}]},{"@type":"BreadcrumbList","@id":"https:\/\/velazquez24.es\/de\/escorts-orte\/#breadcrumb","itemListElement":[{"@type":"ListItem","position":1,"name":"Portada","item":"https:\/\/velazquez24.es\/de\/"},{"@type":"ListItem","position":2,"name":"Escorts Orte"}]},{"@type":"WebSite","@id":"https:\/\/velazquez24.lucusprueba.es\/en\/#website","url":"https:\/\/velazquez24.lucusprueba.es\/en\/","name":"Velazquez24.es","description":"Velazquez24, agencia de chicas escorts en M\u00e1laga","publisher":{"@id":"https:\/\/velazquez24.lucusprueba.es\/en\/#organization"},"alternateName":"Velazquez24","potentialAction":[{"@type":"SearchAction","target":{"@type":"EntryPoint","urlTemplate":"https:\/\/velazquez24.lucusprueba.es\/en\/?s={search_term_string}"},"query-input":{"@type":"PropertyValueSpecification","valueRequired":true,"valueName":"search_term_string"}}],"inLanguage":"de"},{"@type":"Organization","@id":"https:\/\/velazquez24.lucusprueba.es\/en\/#organization","name":"Velazquez24","url":"https:\/\/velazquez24.lucusprueba.es\/en\/","logo":{"@type":"ImageObject","inLanguage":"de","@id":"https:\/\/velazquez24.lucusprueba.es\/en\/#\/schema\/logo\/image\/","url":"https:\/\/velazquez24.es\/wp-content\/uploads\/2025\/08\/velazquez_logo-1080.jpg","contentUrl":"https:\/\/velazquez24.es\/wp-content\/uploads\/2025\/08\/velazquez_logo-1080.jpg","width":1080,"height":608,"caption":"Velazquez24"},"image":{"@id":"https:\/\/velazquez24.lucusprueba.es\/en\/#\/schema\/logo\/image\/"}}]}},"_links":{"self":[{"href":"https:\/\/velazquez24.es\/de\/wp-json\/wp\/v2\/pages\/6045","targetHints":{"allow":["GET"]}}],"collection":[{"href":"https:\/\/velazquez24.es\/de\/wp-json\/wp\/v2\/pages"}],"about":[{"href":"https:\/\/velazquez24.es\/de\/wp-json\/wp\/v2\/types\/page"}],"author":[{"embeddable":true,"href":"https:\/\/velazquez24.es\/de\/wp-json\/wp\/v2\/users\/1"}],"replies":[{"embeddable":true,"href":"https:\/\/velazquez24.es\/de\/wp-json\/wp\/v2\/comments?post=6045"}],"version-history":[{"count":0,"href":"https:\/\/velazquez24.es\/de\/wp-json\/wp\/v2\/pages\/6045\/revisions"}],"wp:attachment":[{"href":"https:\/\/velazquez24.es\/de\/wp-json\/wp\/v2\/media?parent=6045"}],"curies":[{"name":"wp","href":"https:\/\/api.w.org\/{rel}","templated":true}]}}