{"id":6047,"date":"2025-08-08T10:13:37","date_gmt":"2025-08-08T10:13:37","guid":{"rendered":"https:\/\/velazquez24.es\/velazquez24-kontaktieren\/"},"modified":"2026-03-08T03:20:57","modified_gmt":"2026-03-08T03:20:57","slug":"velazquez24-kontaktieren","status":"publish","type":"page","link":"https:\/\/velazquez24.es\/de\/velazquez24-kontaktieren\/","title":{"rendered":"kontaktieren mit Velazquez24"},"content":{"rendered":"<div class=\"et_pb_section_0 et_pb_section et_section_regular et_flex_section\">\n<div class=\"et_pb_row_0 et_pb_row et_flex_row\">\n<div class=\"et_pb_column_0 et_pb_column et-last-child et_flex_column et_pb_css_mix_blend_mode_passthrough et_flex_column_24_24 et_flex_column_24_24_tablet et_flex_column_24_24_phone\">\n<div class=\"et_pb_text_0 et_pb_text et_pb_bg_layout_light et_pb_module et_block_module\"><div class=\"et_pb_text_inner\"><h1>KONTAKT<\/h1>\n<\/div><\/div>\n\n<div class=\"et_pb_text_1 et_pb_text et_pb_bg_layout_light et_pb_module et_block_module\"><div class=\"et_pb_text_inner\"><p style=\"text-align: justify;\">Wenn Sie Fragen haben, einen Termin mit einer unserer Damen vereinbaren m\u00f6chten oder einen Hausbesuch in Ihrem Hotel oder Ihrer Privatwohnung w\u00fcnschen, steht Ihnen unser Empfangsteam gerne zur Verf\u00fcgung. Wir stehen Ihnen 24 Stunden am Tag, 7 Tage die Woche zur Verf\u00fcgung. <\/p>\n<p style=\"text-align: justify;\">Sie k\u00f6nnen unser Bordell \u00fcber die folgenden Kan\u00e4le kontaktieren, die Ihnen ein H\u00f6chstma\u00df an Komfort bieten sollen:<\/p>\n<p style=\"text-align: justify;\"><strong>Live Chat:<\/strong> Klicken Sie auf das Chat-Symbol unten auf dem Bildschirm, um direkt mit unserer Rezeptionistin zu kommunizieren. Sie wird Ihnen sofortige und pers\u00f6nliche Aufmerksamkeit bieten, um Ihre Fragen sofort zu l\u00f6sen. Es ist wichtig, Ihnen mitzuteilen, dass, wenn wir nicht sofort antworten, dies daran liegt, dass wir uns um Kunden k\u00fcmmern, die bereits im Haus sind; bitte haben Sie ein wenig Geduld, um bedient zu werden. Sie k\u00f6nnen den Chat offen lassen, w\u00e4hrend Sie warten, denn wir benachrichtigen Sie mit einem akustischen Signal, wenn wir Ihnen antworten.   <\/p>\n<p style=\"text-align: justify;\"><strong>Anrufe:<\/strong> Wir sind Ihnen gerne telefonisch behilflich, unsere +34636830060 Hotline ist 24 Stunden am Tag erreichbar.<\/p>\n<p style=\"text-align: justify;\"><strong>Nachrichten\u00fcbermittlung:<\/strong> F\u00fcr diejenigen, die eine schriftliche Kommunikation bevorzugen, bieten wir die M\u00f6glichkeit der Nachrichten\u00fcbermittlung \u00fcber WhatsApp und Telegram. Unsere Nummer +34636830060 ist 24 Stunden am Tag erreichbar.<\/p>\n<p style=\"text-align: justify;\"><strong><\/strong><\/p>\n<p style=\"text-align: justify;\"><strong>Sehr geehrter Kunde:<\/strong><\/p>\n<p style=\"text-align: justify;\">Wenn Sie uns \u00fcber eines unserer Kommunikationsmittel kontaktieren, sollten Sie Folgendes bedenken: Die Person, die Ihnen antwortet, ist kein M\u00e4dchen, das Dienstleistungen f\u00fcr Herren anbietet, sondern eine normale Empfangsdame, also verwenden Sie bitte ein angemessenes Vokabular und einen angemessenen Ton.<\/p>\n<p style=\"text-align: justify;\">Unsere Agentur hat sich schon immer f\u00fcr einen respektvollen Umgang zwischen den Kunden, die uns besuchen, und den Mitarbeitern, die uns betreuen, eingesetzt.<\/p>\n<\/div><\/div>\n<\/div>\n<\/div>\n<\/div>","protected":false},"excerpt":{"rendered":"","protected":false},"author":1,"featured_media":0,"parent":0,"menu_order":0,"comment_status":"closed","ping_status":"closed","template":"","meta":{"_acf_changed":false,"footnotes":""},"class_list":["post-6047","page","type-page","status-publish","hentry"],"acf":[],"yoast_head":"<!-- This site is optimized with the Yoast SEO plugin v27.5 - https:\/\/yoast.com\/product\/yoast-seo-wordpress\/ -->\n<title>Kontakt mit Velazquez24 | Wir sind 24 Stunden am Tag f\u00fcr Sie da.<\/title>\n<meta name=\"description\" content=\"Kontaktieren Sie Velazquez24 \u00fcber unseren Online-Chat oder wir beantworten auch Anrufe und WhatsApp unter +34636830060\" \/>\n<meta name=\"robots\" content=\"index, follow, max-snippet:-1, max-image-preview:large, max-video-preview:-1\" \/>\n<link rel=\"canonical\" href=\"https:\/\/velazquez24.es\/de\/velazquez24-kontaktieren\/\" \/>\n<meta property=\"og:locale\" content=\"de_DE\" \/>\n<meta property=\"og:type\" content=\"article\" \/>\n<meta property=\"og:title\" content=\"Kontakt mit Velazquez24 | Wir sind 24 Stunden am Tag f\u00fcr Sie da.\" \/>\n<meta property=\"og:description\" content=\"Kontaktieren Sie Velazquez24 \u00fcber unseren Online-Chat oder wir beantworten auch Anrufe und WhatsApp unter +34636830060\" \/>\n<meta property=\"og:url\" content=\"https:\/\/velazquez24.es\/de\/velazquez24-kontaktieren\/\" \/>\n<meta property=\"og:site_name\" content=\"Velazquez24\" \/>\n<meta property=\"article:modified_time\" content=\"2026-03-08T03:20:57+00:00\" \/>\n<meta name=\"twitter:card\" content=\"summary_large_image\" \/>\n<script type=\"application\/ld+json\" class=\"yoast-schema-graph\">{\"@context\":\"https:\\\/\\\/schema.org\",\"@graph\":[{\"@type\":\"WebPage\",\"@id\":\"https:\\\/\\\/velazquez24.es\\\/de\\\/velazquez24-kontaktieren\\\/\",\"url\":\"https:\\\/\\\/velazquez24.es\\\/de\\\/velazquez24-kontaktieren\\\/\",\"name\":\"Kontakt mit Velazquez24 | Wir sind 24 Stunden am Tag f\u00fcr Sie da.\",\"isPartOf\":{\"@id\":\"https:\\\/\\\/velazquez24.lucusprueba.es\\\/en\\\/#website\"},\"datePublished\":\"2025-08-08T10:13:37+00:00\",\"dateModified\":\"2026-03-08T03:20:57+00:00\",\"description\":\"Kontaktieren Sie Velazquez24 \u00fcber unseren Online-Chat oder wir beantworten auch Anrufe und WhatsApp unter +34636830060\",\"breadcrumb\":{\"@id\":\"https:\\\/\\\/velazquez24.es\\\/de\\\/velazquez24-kontaktieren\\\/#breadcrumb\"},\"inLanguage\":\"de\",\"potentialAction\":[{\"@type\":\"ReadAction\",\"target\":[\"https:\\\/\\\/velazquez24.es\\\/de\\\/velazquez24-kontaktieren\\\/\"]}]},{\"@type\":\"BreadcrumbList\",\"@id\":\"https:\\\/\\\/velazquez24.es\\\/de\\\/velazquez24-kontaktieren\\\/#breadcrumb\",\"itemListElement\":[{\"@type\":\"ListItem\",\"position\":1,\"name\":\"Portada\",\"item\":\"https:\\\/\\\/velazquez24.es\\\/de\\\/\"},{\"@type\":\"ListItem\",\"position\":2,\"name\":\"kontaktieren mit Velazquez24\"}]},{\"@type\":\"WebSite\",\"@id\":\"https:\\\/\\\/velazquez24.lucusprueba.es\\\/en\\\/#website\",\"url\":\"https:\\\/\\\/velazquez24.lucusprueba.es\\\/en\\\/\",\"name\":\"Velazquez24.es\",\"description\":\"Velazquez24, agencia de chicas escorts en M\u00e1laga\",\"publisher\":{\"@id\":\"https:\\\/\\\/velazquez24.lucusprueba.es\\\/en\\\/#organization\"},\"alternateName\":\"Velazquez24\",\"potentialAction\":[{\"@type\":\"SearchAction\",\"target\":{\"@type\":\"EntryPoint\",\"urlTemplate\":\"https:\\\/\\\/velazquez24.lucusprueba.es\\\/en\\\/?s={search_term_string}\"},\"query-input\":{\"@type\":\"PropertyValueSpecification\",\"valueRequired\":true,\"valueName\":\"search_term_string\"}}],\"inLanguage\":\"de\"},{\"@type\":\"Organization\",\"@id\":\"https:\\\/\\\/velazquez24.lucusprueba.es\\\/en\\\/#organization\",\"name\":\"Velazquez24\",\"url\":\"https:\\\/\\\/velazquez24.lucusprueba.es\\\/en\\\/\",\"logo\":{\"@type\":\"ImageObject\",\"inLanguage\":\"de\",\"@id\":\"https:\\\/\\\/velazquez24.lucusprueba.es\\\/en\\\/#\\\/schema\\\/logo\\\/image\\\/\",\"url\":\"https:\\\/\\\/velazquez24.es\\\/wp-content\\\/uploads\\\/2025\\\/08\\\/velazquez_logo-1080.jpg\",\"contentUrl\":\"https:\\\/\\\/velazquez24.es\\\/wp-content\\\/uploads\\\/2025\\\/08\\\/velazquez_logo-1080.jpg\",\"width\":1080,\"height\":608,\"caption\":\"Velazquez24\"},\"image\":{\"@id\":\"https:\\\/\\\/velazquez24.lucusprueba.es\\\/en\\\/#\\\/schema\\\/logo\\\/image\\\/\"}}]}<\/script>\n<!-- \/ Yoast SEO plugin. -->","yoast_head_json":{"title":"Kontakt mit Velazquez24 | Wir sind 24 Stunden am Tag f\u00fcr Sie da.","description":"Kontaktieren Sie Velazquez24 \u00fcber unseren Online-Chat oder wir beantworten auch Anrufe und WhatsApp unter +34636830060","robots":{"index":"index","follow":"follow","max-snippet":"max-snippet:-1","max-image-preview":"max-image-preview:large","max-video-preview":"max-video-preview:-1"},"canonical":"https:\/\/velazquez24.es\/de\/velazquez24-kontaktieren\/","og_locale":"de_DE","og_type":"article","og_title":"Kontakt mit Velazquez24 | Wir sind 24 Stunden am Tag f\u00fcr Sie da.","og_description":"Kontaktieren Sie Velazquez24 \u00fcber unseren Online-Chat oder wir beantworten auch Anrufe und WhatsApp unter +34636830060","og_url":"https:\/\/velazquez24.es\/de\/velazquez24-kontaktieren\/","og_site_name":"Velazquez24","article_modified_time":"2026-03-08T03:20:57+00:00","twitter_card":"summary_large_image","schema":{"@context":"https:\/\/schema.org","@graph":[{"@type":"WebPage","@id":"https:\/\/velazquez24.es\/de\/velazquez24-kontaktieren\/","url":"https:\/\/velazquez24.es\/de\/velazquez24-kontaktieren\/","name":"Kontakt mit Velazquez24 | Wir sind 24 Stunden am Tag f\u00fcr Sie da.","isPartOf":{"@id":"https:\/\/velazquez24.lucusprueba.es\/en\/#website"},"datePublished":"2025-08-08T10:13:37+00:00","dateModified":"2026-03-08T03:20:57+00:00","description":"Kontaktieren Sie Velazquez24 \u00fcber unseren Online-Chat oder wir beantworten auch Anrufe und WhatsApp unter +34636830060","breadcrumb":{"@id":"https:\/\/velazquez24.es\/de\/velazquez24-kontaktieren\/#breadcrumb"},"inLanguage":"de","potentialAction":[{"@type":"ReadAction","target":["https:\/\/velazquez24.es\/de\/velazquez24-kontaktieren\/"]}]},{"@type":"BreadcrumbList","@id":"https:\/\/velazquez24.es\/de\/velazquez24-kontaktieren\/#breadcrumb","itemListElement":[{"@type":"ListItem","position":1,"name":"Portada","item":"https:\/\/velazquez24.es\/de\/"},{"@type":"ListItem","position":2,"name":"kontaktieren mit Velazquez24"}]},{"@type":"WebSite","@id":"https:\/\/velazquez24.lucusprueba.es\/en\/#website","url":"https:\/\/velazquez24.lucusprueba.es\/en\/","name":"Velazquez24.es","description":"Velazquez24, agencia de chicas escorts en M\u00e1laga","publisher":{"@id":"https:\/\/velazquez24.lucusprueba.es\/en\/#organization"},"alternateName":"Velazquez24","potentialAction":[{"@type":"SearchAction","target":{"@type":"EntryPoint","urlTemplate":"https:\/\/velazquez24.lucusprueba.es\/en\/?s={search_term_string}"},"query-input":{"@type":"PropertyValueSpecification","valueRequired":true,"valueName":"search_term_string"}}],"inLanguage":"de"},{"@type":"Organization","@id":"https:\/\/velazquez24.lucusprueba.es\/en\/#organization","name":"Velazquez24","url":"https:\/\/velazquez24.lucusprueba.es\/en\/","logo":{"@type":"ImageObject","inLanguage":"de","@id":"https:\/\/velazquez24.lucusprueba.es\/en\/#\/schema\/logo\/image\/","url":"https:\/\/velazquez24.es\/wp-content\/uploads\/2025\/08\/velazquez_logo-1080.jpg","contentUrl":"https:\/\/velazquez24.es\/wp-content\/uploads\/2025\/08\/velazquez_logo-1080.jpg","width":1080,"height":608,"caption":"Velazquez24"},"image":{"@id":"https:\/\/velazquez24.lucusprueba.es\/en\/#\/schema\/logo\/image\/"}}]}},"_links":{"self":[{"href":"https:\/\/velazquez24.es\/de\/wp-json\/wp\/v2\/pages\/6047","targetHints":{"allow":["GET"]}}],"collection":[{"href":"https:\/\/velazquez24.es\/de\/wp-json\/wp\/v2\/pages"}],"about":[{"href":"https:\/\/velazquez24.es\/de\/wp-json\/wp\/v2\/types\/page"}],"author":[{"embeddable":true,"href":"https:\/\/velazquez24.es\/de\/wp-json\/wp\/v2\/users\/1"}],"replies":[{"embeddable":true,"href":"https:\/\/velazquez24.es\/de\/wp-json\/wp\/v2\/comments?post=6047"}],"version-history":[{"count":0,"href":"https:\/\/velazquez24.es\/de\/wp-json\/wp\/v2\/pages\/6047\/revisions"}],"wp:attachment":[{"href":"https:\/\/velazquez24.es\/de\/wp-json\/wp\/v2\/media?parent=6047"}],"curies":[{"name":"wp","href":"https:\/\/api.w.org\/{rel}","templated":true}]}}