{"id":1214,"date":"2025-08-08T10:13:37","date_gmt":"2025-08-08T10:13:37","guid":{"rendered":"https:\/\/velazquez24.es\/contact\/"},"modified":"2026-03-08T02:25:01","modified_gmt":"2026-03-08T02:25:01","slug":"contact","status":"publish","type":"page","link":"https:\/\/velazquez24.es\/fr\/contact\/","title":{"rendered":"Contactez Velazquez24"},"content":{"rendered":"<div class=\"et_pb_section_0 et_pb_section et_section_regular et_flex_section\">\n<div class=\"et_pb_row_0 et_pb_row et_flex_row\">\n<div class=\"et_pb_column_0 et_pb_column et-last-child et_flex_column et_pb_css_mix_blend_mode_passthrough et_flex_column_24_24 et_flex_column_24_24_tablet et_flex_column_24_24_phone\">\n<div class=\"et_pb_text_0 et_pb_text et_pb_bg_layout_light et_pb_module et_block_module\"><div class=\"et_pb_text_inner\"><h1>CONTACT<\/h1>\n<\/div><\/div>\n\n<div class=\"et_pb_text_1 et_pb_text et_pb_bg_layout_light et_pb_module et_block_module\"><div class=\"et_pb_text_inner\"><p style=\"text-align: justify;\">Si vous avez des questions, souhaitez prendre rendez-vous avec l'une de nos jeunes femmes ou pr\u00e9f\u00e9rez solliciter une visite \u00e0 domicile dans votre h\u00f4tel ou r\u00e9sidence priv\u00e9e, notre \u00e9quipe de r\u00e9ception est \u00e0 votre disposition pour vous aider. Nous sommes ravis de vous servir 24 heures sur 24, 7 jours sur 7. <\/p>\n<p style=\"text-align: justify;\">Vous pouvez contacter notre maison close par les canaux suivants, con\u00e7us pour vous offrir un maximum de commodit\u00e9 :<\/p>\n<p style=\"text-align: justify;\"><strong>Chat en direct&nbsp;:<\/strong> Cliquez sur l'ic\u00f4ne de chat en bas de l'\u00e9cran pour communiquer directement avec notre r\u00e9ceptionniste. Elle vous offrira une attention imm\u00e9diate et personnalis\u00e9e pour r\u00e9soudre vos doutes instantan\u00e9ment. Il est important de vous informer que, si nous ne r\u00e9pondons pas imm\u00e9diatement, c'est parce que nous sommes en train de servir des clients qui sont d\u00e9j\u00e0 dans la maison&nbsp;; veuillez nous excuser pour le d\u00e9lai de r\u00e9ponse. Vous pouvez laisser le chat ouvert pendant que vous attendez, car nous vous avertirons avec une notification sonore lorsque nous vous r\u00e9pondrons.   <\/p>\n<p style=\"text-align: justify;\"><strong>Appels&nbsp;:<\/strong> Nous serons ravis de vous servir par t\u00e9l\u00e9phone, notre ligne +34636830060 est disponible 24&nbsp;heures sur&nbsp;24.<\/p>\n<p style=\"text-align: justify;\"><strong>Messagerie&nbsp;:<\/strong> Pour ceux qui pr\u00e9f\u00e8rent la communication \u00e9crite, nous vous offrons l'option de messagerie via WhatsApp et Telegram, notre ligne +34636830060 est op\u00e9rationnelle 24&nbsp;heures sur&nbsp;24.<\/p>\n<p style=\"text-align: justify;\"><strong><\/strong><\/p>\n<p style=\"text-align: justify;\"><strong>Cher client&nbsp;:<\/strong><\/p>\n<p style=\"text-align: justify;\">Au moment de nous contacter, par l'une de nos voies de communication, vous devez tenir compte de ce qui suit&nbsp;: la personne qui vous r\u00e9pondra n'est pas une fille qui offre des services aux messieurs, mais une r\u00e9ceptionniste normale, c'est pourquoi nous vous prions d'utiliser un vocabulaire et un ton appropri\u00e9s.<\/p>\n<p style=\"text-align: justify;\">Notre agence a toujours mis\u00e9 sur l'utilisation d'un vocabulaire et d'un traitement respectueux, entre les clients qui nous rendent visite et le personnel qui sert.<\/p>\n<\/div><\/div>\n<\/div>\n<\/div>\n<\/div>","protected":false},"excerpt":{"rendered":"","protected":false},"author":1,"featured_media":0,"parent":0,"menu_order":0,"comment_status":"closed","ping_status":"closed","template":"","meta":{"_acf_changed":false,"footnotes":""},"class_list":["post-1214","page","type-page","status-publish","hentry"],"acf":[],"yoast_head":"<!-- This site is optimized with the Yoast SEO plugin v27.5 - https:\/\/yoast.com\/product\/yoast-seo-wordpress\/ -->\n<title>Contactez Velazquez24 | Nous nous occupons de vous 24 heures par jour.<\/title>\n<meta name=\"description\" content=\"Contactez Velazquez24 en utilisant notre chat en ligne ou nous r\u00e9pondons \u00e9galement aux appels et \u00e0 WhatsApp \u00e0 +34636830060.\" \/>\n<meta name=\"robots\" content=\"index, follow, max-snippet:-1, max-image-preview:large, max-video-preview:-1\" \/>\n<link rel=\"canonical\" href=\"https:\/\/velazquez24.es\/fr\/contact\/\" \/>\n<meta property=\"og:locale\" content=\"fr_FR\" \/>\n<meta property=\"og:type\" content=\"article\" \/>\n<meta property=\"og:title\" content=\"Contactez Velazquez24 | Nous nous occupons de vous 24 heures par jour.\" \/>\n<meta property=\"og:description\" content=\"Contactez Velazquez24 en utilisant notre chat en ligne ou nous r\u00e9pondons \u00e9galement aux appels et \u00e0 WhatsApp \u00e0 +34636830060.\" \/>\n<meta property=\"og:url\" content=\"https:\/\/velazquez24.es\/fr\/contact\/\" \/>\n<meta property=\"og:site_name\" content=\"Velazquez24\" \/>\n<meta property=\"article:modified_time\" content=\"2026-03-08T02:25:01+00:00\" \/>\n<meta name=\"twitter:card\" content=\"summary_large_image\" \/>\n<script type=\"application\/ld+json\" class=\"yoast-schema-graph\">{\"@context\":\"https:\\\/\\\/schema.org\",\"@graph\":[{\"@type\":\"WebPage\",\"@id\":\"https:\\\/\\\/velazquez24.es\\\/fr\\\/contact\\\/\",\"url\":\"https:\\\/\\\/velazquez24.es\\\/fr\\\/contact\\\/\",\"name\":\"Contactez Velazquez24 | Nous nous occupons de vous 24 heures par jour.\",\"isPartOf\":{\"@id\":\"https:\\\/\\\/velazquez24.lucusprueba.es\\\/en\\\/#website\"},\"datePublished\":\"2025-08-08T10:13:37+00:00\",\"dateModified\":\"2026-03-08T02:25:01+00:00\",\"description\":\"Contactez Velazquez24 en utilisant notre chat en ligne ou nous r\u00e9pondons \u00e9galement aux appels et \u00e0 WhatsApp \u00e0 +34636830060.\",\"breadcrumb\":{\"@id\":\"https:\\\/\\\/velazquez24.es\\\/fr\\\/contact\\\/#breadcrumb\"},\"inLanguage\":\"fr-FR\",\"potentialAction\":[{\"@type\":\"ReadAction\",\"target\":[\"https:\\\/\\\/velazquez24.es\\\/fr\\\/contact\\\/\"]}]},{\"@type\":\"BreadcrumbList\",\"@id\":\"https:\\\/\\\/velazquez24.es\\\/fr\\\/contact\\\/#breadcrumb\",\"itemListElement\":[{\"@type\":\"ListItem\",\"position\":1,\"name\":\"Portada\",\"item\":\"https:\\\/\\\/velazquez24.es\\\/fr\\\/\"},{\"@type\":\"ListItem\",\"position\":2,\"name\":\"Contactez Velazquez24\"}]},{\"@type\":\"WebSite\",\"@id\":\"https:\\\/\\\/velazquez24.lucusprueba.es\\\/en\\\/#website\",\"url\":\"https:\\\/\\\/velazquez24.lucusprueba.es\\\/en\\\/\",\"name\":\"Velazquez24.es\",\"description\":\"Velazquez24, agence d'escort girls \u00e0 M\u00e1laga\",\"publisher\":{\"@id\":\"https:\\\/\\\/velazquez24.lucusprueba.es\\\/en\\\/#organization\"},\"alternateName\":\"Velazquez24\",\"potentialAction\":[{\"@type\":\"SearchAction\",\"target\":{\"@type\":\"EntryPoint\",\"urlTemplate\":\"https:\\\/\\\/velazquez24.lucusprueba.es\\\/en\\\/?s={search_term_string}\"},\"query-input\":{\"@type\":\"PropertyValueSpecification\",\"valueRequired\":true,\"valueName\":\"search_term_string\"}}],\"inLanguage\":\"fr-FR\"},{\"@type\":\"Organization\",\"@id\":\"https:\\\/\\\/velazquez24.lucusprueba.es\\\/en\\\/#organization\",\"name\":\"Velazquez24\",\"url\":\"https:\\\/\\\/velazquez24.lucusprueba.es\\\/en\\\/\",\"logo\":{\"@type\":\"ImageObject\",\"inLanguage\":\"fr-FR\",\"@id\":\"https:\\\/\\\/velazquez24.lucusprueba.es\\\/en\\\/#\\\/schema\\\/logo\\\/image\\\/\",\"url\":\"https:\\\/\\\/velazquez24.es\\\/wp-content\\\/uploads\\\/2025\\\/08\\\/velazquez_logo-1080.jpg\",\"contentUrl\":\"https:\\\/\\\/velazquez24.es\\\/wp-content\\\/uploads\\\/2025\\\/08\\\/velazquez_logo-1080.jpg\",\"width\":1080,\"height\":608,\"caption\":\"Velazquez24\"},\"image\":{\"@id\":\"https:\\\/\\\/velazquez24.lucusprueba.es\\\/en\\\/#\\\/schema\\\/logo\\\/image\\\/\"}}]}<\/script>\n<!-- \/ Yoast SEO plugin. -->","yoast_head_json":{"title":"Contactez Velazquez24 | Nous nous occupons de vous 24 heures par jour.","description":"Contactez Velazquez24 en utilisant notre chat en ligne ou nous r\u00e9pondons \u00e9galement aux appels et \u00e0 WhatsApp \u00e0 +34636830060.","robots":{"index":"index","follow":"follow","max-snippet":"max-snippet:-1","max-image-preview":"max-image-preview:large","max-video-preview":"max-video-preview:-1"},"canonical":"https:\/\/velazquez24.es\/fr\/contact\/","og_locale":"fr_FR","og_type":"article","og_title":"Contactez Velazquez24 | Nous nous occupons de vous 24 heures par jour.","og_description":"Contactez Velazquez24 en utilisant notre chat en ligne ou nous r\u00e9pondons \u00e9galement aux appels et \u00e0 WhatsApp \u00e0 +34636830060.","og_url":"https:\/\/velazquez24.es\/fr\/contact\/","og_site_name":"Velazquez24","article_modified_time":"2026-03-08T02:25:01+00:00","twitter_card":"summary_large_image","schema":{"@context":"https:\/\/schema.org","@graph":[{"@type":"WebPage","@id":"https:\/\/velazquez24.es\/fr\/contact\/","url":"https:\/\/velazquez24.es\/fr\/contact\/","name":"Contactez Velazquez24 | Nous nous occupons de vous 24 heures par jour.","isPartOf":{"@id":"https:\/\/velazquez24.lucusprueba.es\/en\/#website"},"datePublished":"2025-08-08T10:13:37+00:00","dateModified":"2026-03-08T02:25:01+00:00","description":"Contactez Velazquez24 en utilisant notre chat en ligne ou nous r\u00e9pondons \u00e9galement aux appels et \u00e0 WhatsApp \u00e0 +34636830060.","breadcrumb":{"@id":"https:\/\/velazquez24.es\/fr\/contact\/#breadcrumb"},"inLanguage":"fr-FR","potentialAction":[{"@type":"ReadAction","target":["https:\/\/velazquez24.es\/fr\/contact\/"]}]},{"@type":"BreadcrumbList","@id":"https:\/\/velazquez24.es\/fr\/contact\/#breadcrumb","itemListElement":[{"@type":"ListItem","position":1,"name":"Portada","item":"https:\/\/velazquez24.es\/fr\/"},{"@type":"ListItem","position":2,"name":"Contactez Velazquez24"}]},{"@type":"WebSite","@id":"https:\/\/velazquez24.lucusprueba.es\/en\/#website","url":"https:\/\/velazquez24.lucusprueba.es\/en\/","name":"Velazquez24.es","description":"Velazquez24, agence d'escort girls \u00e0 M\u00e1laga","publisher":{"@id":"https:\/\/velazquez24.lucusprueba.es\/en\/#organization"},"alternateName":"Velazquez24","potentialAction":[{"@type":"SearchAction","target":{"@type":"EntryPoint","urlTemplate":"https:\/\/velazquez24.lucusprueba.es\/en\/?s={search_term_string}"},"query-input":{"@type":"PropertyValueSpecification","valueRequired":true,"valueName":"search_term_string"}}],"inLanguage":"fr-FR"},{"@type":"Organization","@id":"https:\/\/velazquez24.lucusprueba.es\/en\/#organization","name":"Velazquez24","url":"https:\/\/velazquez24.lucusprueba.es\/en\/","logo":{"@type":"ImageObject","inLanguage":"fr-FR","@id":"https:\/\/velazquez24.lucusprueba.es\/en\/#\/schema\/logo\/image\/","url":"https:\/\/velazquez24.es\/wp-content\/uploads\/2025\/08\/velazquez_logo-1080.jpg","contentUrl":"https:\/\/velazquez24.es\/wp-content\/uploads\/2025\/08\/velazquez_logo-1080.jpg","width":1080,"height":608,"caption":"Velazquez24"},"image":{"@id":"https:\/\/velazquez24.lucusprueba.es\/en\/#\/schema\/logo\/image\/"}}]}},"_links":{"self":[{"href":"https:\/\/velazquez24.es\/fr\/wp-json\/wp\/v2\/pages\/1214","targetHints":{"allow":["GET"]}}],"collection":[{"href":"https:\/\/velazquez24.es\/fr\/wp-json\/wp\/v2\/pages"}],"about":[{"href":"https:\/\/velazquez24.es\/fr\/wp-json\/wp\/v2\/types\/page"}],"author":[{"embeddable":true,"href":"https:\/\/velazquez24.es\/fr\/wp-json\/wp\/v2\/users\/1"}],"replies":[{"embeddable":true,"href":"https:\/\/velazquez24.es\/fr\/wp-json\/wp\/v2\/comments?post=1214"}],"version-history":[{"count":0,"href":"https:\/\/velazquez24.es\/fr\/wp-json\/wp\/v2\/pages\/1214\/revisions"}],"wp:attachment":[{"href":"https:\/\/velazquez24.es\/fr\/wp-json\/wp\/v2\/media?parent=1214"}],"curies":[{"name":"wp","href":"https:\/\/api.w.org\/{rel}","templated":true}]}}