{"id":1215,"date":"2025-08-08T10:09:50","date_gmt":"2025-08-08T10:09:50","guid":{"rendered":"https:\/\/velazquez24.es\/luoghi-di-escort\/"},"modified":"2026-03-08T02:25:00","modified_gmt":"2026-03-08T02:25:00","slug":"luoghi-di-escort","status":"publish","type":"page","link":"https:\/\/velazquez24.es\/it\/luoghi-di-escort\/","title":{"rendered":"Luoghi di escort"},"content":{"rendered":"<div class=\"et_pb_section_0 et_pb_section et_section_regular et_flex_section\">\n<div class=\"et_pb_row_0 et_pb_row et_flex_row\">\n<div class=\"et_pb_column_0 et_pb_column et-last-child et_flex_column et_pb_css_mix_blend_mode_passthrough et_flex_column_24_24 et_flex_column_24_24_tablet et_flex_column_24_24_phone\">\n<div class=\"et_pb_text_0 et_pb_text et_pb_bg_layout_light et_pb_module et_block_module\"><div class=\"et_pb_text_inner\"><h1>LAVORO PER LE ESCORT<\/h1>\n<\/div><\/div>\n\n<div class=\"et_pb_text_1 et_pb_text et_pb_bg_layout_light et_pb_module et_block_module\"><div class=\"et_pb_text_inner\"><h2>Dal 2004 offriamo i migliori posti di lavoro per escort<\/h2>\n<\/div><\/div>\n<\/div>\n<\/div>\n<\/div>\n\n<div class=\"et_pb_section_1 et_pb_section et_section_regular et_flex_section\">\n<div class=\"et_pb_row_1 et_pb_row et_flex_row\">\n<div class=\"et_pb_column_1 et_pb_column et-last-child et_flex_column et_pb_css_mix_blend_mode_passthrough et_flex_column_24_24 et_flex_column_24_24_tablet et_flex_column_24_24_phone\">\n<div class=\"et_pb_text_2 et_pb_text et_pb_bg_layout_light et_pb_module et_block_module\"><div class=\"et_pb_text_inner\"><p style=\"text-align: center;\"><span style=\"color: #ffffff;\">APERTO 24 ORE SU 24, TUTTI I GIORNI<\/span><\/p>\n<\/div><\/div>\n<\/div>\n<\/div>\n<\/div>\n\n<div class=\"et_pb_section_2 et_pb_section et_section_regular et_flex_section\">\n<div class=\"et_pb_row_2 et_pb_row et_flex_row\">\n<div class=\"et_pb_column_2 et_pb_column et-last-child et_flex_column et_pb_css_mix_blend_mode_passthrough et_flex_column_24_24 et_flex_column_24_24_tablet et_flex_column_24_24_phone\">\n<div class=\"et_pb_text_3 et_pb_text et_pb_bg_layout_light et_pb_module et_block_module\"><div class=\"et_pb_text_inner\"><p><strong>COSA POSSIAMO OFFRIRTI A VELAZQUEZ24<\/strong><\/p>\n<\/div><\/div>\n<\/div>\n<\/div>\n\n<div class=\"et_pb_row_3 et_pb_row et_flex_row\">\n<div class=\"et_pb_column_3 et_pb_column et-last-child et_flex_column et_pb_css_mix_blend_mode_passthrough et_flex_column_24_24 et_flex_column_24_24_tablet et_flex_column_24_24_phone\">\n<div class=\"et_pb_text_4 et_pb_text et_pb_bg_layout_light et_pb_module et_block_module\"><div class=\"et_pb_text_inner\"><p style=\"text-align: justify;\">Se stai cercando una posizione gratuita di 24 ore o di un'ora come escort, possiamo offrirti di far parte del miglior team che compone il bordello pi\u00f9 esclusivo del centro di M\u00e1laga.<\/p>\n<p style=\"text-align: justify;\">Comunica subito con noi e ti spiegheremo come sarebbe la forma di prestare i tuoi servizi e le caratteristiche e i vantaggi che otterresti entrando a far parte del nostro team.<\/p>\n<p style=\"text-align: center;\"><strong>LA NOSTRA REPUTAZIONE <\/strong><\/p>\n<p style=\"text-align: justify;\">Con una traiettoria di oltre due decenni, ci siamo consolidati come la Casa di Appuntamenti di maggior prestigio e riconoscimento nella citt\u00e0 di Malaga. Durante questi 20 anni, abbiamo costruito una solida reputazione basata sulla discrezione, la professionalit\u00e0 e l'eccellenza nel servizio, il che ci garantisce la clientela pi\u00f9 selezionata e fedele della citt\u00e0, che si fida della nostra capacit\u00e0 di offrire esperienze di alta qualit\u00e0 e mantenere i pi\u00f9 alti standard. <\/p>\n<p style=\"text-align: center;\"><strong>TEAM DI MARKETING<\/strong><\/p>\n<p style=\"text-align: justify;\">Noi, come agenzia, abbiamo un nostro team di marketing e pubblicit\u00e0, incaricato di gestire e promuovere i tuoi annunci e le tue foto, in modo da farti conoscere dai nostri clienti e utenti; e in questo modo garantire il raggiungimento dei tuoi obiettivi economici. I nostri clienti sono molto selezionati e collaboriamo con le migliori catene alberghiere della provincia per la fornitura dei nostri servizi di escort. <\/p>\n<p style=\"text-align: center;\"><strong>VANTAGGI DI UNIRSI AL NOSTRO TEAM<\/strong><\/p>\n<p style=\"text-align: justify;\">Unendoti al nostro team, riceverai una sessione di foto professionale, che il nostro team di marketing e pubblicit\u00e0 utilizzer\u00e0 per promuovere il tuo profilo.<\/p>\n<p style=\"text-align: justify;\">Per quanto riguarda la tua dedizione, ti offriamo ci\u00f2 che meglio si adatta alle tue esigenze, 24 ore con una durata da 1 a 3 settimane o un orario specifico dal luned\u00ec al venerd\u00ec. Ma la cosa pi\u00f9 importante\u2026. <\/p>\n<p style=\"text-align: center;\"><em><u>\u201cIN QUESTA CASA TU FAI PAGARE I CLIENTI PERCH\u00c9 TU POSSA SEMPRE TENERTI I TUOI SOLDI IN MANO\u201d<\/u><\/em><\/p>\n<p style=\"text-align: justify;\">Nella nostra casa, il tuo benessere e comfort sono la nostra priorit\u00e0. Offriamo un ambiente di lavoro imbattibile, progettato per farti sentire come a casa. Le nostre strutture dispongono di un alloggio completo, dotato di cucina, internet e bagni privati, oltre a una sala TV comune per i tuoi momenti di riposo e relax. La privacy e la sicurezza sono fondamentali per noi; per questo, disponiamo di otto suite private, ognuna attrezzata per permetterti di servire i tuoi clienti con totale discrezione, comfort e igiene, garantendo un'esperienza di servizio della pi\u00f9 alta qualit\u00e0 in un ambiente totalmente sicuro.   <\/p>\n<p>&nbsp;<\/p>\n<p style=\"text-align: justify;\">Quindi, se hai pi\u00f9 di 18 anni, hai la tua documentazione in regola e sei interessata ad aumentare le tue entrate,!!! speriamo che tu ti metta in contatto con noi subito!!! puoi <strong>CONTATTARE<\/strong> con noi, semplicemente fai clic sull'icona della chat che appare nella parte inferiore dello schermo dove ti assisteremo all'istante.<\/p>\n<\/div><\/div>\n<\/div>\n<\/div>\n<\/div>\n\n<div class=\"et_pb_section_3 et_pb_section et_section_regular et_flex_section\">\n<div class=\"et_pb_row_4 et_pb_row et_flex_row\">\n<div class=\"et_pb_column_4 et_pb_column et-last-child et_flex_column et_pb_css_mix_blend_mode_passthrough et_flex_column_24_24 et_flex_column_24_24_tablet et_flex_column_24_24_phone\">\n<div class=\"et_pb_text_5 et_pb_text et_pb_bg_layout_light et_pb_module et_block_module\"><div class=\"et_pb_text_inner\"><p>PERCH\u00c9 FARE UN POSTO A VELAZQUEZ24<\/p>\n<\/div><\/div>\n<\/div>\n<\/div>\n\n<div class=\"et_pb_row_5 et_pb_row et_flex_row\">\n<div class=\"et_pb_column_5 et_pb_column et_flex_column et_pb_css_mix_blend_mode_passthrough et_flex_column_8_24 et_flex_column_8_24_tablet et_flex_column_24_24_phone\">\n<div class=\"et_pb_image_0 et_pb_image et_pb_module et_block_module\"><span class=\"et_pb_image_wrap\"><img decoding=\"async\" src=\"https:\/\/velazquez24.es\/wp-content\/uploads\/2025\/08\/Putas-a-domicilio-en-Malaga-las-24-horas.jpg\" width=\"96\" height=\"96\" srcset=\"https:\/\/velazquez24.es\/wp-content\/uploads\/2025\/08\/Putas-a-domicilio-en-Malaga-las-24-horas.jpg 96w\" sizes=\"(max-width: 96px) 100vw, 96px\" class=\"wp-image-227\" title=\"Putas a domicilio en M\u00e1laga las 24 horas\" alt=\"Putas a domicilio en M\u00e1laga las 24 horas\" \/><\/span><\/div>\n\n<div class=\"et_pb_text_6 et_pb_text et_pb_bg_layout_light et_pb_module et_block_module\"><div class=\"et_pb_text_inner\"><p>LA CLIENTELA PI\u00d9 SELEZIONATA<\/p>\n<\/div><\/div>\n\n<div class=\"et_pb_text_7 et_pb_text et_pb_bg_layout_light et_pb_module et_block_module\"><div class=\"et_pb_text_inner\"><p>Con oltre due decenni di esperienza, ci siamo affermati come il bordello pi\u00f9 prestigioso e riconosciuto di M\u00e1laga. La nostra solida reputazione ci ha permesso di ottenere una clientela selezionata e fedele che si fida pienamente della qualit\u00e0 dei nostri servizi e dei nostri standard elevati. <\/p>\n<\/div><\/div>\n<\/div>\n\n<div class=\"et_pb_column_6 et_pb_column et_flex_column et_pb_css_mix_blend_mode_passthrough et_flex_column_8_24 et_flex_column_8_24_tablet et_flex_column_24_24_phone\">\n<div class=\"et_pb_image_1 et_pb_image et_pb_module et_block_module\"><span class=\"et_pb_image_wrap\"><img decoding=\"async\" src=\"https:\/\/velazquez24.es\/wp-content\/uploads\/2025\/08\/Servicio-escorts-en-Malaga-desde-2004.jpg\" width=\"96\" height=\"96\" srcset=\"https:\/\/velazquez24.es\/wp-content\/uploads\/2025\/08\/Servicio-escorts-en-Malaga-desde-2004.jpg 96w\" sizes=\"(max-width: 96px) 100vw, 96px\" class=\"wp-image-232\" title=\"Servicio escorts en M\u00e1laga desde 2004\" alt=\"Servicio escorts en M\u00e1laga desde 2004\" \/><\/span><\/div>\n\n<div class=\"et_pb_text_8 et_pb_text et_pb_bg_layout_light et_pb_module et_block_module\"><div class=\"et_pb_text_inner\"><p class=\"elementor-image-box-title\">COME SUPERARE I TUOI OBIETTIVI ECONOMICI<\/p>\n<\/div><\/div>\n\n<div class=\"et_pb_text_9 et_pb_text et_pb_bg_layout_light et_pb_module et_block_module\"><div class=\"et_pb_text_inner\"><p>Il nostro team di marketing e pubblicit\u00e0 \u00e8 focalizzato sulla promozione del tuo profilo e sull'aumento della tua visibilit\u00e0. Con sessioni di foto professionali e una gestione strategica dei tuoi annunci, garantiamo il raggiungimento dei tuoi obiettivi economici.  <\/p>\n<\/div><\/div>\n<\/div>\n\n<div class=\"et_pb_column_7 et_pb_column et-last-child et_flex_column et_pb_css_mix_blend_mode_passthrough et_flex_column_8_24 et_flex_column_8_24_tablet et_flex_column_24_24_phone\">\n<div class=\"et_pb_image_2 et_pb_image et_pb_module et_block_module\"><span class=\"et_pb_image_wrap\"><img decoding=\"async\" src=\"https:\/\/velazquez24.es\/wp-content\/uploads\/2025\/08\/Putas-a-domicilio-en-MalagaTorremolinosBenalmadena-y-Fuengirola.jpg\" width=\"96\" height=\"96\" srcset=\"https:\/\/velazquez24.es\/wp-content\/uploads\/2025\/08\/Putas-a-domicilio-en-MalagaTorremolinosBenalmadena-y-Fuengirola.jpg 96w\" sizes=\"(max-width: 96px) 100vw, 96px\" class=\"wp-image-229\" title=\"Putas a domicilio en M\u00e1laga,Torremolinos,Benalmadena y Fuengirola\" alt=\"Putas a domicilio en M\u00e1laga,Torremolinos,Benalmadena y Fuengirola\" \/><\/span><\/div>\n\n<div class=\"et_pb_text_10 et_pb_text et_pb_bg_layout_light et_pb_module et_block_module\"><div class=\"et_pb_text_inner\"><p>LE NOSTRE STRUTTURE<\/p>\n<\/div><\/div>\n\n<div class=\"et_pb_text_11 et_pb_text et_pb_bg_layout_light et_pb_module et_block_module\"><div class=\"et_pb_text_inner\"><p>Il nostro obiettivo principale \u00e8 il tuo benessere. Offriamo un ambiente di lavoro eccezionale con alloggio completo che include cucina, internet e bagni privati, oltre a una sala TV. Per garantire la tua privacy e quella dei tuoi appuntamenti, disponiamo di otto suite discrete, progettate per farti lavorare comodamente.  <\/p>\n<\/div><\/div>\n<\/div>\n<\/div>\n<\/div>","protected":false},"excerpt":{"rendered":"","protected":false},"author":1,"featured_media":0,"parent":0,"menu_order":0,"comment_status":"closed","ping_status":"closed","template":"","meta":{"_acf_changed":false,"footnotes":""},"class_list":["post-1215","page","type-page","status-publish","hentry"],"acf":[],"yoast_head":"<!-- This site is optimized with the Yoast SEO plugin v27.4 - https:\/\/yoast.com\/product\/yoast-seo-wordpress\/ -->\n<title>Lavoro come escort : +6000 euro per posto a VELAZQUEZ24<\/title>\n<meta name=\"description\" content=\"VELAZQUEZ24 offre posti di lavoro come escort con guadagni superiori a 6000 euro per soggiorno. Pi\u00f9 di 20 anni di apertura ci garantiscono.\" \/>\n<meta name=\"robots\" content=\"index, follow, max-snippet:-1, max-image-preview:large, max-video-preview:-1\" \/>\n<link rel=\"canonical\" href=\"https:\/\/velazquez24.es\/it\/luoghi-di-escort\/\" \/>\n<meta property=\"og:locale\" content=\"it_IT\" \/>\n<meta property=\"og:type\" content=\"article\" \/>\n<meta property=\"og:title\" content=\"Lavoro come escort : +6000 euro per posto a VELAZQUEZ24\" \/>\n<meta property=\"og:description\" content=\"VELAZQUEZ24 offre posti di lavoro come escort con guadagni superiori a 6000 euro per soggiorno. Pi\u00f9 di 20 anni di apertura ci garantiscono.\" \/>\n<meta property=\"og:url\" content=\"https:\/\/velazquez24.es\/it\/luoghi-di-escort\/\" \/>\n<meta property=\"og:site_name\" content=\"Velazquez24\" \/>\n<meta property=\"article:modified_time\" content=\"2026-03-08T02:25:00+00:00\" \/>\n<meta name=\"twitter:card\" content=\"summary_large_image\" \/>\n<script type=\"application\/ld+json\" class=\"yoast-schema-graph\">{\"@context\":\"https:\\\/\\\/schema.org\",\"@graph\":[{\"@type\":\"WebPage\",\"@id\":\"https:\\\/\\\/velazquez24.es\\\/it\\\/luoghi-di-escort\\\/\",\"url\":\"https:\\\/\\\/velazquez24.es\\\/it\\\/luoghi-di-escort\\\/\",\"name\":\"Lavoro come escort : +6000 euro per posto a VELAZQUEZ24\",\"isPartOf\":{\"@id\":\"https:\\\/\\\/velazquez24.lucusprueba.es\\\/en\\\/#website\"},\"datePublished\":\"2025-08-08T10:09:50+00:00\",\"dateModified\":\"2026-03-08T02:25:00+00:00\",\"description\":\"VELAZQUEZ24 offre posti di lavoro come escort con guadagni superiori a 6000 euro per soggiorno. Pi\u00f9 di 20 anni di apertura ci garantiscono.\",\"breadcrumb\":{\"@id\":\"https:\\\/\\\/velazquez24.es\\\/it\\\/luoghi-di-escort\\\/#breadcrumb\"},\"inLanguage\":\"it-IT\",\"potentialAction\":[{\"@type\":\"ReadAction\",\"target\":[\"https:\\\/\\\/velazquez24.es\\\/it\\\/luoghi-di-escort\\\/\"]}]},{\"@type\":\"BreadcrumbList\",\"@id\":\"https:\\\/\\\/velazquez24.es\\\/it\\\/luoghi-di-escort\\\/#breadcrumb\",\"itemListElement\":[{\"@type\":\"ListItem\",\"position\":1,\"name\":\"Portada\",\"item\":\"https:\\\/\\\/velazquez24.es\\\/it\\\/\"},{\"@type\":\"ListItem\",\"position\":2,\"name\":\"Luoghi di escort\"}]},{\"@type\":\"WebSite\",\"@id\":\"https:\\\/\\\/velazquez24.lucusprueba.es\\\/en\\\/#website\",\"url\":\"https:\\\/\\\/velazquez24.lucusprueba.es\\\/en\\\/\",\"name\":\"Velazquez24.es\",\"description\":\"Velazquez24, agenzia di ragazze escort a M\u00e1laga\",\"publisher\":{\"@id\":\"https:\\\/\\\/velazquez24.lucusprueba.es\\\/en\\\/#organization\"},\"alternateName\":\"Velazquez24\",\"potentialAction\":[{\"@type\":\"SearchAction\",\"target\":{\"@type\":\"EntryPoint\",\"urlTemplate\":\"https:\\\/\\\/velazquez24.lucusprueba.es\\\/en\\\/?s={search_term_string}\"},\"query-input\":{\"@type\":\"PropertyValueSpecification\",\"valueRequired\":true,\"valueName\":\"search_term_string\"}}],\"inLanguage\":\"it-IT\"},{\"@type\":\"Organization\",\"@id\":\"https:\\\/\\\/velazquez24.lucusprueba.es\\\/en\\\/#organization\",\"name\":\"Velazquez24\",\"url\":\"https:\\\/\\\/velazquez24.lucusprueba.es\\\/en\\\/\",\"logo\":{\"@type\":\"ImageObject\",\"inLanguage\":\"it-IT\",\"@id\":\"https:\\\/\\\/velazquez24.lucusprueba.es\\\/en\\\/#\\\/schema\\\/logo\\\/image\\\/\",\"url\":\"https:\\\/\\\/velazquez24.es\\\/wp-content\\\/uploads\\\/2025\\\/08\\\/velazquez_logo-1080.jpg\",\"contentUrl\":\"https:\\\/\\\/velazquez24.es\\\/wp-content\\\/uploads\\\/2025\\\/08\\\/velazquez_logo-1080.jpg\",\"width\":1080,\"height\":608,\"caption\":\"Velazquez24\"},\"image\":{\"@id\":\"https:\\\/\\\/velazquez24.lucusprueba.es\\\/en\\\/#\\\/schema\\\/logo\\\/image\\\/\"}}]}<\/script>\n<!-- \/ Yoast SEO plugin. -->","yoast_head_json":{"title":"Lavoro come escort : +6000 euro per posto a VELAZQUEZ24","description":"VELAZQUEZ24 offre posti di lavoro come escort con guadagni superiori a 6000 euro per soggiorno. Pi\u00f9 di 20 anni di apertura ci garantiscono.","robots":{"index":"index","follow":"follow","max-snippet":"max-snippet:-1","max-image-preview":"max-image-preview:large","max-video-preview":"max-video-preview:-1"},"canonical":"https:\/\/velazquez24.es\/it\/luoghi-di-escort\/","og_locale":"it_IT","og_type":"article","og_title":"Lavoro come escort : +6000 euro per posto a VELAZQUEZ24","og_description":"VELAZQUEZ24 offre posti di lavoro come escort con guadagni superiori a 6000 euro per soggiorno. Pi\u00f9 di 20 anni di apertura ci garantiscono.","og_url":"https:\/\/velazquez24.es\/it\/luoghi-di-escort\/","og_site_name":"Velazquez24","article_modified_time":"2026-03-08T02:25:00+00:00","twitter_card":"summary_large_image","schema":{"@context":"https:\/\/schema.org","@graph":[{"@type":"WebPage","@id":"https:\/\/velazquez24.es\/it\/luoghi-di-escort\/","url":"https:\/\/velazquez24.es\/it\/luoghi-di-escort\/","name":"Lavoro come escort : +6000 euro per posto a VELAZQUEZ24","isPartOf":{"@id":"https:\/\/velazquez24.lucusprueba.es\/en\/#website"},"datePublished":"2025-08-08T10:09:50+00:00","dateModified":"2026-03-08T02:25:00+00:00","description":"VELAZQUEZ24 offre posti di lavoro come escort con guadagni superiori a 6000 euro per soggiorno. Pi\u00f9 di 20 anni di apertura ci garantiscono.","breadcrumb":{"@id":"https:\/\/velazquez24.es\/it\/luoghi-di-escort\/#breadcrumb"},"inLanguage":"it-IT","potentialAction":[{"@type":"ReadAction","target":["https:\/\/velazquez24.es\/it\/luoghi-di-escort\/"]}]},{"@type":"BreadcrumbList","@id":"https:\/\/velazquez24.es\/it\/luoghi-di-escort\/#breadcrumb","itemListElement":[{"@type":"ListItem","position":1,"name":"Portada","item":"https:\/\/velazquez24.es\/it\/"},{"@type":"ListItem","position":2,"name":"Luoghi di escort"}]},{"@type":"WebSite","@id":"https:\/\/velazquez24.lucusprueba.es\/en\/#website","url":"https:\/\/velazquez24.lucusprueba.es\/en\/","name":"Velazquez24.es","description":"Velazquez24, agenzia di ragazze escort a M\u00e1laga","publisher":{"@id":"https:\/\/velazquez24.lucusprueba.es\/en\/#organization"},"alternateName":"Velazquez24","potentialAction":[{"@type":"SearchAction","target":{"@type":"EntryPoint","urlTemplate":"https:\/\/velazquez24.lucusprueba.es\/en\/?s={search_term_string}"},"query-input":{"@type":"PropertyValueSpecification","valueRequired":true,"valueName":"search_term_string"}}],"inLanguage":"it-IT"},{"@type":"Organization","@id":"https:\/\/velazquez24.lucusprueba.es\/en\/#organization","name":"Velazquez24","url":"https:\/\/velazquez24.lucusprueba.es\/en\/","logo":{"@type":"ImageObject","inLanguage":"it-IT","@id":"https:\/\/velazquez24.lucusprueba.es\/en\/#\/schema\/logo\/image\/","url":"https:\/\/velazquez24.es\/wp-content\/uploads\/2025\/08\/velazquez_logo-1080.jpg","contentUrl":"https:\/\/velazquez24.es\/wp-content\/uploads\/2025\/08\/velazquez_logo-1080.jpg","width":1080,"height":608,"caption":"Velazquez24"},"image":{"@id":"https:\/\/velazquez24.lucusprueba.es\/en\/#\/schema\/logo\/image\/"}}]}},"_links":{"self":[{"href":"https:\/\/velazquez24.es\/it\/wp-json\/wp\/v2\/pages\/1215","targetHints":{"allow":["GET"]}}],"collection":[{"href":"https:\/\/velazquez24.es\/it\/wp-json\/wp\/v2\/pages"}],"about":[{"href":"https:\/\/velazquez24.es\/it\/wp-json\/wp\/v2\/types\/page"}],"author":[{"embeddable":true,"href":"https:\/\/velazquez24.es\/it\/wp-json\/wp\/v2\/users\/1"}],"replies":[{"embeddable":true,"href":"https:\/\/velazquez24.es\/it\/wp-json\/wp\/v2\/comments?post=1215"}],"version-history":[{"count":0,"href":"https:\/\/velazquez24.es\/it\/wp-json\/wp\/v2\/pages\/1215\/revisions"}],"wp:attachment":[{"href":"https:\/\/velazquez24.es\/it\/wp-json\/wp\/v2\/media?parent=1215"}],"curies":[{"name":"wp","href":"https:\/\/api.w.org\/{rel}","templated":true}]}}