{"id":7415,"date":"2025-08-08T10:09:50","date_gmt":"2025-08-08T10:09:50","guid":{"rendered":"https:\/\/velazquez24.es\/eskorter-steder\/"},"modified":"2026-03-08T19:23:32","modified_gmt":"2026-03-08T19:23:32","slug":"eskorter-steder","status":"publish","type":"page","link":"https:\/\/velazquez24.es\/no\/eskorter-steder\/","title":{"rendered":"Eskorter steder"},"content":{"rendered":"<div class=\"et_pb_section_0 et_pb_section et_section_regular et_flex_section\">\n<div class=\"et_pb_row_0 et_pb_row et_flex_row\">\n<div class=\"et_pb_column_0 et_pb_column et-last-child et_flex_column et_pb_css_mix_blend_mode_passthrough et_flex_column_24_24 et_flex_column_24_24_tablet et_flex_column_24_24_phone\">\n<div class=\"et_pb_text_0 et_pb_text et_pb_bg_layout_light et_pb_module et_block_module\"><div class=\"et_pb_text_inner\"><h1>ARBEID FOR ESKORTER<\/h1>\n<\/div><\/div>\n\n<div class=\"et_pb_text_1 et_pb_text et_pb_bg_layout_light et_pb_module et_block_module\"><div class=\"et_pb_text_inner\"><h2>Siden 2004 har vi tilbudt de beste stedene for eskorter<\/h2>\n<\/div><\/div>\n<\/div>\n<\/div>\n<\/div>\n\n<div class=\"et_pb_section_1 et_pb_section et_section_regular et_flex_section\">\n<div class=\"et_pb_row_1 et_pb_row et_flex_row\">\n<div class=\"et_pb_column_1 et_pb_column et-last-child et_flex_column et_pb_css_mix_blend_mode_passthrough et_flex_column_24_24 et_flex_column_24_24_tablet et_flex_column_24_24_phone\">\n<div class=\"et_pb_text_2 et_pb_text et_pb_bg_layout_light et_pb_module et_block_module\"><div class=\"et_pb_text_inner\"><p style=\"text-align: center;\"><span style=\"color: #ffffff;\">\u00c5PENT 24 TIMER I D\u00d8GNET, 7 DAGER I UKEN<\/span><\/p>\n<\/div><\/div>\n<\/div>\n<\/div>\n<\/div>\n\n<div class=\"et_pb_section_2 et_pb_section et_section_regular et_flex_section\">\n<div class=\"et_pb_row_2 et_pb_row et_flex_row\">\n<div class=\"et_pb_column_2 et_pb_column et-last-child et_flex_column et_pb_css_mix_blend_mode_passthrough et_flex_column_24_24 et_flex_column_24_24_tablet et_flex_column_24_24_phone\">\n<div class=\"et_pb_text_3 et_pb_text et_pb_bg_layout_light et_pb_module et_block_module\"><div class=\"et_pb_text_inner\"><p><strong>HVA VI KAN TILBY DEG HOS VELAZQUEZ24<\/strong><\/p>\n<\/div><\/div>\n<\/div>\n<\/div>\n\n<div class=\"et_pb_row_3 et_pb_row et_flex_row\">\n<div class=\"et_pb_column_3 et_pb_column et-last-child et_flex_column et_pb_css_mix_blend_mode_passthrough et_flex_column_24_24 et_flex_column_24_24_tablet et_flex_column_24_24_phone\">\n<div class=\"et_pb_text_4 et_pb_text et_pb_bg_layout_light et_pb_module et_block_module\"><div class=\"et_pb_text_inner\"><p style=\"text-align: justify;\">Hvis du er p\u00e5 utkikk etter en gratis 24-timers eller times stilling som escort jente, kan vi tilby deg \u00e5 v\u00e6re en del av det beste teamet som utgj\u00f8r det mest eksklusive bordellet i M\u00e1laga sentrum.<\/p>\n<p style=\"text-align: justify;\">Ta kontakt med oss n\u00e5, s\u00e5 forteller vi deg hvordan du kan tilby dine tjenester og hvilke egenskaper og fordeler du vil f\u00e5 ved \u00e5 bli en del av teamet v\u00e5rt.<\/p>\n<p style=\"text-align: center;\"><strong>V\u00c5RT RYKTE  <\/strong><\/p>\n<p style=\"text-align: justify;\">Med mer enn to ti\u00e5r p\u00e5 baken har vi etablert oss som det mest prestisjefylte og anerkjente bordellet i M\u00e1laga. I l\u00f8pet av disse 20 \u00e5rene har vi opparbeidet oss et solid rykte basert p\u00e5 diskresjon, profesjonalitet og fremragende service, noe som garanterer oss den mest utvalgte og lojale kundekretsen i byen, som stoler p\u00e5 v\u00e5r evne til \u00e5 tilby opplevelser av h\u00f8y kvalitet og opprettholde de h\u00f8yeste standarder. <\/p>\n<p style=\"text-align: center;\"><strong>MARKEDSF\u00d8RINGSTEAM<\/strong><\/p>\n<p style=\"text-align: justify;\">Som byr\u00e5 har vi v\u00e5rt eget markedsf\u00f8rings- og reklameteam som har ansvaret for \u00e5 administrere og markedsf\u00f8re annonsene og bildene dine, slik at du blir kjent av v\u00e5re kunder og brukere, og p\u00e5 denne m\u00e5ten garantere at du oppn\u00e5r dine \u00f8konomiske m\u00e5l. V\u00e5re kunder er sv\u00e6rt utvalgte, og vi samarbeider med de beste hotellkjedene i provinsen, for levering av v\u00e5re tjenester i form av eskorte tjenester. <\/p>\n<p style=\"text-align: center;\"><strong>FORDELENE VED \u00c5 BLI EN DEL AV TEAMET V\u00c5RT<\/strong><\/p>\n<p style=\"text-align: justify;\">N\u00e5r du blir med i teamet v\u00e5rt, f\u00e5r du en profesjonell fotografering som v\u00e5rt markedsf\u00f8rings- og annonseringsteam vil bruke til \u00e5 markedsf\u00f8re profilen din.<\/p>\n<p style=\"text-align: justify;\">N\u00e5r det gjelder engasjementet ditt, tilbyr vi deg det som passer dine behov, 24 timer i d\u00f8gnet med en varighet p\u00e5 1 til 3 uker eller en spesifikk timeplan fra mandag til fredag. Men viktigst av alt .... <\/p>\n<p style=\"text-align: center;\"><em><u>\"I DETTE HUSET TAR DU BETALT AV KUNDENE SLIK AT DU ALLTID HAR PENGENE I H\u00c5NDEN.\"<\/u><\/em><\/p>\n<p style=\"text-align: justify;\">Hos oss er ditt velv\u00e6re og din komfort v\u00e5r prioritet. Vi tilbyr et usl\u00e5elig arbeidsmilj\u00f8, designet for at du skal f\u00f8le deg som hjemme. Vi har komplette rom med kj\u00f8kken, internett og eget bad, samt en felles TV-stue der du kan slappe av og hvile deg. Personvern og sikkerhet er viktig for oss, og derfor har vi \u00e5tte private suiter, som alle er utstyrt slik at du kan ta deg av kundene dine med total diskresjon, komfort og hygiene, noe som garanterer serviceopplevelse av h\u00f8yeste kvalitet i et helt trygt milj\u00f8.   <\/p>\n<p>&nbsp;<\/p>\n<p style=\"text-align: justify;\">S\u00e5 hvis du er over 18 \u00e5r, har dokumentene dine i orden og er interessert i \u00e5 \u00f8ke inntekten din, h\u00e5per vi at du vil kontakte oss med en gang!!! Du kan <strong>KONTAKTE<\/strong> oss, bare klikk p\u00e5 chat-ikonet nederst p\u00e5 skjermen din hvor vi vil hjelpe deg umiddelbart.<\/p>\n<\/div><\/div>\n<\/div>\n<\/div>\n<\/div>\n\n<div class=\"et_pb_section_3 et_pb_section et_section_regular et_flex_section\">\n<div class=\"et_pb_row_4 et_pb_row et_flex_row\">\n<div class=\"et_pb_column_4 et_pb_column et-last-child et_flex_column et_pb_css_mix_blend_mode_passthrough et_flex_column_24_24 et_flex_column_24_24_tablet et_flex_column_24_24_phone\">\n<div class=\"et_pb_text_5 et_pb_text et_pb_bg_layout_light et_pb_module et_block_module\"><div class=\"et_pb_text_inner\"><p>HVORFOR LAGE EN PLASS P\u00c5 VELAZQUEZ24<\/p>\n<\/div><\/div>\n<\/div>\n<\/div>\n\n<div class=\"et_pb_row_5 et_pb_row et_flex_row\">\n<div class=\"et_pb_column_5 et_pb_column et_flex_column et_pb_css_mix_blend_mode_passthrough et_flex_column_8_24 et_flex_column_8_24_tablet et_flex_column_24_24_phone\">\n<div class=\"et_pb_image_0 et_pb_image et_pb_module et_block_module\"><span class=\"et_pb_image_wrap\"><img decoding=\"async\" src=\"https:\/\/velazquez24.es\/wp-content\/uploads\/2025\/08\/Putas-a-domicilio-en-Malaga-las-24-horas.jpg\" width=\"96\" height=\"96\" srcset=\"https:\/\/velazquez24.es\/wp-content\/uploads\/2025\/08\/Putas-a-domicilio-en-Malaga-las-24-horas.jpg 96w\" sizes=\"(max-width: 96px) 100vw, 96px\" class=\"wp-image-227\" title=\"Putas a domicilio en M\u00e1laga las 24 horas\" alt=\"Putas a domicilio en M\u00e1laga las 24 horas\" \/><\/span><\/div>\n\n<div class=\"et_pb_text_6 et_pb_text et_pb_bg_layout_light et_pb_module et_block_module\"><div class=\"et_pb_text_inner\"><p>DEN MEST EKSKLUSIVE KUNDEKRETSEN<\/p>\n<\/div><\/div>\n\n<div class=\"et_pb_text_7 et_pb_text et_pb_bg_layout_light et_pb_module et_block_module\"><div class=\"et_pb_text_inner\"><p>Med mer enn to ti\u00e5r med erfaring har vi etablert oss som det mest prestisjefylte og anerkjente bordellet i M\u00e1laga. V\u00e5rt solide rykte har gitt oss en utvalgt og lojal kundekrets som stoler fullt og helt p\u00e5 kvaliteten p\u00e5 v\u00e5re tjenester og v\u00e5r h\u00f8ye standard. <\/p>\n<\/div><\/div>\n<\/div>\n\n<div class=\"et_pb_column_6 et_pb_column et_flex_column et_pb_css_mix_blend_mode_passthrough et_flex_column_8_24 et_flex_column_8_24_tablet et_flex_column_24_24_phone\">\n<div class=\"et_pb_image_1 et_pb_image et_pb_module et_block_module\"><span class=\"et_pb_image_wrap\"><img decoding=\"async\" src=\"https:\/\/velazquez24.es\/wp-content\/uploads\/2025\/08\/Servicio-escorts-en-Malaga-desde-2004.jpg\" width=\"96\" height=\"96\" srcset=\"https:\/\/velazquez24.es\/wp-content\/uploads\/2025\/08\/Servicio-escorts-en-Malaga-desde-2004.jpg 96w\" sizes=\"(max-width: 96px) 100vw, 96px\" class=\"wp-image-232\" title=\"Servicio escorts en M\u00e1laga desde 2004\" alt=\"Servicio escorts en M\u00e1laga desde 2004\" \/><\/span><\/div>\n\n<div class=\"et_pb_text_8 et_pb_text et_pb_bg_layout_light et_pb_module et_block_module\"><div class=\"et_pb_text_inner\"><p class=\"elementor-image-box-title\">HVORDAN DU KAN OVERG\u00c5 DINE \u00d8KONOMISKE M\u00c5L<\/p>\n<\/div><\/div>\n\n<div class=\"et_pb_text_9 et_pb_text et_pb_bg_layout_light et_pb_module et_block_module\"><div class=\"et_pb_text_inner\"><p>V\u00e5rt markedsf\u00f8rings- og annonseringsteam fokuserer p\u00e5 \u00e5 fremme profilen din og \u00f8ke synligheten din. Med profesjonelle fotoshoots og en strategisk styring av annonsene dine garanterer vi at du n\u00e5r dine \u00f8konomiske m\u00e5l.   <\/p>\n<\/div><\/div>\n<\/div>\n\n<div class=\"et_pb_column_7 et_pb_column et-last-child et_flex_column et_pb_css_mix_blend_mode_passthrough et_flex_column_8_24 et_flex_column_8_24_tablet et_flex_column_24_24_phone\">\n<div class=\"et_pb_image_2 et_pb_image et_pb_module et_block_module\"><span class=\"et_pb_image_wrap\"><img decoding=\"async\" src=\"https:\/\/velazquez24.es\/wp-content\/uploads\/2025\/08\/Putas-a-domicilio-en-MalagaTorremolinosBenalmadena-y-Fuengirola.jpg\" width=\"96\" height=\"96\" srcset=\"https:\/\/velazquez24.es\/wp-content\/uploads\/2025\/08\/Putas-a-domicilio-en-MalagaTorremolinosBenalmadena-y-Fuengirola.jpg 96w\" sizes=\"(max-width: 96px) 100vw, 96px\" class=\"wp-image-229\" title=\"Putas a domicilio en M\u00e1laga,Torremolinos,Benalmadena y Fuengirola\" alt=\"Putas a domicilio en M\u00e1laga,Torremolinos,Benalmadena y Fuengirola\" \/><\/span><\/div>\n\n<div class=\"et_pb_text_10 et_pb_text et_pb_bg_layout_light et_pb_module et_block_module\"><div class=\"et_pb_text_inner\"><p>V\u00c5RE ANLEGG<\/p>\n<\/div><\/div>\n\n<div class=\"et_pb_text_11 et_pb_text et_pb_bg_layout_light et_pb_module et_block_module\"><div class=\"et_pb_text_inner\"><p>V\u00e5rt hovedfokus er din trivsel. Vi tilbyr et eksepsjonelt arbeidsmilj\u00f8 med komplett innkvartering, inkludert kj\u00f8kken, internett og eget bad, samt en TV-stue. For \u00e5 sikre ditt og dine avtalers personvern har vi \u00e5tte diskrete suiter, designet for at du skal kunne jobbe komfortabelt.  <\/p>\n<\/div><\/div>\n<\/div>\n<\/div>\n<\/div>","protected":false},"excerpt":{"rendered":"","protected":false},"author":1,"featured_media":0,"parent":0,"menu_order":0,"comment_status":"closed","ping_status":"closed","template":"","meta":{"_acf_changed":false,"footnotes":""},"class_list":["post-7415","page","type-page","status-publish","hentry"],"acf":[],"yoast_head":"<!-- This site is optimized with the Yoast SEO plugin v27.5 - https:\/\/yoast.com\/product\/yoast-seo-wordpress\/ -->\n<title>Arbeid som escort : +6000 euro per sted i Velazquez24<\/title>\n<meta name=\"description\" content=\"Velazquez24 tilbyr steder \u00e5 jobbe som escort jente med inntekter over 6000 euro per opphold. Mer enn 20 \u00e5r \u00e5pen garanti oss.\" \/>\n<meta name=\"robots\" content=\"index, follow, max-snippet:-1, max-image-preview:large, max-video-preview:-1\" \/>\n<link rel=\"canonical\" href=\"https:\/\/velazquez24.es\/no\/eskorter-steder\/\" \/>\n<meta property=\"og:locale\" content=\"nb_NO\" \/>\n<meta property=\"og:type\" content=\"article\" \/>\n<meta property=\"og:title\" content=\"Arbeid som escort : +6000 euro per sted i Velazquez24\" \/>\n<meta property=\"og:description\" content=\"Velazquez24 tilbyr steder \u00e5 jobbe som escort jente med inntekter over 6000 euro per opphold. Mer enn 20 \u00e5r \u00e5pen garanti oss.\" \/>\n<meta property=\"og:url\" content=\"https:\/\/velazquez24.es\/no\/eskorter-steder\/\" \/>\n<meta property=\"og:site_name\" content=\"Velazquez24\" \/>\n<meta property=\"article:modified_time\" content=\"2026-03-08T19:23:32+00:00\" \/>\n<meta name=\"twitter:card\" content=\"summary_large_image\" \/>\n<script type=\"application\/ld+json\" class=\"yoast-schema-graph\">{\"@context\":\"https:\\\/\\\/schema.org\",\"@graph\":[{\"@type\":\"WebPage\",\"@id\":\"https:\\\/\\\/velazquez24.es\\\/no\\\/eskorter-steder\\\/\",\"url\":\"https:\\\/\\\/velazquez24.es\\\/no\\\/eskorter-steder\\\/\",\"name\":\"Arbeid som escort : +6000 euro per sted i Velazquez24\",\"isPartOf\":{\"@id\":\"https:\\\/\\\/velazquez24.lucusprueba.es\\\/en\\\/#website\"},\"datePublished\":\"2025-08-08T10:09:50+00:00\",\"dateModified\":\"2026-03-08T19:23:32+00:00\",\"description\":\"Velazquez24 tilbyr steder \u00e5 jobbe som escort jente med inntekter over 6000 euro per opphold. Mer enn 20 \u00e5r \u00e5pen garanti oss.\",\"breadcrumb\":{\"@id\":\"https:\\\/\\\/velazquez24.es\\\/no\\\/eskorter-steder\\\/#breadcrumb\"},\"inLanguage\":\"nb-NO\",\"potentialAction\":[{\"@type\":\"ReadAction\",\"target\":[\"https:\\\/\\\/velazquez24.es\\\/no\\\/eskorter-steder\\\/\"]}]},{\"@type\":\"BreadcrumbList\",\"@id\":\"https:\\\/\\\/velazquez24.es\\\/no\\\/eskorter-steder\\\/#breadcrumb\",\"itemListElement\":[{\"@type\":\"ListItem\",\"position\":1,\"name\":\"Portada\",\"item\":\"https:\\\/\\\/velazquez24.es\\\/no\\\/\"},{\"@type\":\"ListItem\",\"position\":2,\"name\":\"Eskorter steder\"}]},{\"@type\":\"WebSite\",\"@id\":\"https:\\\/\\\/velazquez24.lucusprueba.es\\\/en\\\/#website\",\"url\":\"https:\\\/\\\/velazquez24.lucusprueba.es\\\/en\\\/\",\"name\":\"Velazquez24.es\",\"description\":\"Velazquez24, agencia de chicas escorts en M\u00e1laga\",\"publisher\":{\"@id\":\"https:\\\/\\\/velazquez24.lucusprueba.es\\\/en\\\/#organization\"},\"alternateName\":\"Velazquez24\",\"potentialAction\":[{\"@type\":\"SearchAction\",\"target\":{\"@type\":\"EntryPoint\",\"urlTemplate\":\"https:\\\/\\\/velazquez24.lucusprueba.es\\\/en\\\/?s={search_term_string}\"},\"query-input\":{\"@type\":\"PropertyValueSpecification\",\"valueRequired\":true,\"valueName\":\"search_term_string\"}}],\"inLanguage\":\"nb-NO\"},{\"@type\":\"Organization\",\"@id\":\"https:\\\/\\\/velazquez24.lucusprueba.es\\\/en\\\/#organization\",\"name\":\"Velazquez24\",\"url\":\"https:\\\/\\\/velazquez24.lucusprueba.es\\\/en\\\/\",\"logo\":{\"@type\":\"ImageObject\",\"inLanguage\":\"nb-NO\",\"@id\":\"https:\\\/\\\/velazquez24.lucusprueba.es\\\/en\\\/#\\\/schema\\\/logo\\\/image\\\/\",\"url\":\"https:\\\/\\\/velazquez24.es\\\/wp-content\\\/uploads\\\/2025\\\/08\\\/velazquez_logo-1080.jpg\",\"contentUrl\":\"https:\\\/\\\/velazquez24.es\\\/wp-content\\\/uploads\\\/2025\\\/08\\\/velazquez_logo-1080.jpg\",\"width\":1080,\"height\":608,\"caption\":\"Velazquez24\"},\"image\":{\"@id\":\"https:\\\/\\\/velazquez24.lucusprueba.es\\\/en\\\/#\\\/schema\\\/logo\\\/image\\\/\"}}]}<\/script>\n<!-- \/ Yoast SEO plugin. -->","yoast_head_json":{"title":"Arbeid som escort : +6000 euro per sted i Velazquez24","description":"Velazquez24 tilbyr steder \u00e5 jobbe som escort jente med inntekter over 6000 euro per opphold. Mer enn 20 \u00e5r \u00e5pen garanti oss.","robots":{"index":"index","follow":"follow","max-snippet":"max-snippet:-1","max-image-preview":"max-image-preview:large","max-video-preview":"max-video-preview:-1"},"canonical":"https:\/\/velazquez24.es\/no\/eskorter-steder\/","og_locale":"nb_NO","og_type":"article","og_title":"Arbeid som escort : +6000 euro per sted i Velazquez24","og_description":"Velazquez24 tilbyr steder \u00e5 jobbe som escort jente med inntekter over 6000 euro per opphold. Mer enn 20 \u00e5r \u00e5pen garanti oss.","og_url":"https:\/\/velazquez24.es\/no\/eskorter-steder\/","og_site_name":"Velazquez24","article_modified_time":"2026-03-08T19:23:32+00:00","twitter_card":"summary_large_image","schema":{"@context":"https:\/\/schema.org","@graph":[{"@type":"WebPage","@id":"https:\/\/velazquez24.es\/no\/eskorter-steder\/","url":"https:\/\/velazquez24.es\/no\/eskorter-steder\/","name":"Arbeid som escort : +6000 euro per sted i Velazquez24","isPartOf":{"@id":"https:\/\/velazquez24.lucusprueba.es\/en\/#website"},"datePublished":"2025-08-08T10:09:50+00:00","dateModified":"2026-03-08T19:23:32+00:00","description":"Velazquez24 tilbyr steder \u00e5 jobbe som escort jente med inntekter over 6000 euro per opphold. Mer enn 20 \u00e5r \u00e5pen garanti oss.","breadcrumb":{"@id":"https:\/\/velazquez24.es\/no\/eskorter-steder\/#breadcrumb"},"inLanguage":"nb-NO","potentialAction":[{"@type":"ReadAction","target":["https:\/\/velazquez24.es\/no\/eskorter-steder\/"]}]},{"@type":"BreadcrumbList","@id":"https:\/\/velazquez24.es\/no\/eskorter-steder\/#breadcrumb","itemListElement":[{"@type":"ListItem","position":1,"name":"Portada","item":"https:\/\/velazquez24.es\/no\/"},{"@type":"ListItem","position":2,"name":"Eskorter steder"}]},{"@type":"WebSite","@id":"https:\/\/velazquez24.lucusprueba.es\/en\/#website","url":"https:\/\/velazquez24.lucusprueba.es\/en\/","name":"Velazquez24.es","description":"Velazquez24, agencia de chicas escorts en M\u00e1laga","publisher":{"@id":"https:\/\/velazquez24.lucusprueba.es\/en\/#organization"},"alternateName":"Velazquez24","potentialAction":[{"@type":"SearchAction","target":{"@type":"EntryPoint","urlTemplate":"https:\/\/velazquez24.lucusprueba.es\/en\/?s={search_term_string}"},"query-input":{"@type":"PropertyValueSpecification","valueRequired":true,"valueName":"search_term_string"}}],"inLanguage":"nb-NO"},{"@type":"Organization","@id":"https:\/\/velazquez24.lucusprueba.es\/en\/#organization","name":"Velazquez24","url":"https:\/\/velazquez24.lucusprueba.es\/en\/","logo":{"@type":"ImageObject","inLanguage":"nb-NO","@id":"https:\/\/velazquez24.lucusprueba.es\/en\/#\/schema\/logo\/image\/","url":"https:\/\/velazquez24.es\/wp-content\/uploads\/2025\/08\/velazquez_logo-1080.jpg","contentUrl":"https:\/\/velazquez24.es\/wp-content\/uploads\/2025\/08\/velazquez_logo-1080.jpg","width":1080,"height":608,"caption":"Velazquez24"},"image":{"@id":"https:\/\/velazquez24.lucusprueba.es\/en\/#\/schema\/logo\/image\/"}}]}},"_links":{"self":[{"href":"https:\/\/velazquez24.es\/no\/wp-json\/wp\/v2\/pages\/7415","targetHints":{"allow":["GET"]}}],"collection":[{"href":"https:\/\/velazquez24.es\/no\/wp-json\/wp\/v2\/pages"}],"about":[{"href":"https:\/\/velazquez24.es\/no\/wp-json\/wp\/v2\/types\/page"}],"author":[{"embeddable":true,"href":"https:\/\/velazquez24.es\/no\/wp-json\/wp\/v2\/users\/1"}],"replies":[{"embeddable":true,"href":"https:\/\/velazquez24.es\/no\/wp-json\/wp\/v2\/comments?post=7415"}],"version-history":[{"count":0,"href":"https:\/\/velazquez24.es\/no\/wp-json\/wp\/v2\/pages\/7415\/revisions"}],"wp:attachment":[{"href":"https:\/\/velazquez24.es\/no\/wp-json\/wp\/v2\/media?parent=7415"}],"curies":[{"name":"wp","href":"https:\/\/api.w.org\/{rel}","templated":true}]}}