{"id":7423,"date":"2025-08-08T10:13:37","date_gmt":"2025-08-08T10:13:37","guid":{"rendered":"https:\/\/velazquez24.es\/kontakt-velazquez24\/"},"modified":"2026-03-08T19:23:38","modified_gmt":"2026-03-08T19:23:38","slug":"kontakt-velazquez24","status":"publish","type":"page","link":"https:\/\/velazquez24.es\/no\/kontakt-velazquez24\/","title":{"rendered":"Kontakt Velazquez24"},"content":{"rendered":"<div class=\"et_pb_section_0 et_pb_section et_section_regular et_flex_section\">\n<div class=\"et_pb_row_0 et_pb_row et_flex_row\">\n<div class=\"et_pb_column_0 et_pb_column et-last-child et_flex_column et_pb_css_mix_blend_mode_passthrough et_flex_column_24_24 et_flex_column_24_24_tablet et_flex_column_24_24_phone\">\n<div class=\"et_pb_text_0 et_pb_text et_pb_bg_layout_light et_pb_module et_block_module\"><div class=\"et_pb_text_inner\"><h1>KONTAKT<\/h1>\n<\/div><\/div>\n\n<div class=\"et_pb_text_1 et_pb_text et_pb_bg_layout_light et_pb_module et_block_module\"><div class=\"et_pb_text_inner\"><p style=\"text-align: justify;\">Hvis du har sp\u00f8rsm\u00e5l, \u00f8nsker \u00e5 avtale en time med en av damene v\u00e5re eller foretrekker \u00e5 be om et hjemmebes\u00f8k p\u00e5 hotellet eller i privatboligen din, st\u00e5r resepsjonsteamet v\u00e5rt til din disposisjon for \u00e5 hjelpe deg. Vi hjelper deg gjerne 24\/7, 7 dager i uken. <\/p>\n<p style=\"text-align: justify;\">Du kan kontakte v\u00e5rt bordell gjennom f\u00f8lgende kanaler, som er utformet for \u00e5 gi deg maksimal bekvemmelighet:<\/p>\n<p style=\"text-align: justify;\"><strong>Live<\/strong> chat: Klikk p\u00e5 chat-ikonet nederst p\u00e5 skjermen for \u00e5 kommunisere direkte med resepsjonisten v\u00e5r. Hun vil gi deg umiddelbar og personlig oppmerksomhet for \u00e5 l\u00f8se sp\u00f8rsm\u00e5lene dine umiddelbart. Det er viktig \u00e5 informere deg om at hvis vi ikke svarer umiddelbart, er det fordi vi tar oss av kunder som allerede er i huset; vi ber om litt t\u00e5lmodighet for \u00e5 bli tatt h\u00e5nd om. Du kan la chatten v\u00e6re \u00e5pen mens du venter, da vi vil varsle deg med et lydsignal n\u00e5r vi svarer deg.   <\/p>\n<p style=\"text-align: justify;\"><strong>Samtaler:<\/strong> Vi hjelper deg gjerne per telefon, v\u00e5r +34636830060-linje er tilgjengelig 24 timer i d\u00f8gnet.<\/p>\n<p style=\"text-align: justify;\">Meldinger<strong>:<\/strong> For de som foretrekker skriftlig kommunikasjon, tilbyr vi muligheten til \u00e5 sende meldinger via WhatsApp og Telegram, v\u00e5r linje +34636830060 er i drift 24 timer i d\u00f8gnet.<\/p>\n<p style=\"text-align: justify;\"><strong><\/strong><\/p>\n<p style=\"text-align: justify;\"><strong>Kj\u00e6re kunde:<\/strong><\/p>\n<p style=\"text-align: justify;\">N\u00e5r du kontakter oss, uansett kommunikasjonsmiddel, b\u00f8r du huske p\u00e5 f\u00f8lgende: Personen som svarer deg er ikke en jente som tilbyr tjenester til herrer, men en vanlig resepsjonist, s\u00e5 vennligst bruk et passende ordforr\u00e5d og en passende tone.<\/p>\n<p style=\"text-align: justify;\">V\u00e5rt byr\u00e5 har alltid v\u00e6rt opptatt av \u00e5 bruke et respektfullt vokabular og en respektfull behandling, b\u00e5de mellom klientene som bes\u00f8ker oss og de ansatte som er til stede hos oss.<\/p>\n<\/div><\/div>\n<\/div>\n<\/div>\n<\/div>","protected":false},"excerpt":{"rendered":"","protected":false},"author":1,"featured_media":0,"parent":0,"menu_order":0,"comment_status":"closed","ping_status":"closed","template":"","meta":{"_acf_changed":false,"footnotes":""},"class_list":["post-7423","page","type-page","status-publish","hentry"],"acf":[],"yoast_head":"<!-- This site is optimized with the Yoast SEO plugin v27.5 - https:\/\/yoast.com\/product\/yoast-seo-wordpress\/ -->\n<title>Kontakt med Velazquez24 | Vi tar vare p\u00e5 deg 24 timer i d\u00f8gnet.<\/title>\n<meta name=\"description\" content=\"Kontakt Velazquez24 ved hjelp av v\u00e5r online chat, eller vi svarer ogs\u00e5 p\u00e5 samtaler og WhatsApp p\u00e5 +34636830060\" \/>\n<meta name=\"robots\" content=\"index, follow, max-snippet:-1, max-image-preview:large, max-video-preview:-1\" \/>\n<link rel=\"canonical\" href=\"https:\/\/velazquez24.es\/no\/kontakt-velazquez24\/\" \/>\n<meta property=\"og:locale\" content=\"nb_NO\" \/>\n<meta property=\"og:type\" content=\"article\" \/>\n<meta property=\"og:title\" content=\"Kontakt med Velazquez24 | Vi tar vare p\u00e5 deg 24 timer i d\u00f8gnet.\" \/>\n<meta property=\"og:description\" content=\"Kontakt Velazquez24 ved hjelp av v\u00e5r online chat, eller vi svarer ogs\u00e5 p\u00e5 samtaler og WhatsApp p\u00e5 +34636830060\" \/>\n<meta property=\"og:url\" content=\"https:\/\/velazquez24.es\/no\/kontakt-velazquez24\/\" \/>\n<meta property=\"og:site_name\" content=\"Velazquez24\" \/>\n<meta property=\"article:modified_time\" content=\"2026-03-08T19:23:38+00:00\" \/>\n<meta name=\"twitter:card\" content=\"summary_large_image\" \/>\n<script type=\"application\/ld+json\" class=\"yoast-schema-graph\">{\"@context\":\"https:\\\/\\\/schema.org\",\"@graph\":[{\"@type\":\"WebPage\",\"@id\":\"https:\\\/\\\/velazquez24.es\\\/no\\\/kontakt-velazquez24\\\/\",\"url\":\"https:\\\/\\\/velazquez24.es\\\/no\\\/kontakt-velazquez24\\\/\",\"name\":\"Kontakt med Velazquez24 | Vi tar vare p\u00e5 deg 24 timer i d\u00f8gnet.\",\"isPartOf\":{\"@id\":\"https:\\\/\\\/velazquez24.lucusprueba.es\\\/en\\\/#website\"},\"datePublished\":\"2025-08-08T10:13:37+00:00\",\"dateModified\":\"2026-03-08T19:23:38+00:00\",\"description\":\"Kontakt Velazquez24 ved hjelp av v\u00e5r online chat, eller vi svarer ogs\u00e5 p\u00e5 samtaler og WhatsApp p\u00e5 +34636830060\",\"breadcrumb\":{\"@id\":\"https:\\\/\\\/velazquez24.es\\\/no\\\/kontakt-velazquez24\\\/#breadcrumb\"},\"inLanguage\":\"nb-NO\",\"potentialAction\":[{\"@type\":\"ReadAction\",\"target\":[\"https:\\\/\\\/velazquez24.es\\\/no\\\/kontakt-velazquez24\\\/\"]}]},{\"@type\":\"BreadcrumbList\",\"@id\":\"https:\\\/\\\/velazquez24.es\\\/no\\\/kontakt-velazquez24\\\/#breadcrumb\",\"itemListElement\":[{\"@type\":\"ListItem\",\"position\":1,\"name\":\"Portada\",\"item\":\"https:\\\/\\\/velazquez24.es\\\/no\\\/\"},{\"@type\":\"ListItem\",\"position\":2,\"name\":\"Kontakt Velazquez24\"}]},{\"@type\":\"WebSite\",\"@id\":\"https:\\\/\\\/velazquez24.lucusprueba.es\\\/en\\\/#website\",\"url\":\"https:\\\/\\\/velazquez24.lucusprueba.es\\\/en\\\/\",\"name\":\"Velazquez24.es\",\"description\":\"Velazquez24, agencia de chicas escorts en M\u00e1laga\",\"publisher\":{\"@id\":\"https:\\\/\\\/velazquez24.lucusprueba.es\\\/en\\\/#organization\"},\"alternateName\":\"Velazquez24\",\"potentialAction\":[{\"@type\":\"SearchAction\",\"target\":{\"@type\":\"EntryPoint\",\"urlTemplate\":\"https:\\\/\\\/velazquez24.lucusprueba.es\\\/en\\\/?s={search_term_string}\"},\"query-input\":{\"@type\":\"PropertyValueSpecification\",\"valueRequired\":true,\"valueName\":\"search_term_string\"}}],\"inLanguage\":\"nb-NO\"},{\"@type\":\"Organization\",\"@id\":\"https:\\\/\\\/velazquez24.lucusprueba.es\\\/en\\\/#organization\",\"name\":\"Velazquez24\",\"url\":\"https:\\\/\\\/velazquez24.lucusprueba.es\\\/en\\\/\",\"logo\":{\"@type\":\"ImageObject\",\"inLanguage\":\"nb-NO\",\"@id\":\"https:\\\/\\\/velazquez24.lucusprueba.es\\\/en\\\/#\\\/schema\\\/logo\\\/image\\\/\",\"url\":\"https:\\\/\\\/velazquez24.es\\\/wp-content\\\/uploads\\\/2025\\\/08\\\/velazquez_logo-1080.jpg\",\"contentUrl\":\"https:\\\/\\\/velazquez24.es\\\/wp-content\\\/uploads\\\/2025\\\/08\\\/velazquez_logo-1080.jpg\",\"width\":1080,\"height\":608,\"caption\":\"Velazquez24\"},\"image\":{\"@id\":\"https:\\\/\\\/velazquez24.lucusprueba.es\\\/en\\\/#\\\/schema\\\/logo\\\/image\\\/\"}}]}<\/script>\n<!-- \/ Yoast SEO plugin. -->","yoast_head_json":{"title":"Kontakt med Velazquez24 | Vi tar vare p\u00e5 deg 24 timer i d\u00f8gnet.","description":"Kontakt Velazquez24 ved hjelp av v\u00e5r online chat, eller vi svarer ogs\u00e5 p\u00e5 samtaler og WhatsApp p\u00e5 +34636830060","robots":{"index":"index","follow":"follow","max-snippet":"max-snippet:-1","max-image-preview":"max-image-preview:large","max-video-preview":"max-video-preview:-1"},"canonical":"https:\/\/velazquez24.es\/no\/kontakt-velazquez24\/","og_locale":"nb_NO","og_type":"article","og_title":"Kontakt med Velazquez24 | Vi tar vare p\u00e5 deg 24 timer i d\u00f8gnet.","og_description":"Kontakt Velazquez24 ved hjelp av v\u00e5r online chat, eller vi svarer ogs\u00e5 p\u00e5 samtaler og WhatsApp p\u00e5 +34636830060","og_url":"https:\/\/velazquez24.es\/no\/kontakt-velazquez24\/","og_site_name":"Velazquez24","article_modified_time":"2026-03-08T19:23:38+00:00","twitter_card":"summary_large_image","schema":{"@context":"https:\/\/schema.org","@graph":[{"@type":"WebPage","@id":"https:\/\/velazquez24.es\/no\/kontakt-velazquez24\/","url":"https:\/\/velazquez24.es\/no\/kontakt-velazquez24\/","name":"Kontakt med Velazquez24 | Vi tar vare p\u00e5 deg 24 timer i d\u00f8gnet.","isPartOf":{"@id":"https:\/\/velazquez24.lucusprueba.es\/en\/#website"},"datePublished":"2025-08-08T10:13:37+00:00","dateModified":"2026-03-08T19:23:38+00:00","description":"Kontakt Velazquez24 ved hjelp av v\u00e5r online chat, eller vi svarer ogs\u00e5 p\u00e5 samtaler og WhatsApp p\u00e5 +34636830060","breadcrumb":{"@id":"https:\/\/velazquez24.es\/no\/kontakt-velazquez24\/#breadcrumb"},"inLanguage":"nb-NO","potentialAction":[{"@type":"ReadAction","target":["https:\/\/velazquez24.es\/no\/kontakt-velazquez24\/"]}]},{"@type":"BreadcrumbList","@id":"https:\/\/velazquez24.es\/no\/kontakt-velazquez24\/#breadcrumb","itemListElement":[{"@type":"ListItem","position":1,"name":"Portada","item":"https:\/\/velazquez24.es\/no\/"},{"@type":"ListItem","position":2,"name":"Kontakt Velazquez24"}]},{"@type":"WebSite","@id":"https:\/\/velazquez24.lucusprueba.es\/en\/#website","url":"https:\/\/velazquez24.lucusprueba.es\/en\/","name":"Velazquez24.es","description":"Velazquez24, agencia de chicas escorts en M\u00e1laga","publisher":{"@id":"https:\/\/velazquez24.lucusprueba.es\/en\/#organization"},"alternateName":"Velazquez24","potentialAction":[{"@type":"SearchAction","target":{"@type":"EntryPoint","urlTemplate":"https:\/\/velazquez24.lucusprueba.es\/en\/?s={search_term_string}"},"query-input":{"@type":"PropertyValueSpecification","valueRequired":true,"valueName":"search_term_string"}}],"inLanguage":"nb-NO"},{"@type":"Organization","@id":"https:\/\/velazquez24.lucusprueba.es\/en\/#organization","name":"Velazquez24","url":"https:\/\/velazquez24.lucusprueba.es\/en\/","logo":{"@type":"ImageObject","inLanguage":"nb-NO","@id":"https:\/\/velazquez24.lucusprueba.es\/en\/#\/schema\/logo\/image\/","url":"https:\/\/velazquez24.es\/wp-content\/uploads\/2025\/08\/velazquez_logo-1080.jpg","contentUrl":"https:\/\/velazquez24.es\/wp-content\/uploads\/2025\/08\/velazquez_logo-1080.jpg","width":1080,"height":608,"caption":"Velazquez24"},"image":{"@id":"https:\/\/velazquez24.lucusprueba.es\/en\/#\/schema\/logo\/image\/"}}]}},"_links":{"self":[{"href":"https:\/\/velazquez24.es\/no\/wp-json\/wp\/v2\/pages\/7423","targetHints":{"allow":["GET"]}}],"collection":[{"href":"https:\/\/velazquez24.es\/no\/wp-json\/wp\/v2\/pages"}],"about":[{"href":"https:\/\/velazquez24.es\/no\/wp-json\/wp\/v2\/types\/page"}],"author":[{"embeddable":true,"href":"https:\/\/velazquez24.es\/no\/wp-json\/wp\/v2\/users\/1"}],"replies":[{"embeddable":true,"href":"https:\/\/velazquez24.es\/no\/wp-json\/wp\/v2\/comments?post=7423"}],"version-history":[{"count":0,"href":"https:\/\/velazquez24.es\/no\/wp-json\/wp\/v2\/pages\/7423\/revisions"}],"wp:attachment":[{"href":"https:\/\/velazquez24.es\/no\/wp-json\/wp\/v2\/media?parent=7423"}],"curies":[{"name":"wp","href":"https:\/\/api.w.org\/{rel}","templated":true}]}}