{"id":7411,"date":"2025-08-08T10:09:50","date_gmt":"2025-08-08T10:09:50","guid":{"rendered":"https:\/\/velazquez24.es\/escorts-platser\/"},"modified":"2026-03-08T19:23:32","modified_gmt":"2026-03-08T19:23:32","slug":"escorts-platser","status":"publish","type":"page","link":"https:\/\/velazquez24.es\/sv\/escorts-platser\/","title":{"rendered":"Escorts platser"},"content":{"rendered":"<div class=\"et_pb_section_0 et_pb_section et_section_regular et_flex_section\">\n<div class=\"et_pb_row_0 et_pb_row et_flex_row\">\n<div class=\"et_pb_column_0 et_pb_column et-last-child et_flex_column et_pb_css_mix_blend_mode_passthrough et_flex_column_24_24 et_flex_column_24_24_tablet et_flex_column_24_24_phone\">\n<div class=\"et_pb_text_0 et_pb_text et_pb_bg_layout_light et_pb_module et_block_module\"><div class=\"et_pb_text_inner\"><h1>ARBETE F\u00d6R ESKORTER<\/h1>\n<\/div><\/div>\n\n<div class=\"et_pb_text_1 et_pb_text et_pb_bg_layout_light et_pb_module et_block_module\"><div class=\"et_pb_text_inner\"><h2>Sedan 2004 erbjuder vi de b\u00e4sta platserna f\u00f6r eskorter<\/h2>\n<\/div><\/div>\n<\/div>\n<\/div>\n<\/div>\n\n<div class=\"et_pb_section_1 et_pb_section et_section_regular et_flex_section\">\n<div class=\"et_pb_row_1 et_pb_row et_flex_row\">\n<div class=\"et_pb_column_1 et_pb_column et-last-child et_flex_column et_pb_css_mix_blend_mode_passthrough et_flex_column_24_24 et_flex_column_24_24_tablet et_flex_column_24_24_phone\">\n<div class=\"et_pb_text_2 et_pb_text et_pb_bg_layout_light et_pb_module et_block_module\"><div class=\"et_pb_text_inner\"><p style=\"text-align: center;\"><span style=\"color: #ffffff;\">\u00d6PPET 24 TIMMAR OM DYGNET VARJE DAG<\/span><\/p>\n<\/div><\/div>\n<\/div>\n<\/div>\n<\/div>\n\n<div class=\"et_pb_section_2 et_pb_section et_section_regular et_flex_section\">\n<div class=\"et_pb_row_2 et_pb_row et_flex_row\">\n<div class=\"et_pb_column_2 et_pb_column et-last-child et_flex_column et_pb_css_mix_blend_mode_passthrough et_flex_column_24_24 et_flex_column_24_24_tablet et_flex_column_24_24_phone\">\n<div class=\"et_pb_text_3 et_pb_text et_pb_bg_layout_light et_pb_module et_block_module\"><div class=\"et_pb_text_inner\"><p><strong>VAD VI KAN ERBJUDA DIG P\u00c5 VELAZQUEZ24<\/strong><\/p>\n<\/div><\/div>\n<\/div>\n<\/div>\n\n<div class=\"et_pb_row_3 et_pb_row et_flex_row\">\n<div class=\"et_pb_column_3 et_pb_column et-last-child et_flex_column et_pb_css_mix_blend_mode_passthrough et_flex_column_24_24 et_flex_column_24_24_tablet et_flex_column_24_24_phone\">\n<div class=\"et_pb_text_4 et_pb_text et_pb_bg_layout_light et_pb_module et_block_module\"><div class=\"et_pb_text_inner\"><p style=\"text-align: justify;\">Om du letar efter en gratis 24 timmars eller timmars tj\u00e4nst som escort kan vi erbjuda dig att bli en del av det b\u00e4sta teamet som utg\u00f6r den mest exklusiva bordellen i centrala M\u00e1laga.<\/p>\n<p style=\"text-align: justify;\">Kontakta oss redan nu s\u00e5 ber\u00e4ttar vi hur du skulle kunna erbjuda dina tj\u00e4nster och vilka egenskaper och f\u00f6rdelar du skulle f\u00e5 genom att bli en del av v\u00e5rt team.<\/p>\n<p style=\"text-align: center;\"><strong>V\u00c5RT RYKTE  <\/strong><\/p>\n<p style=\"text-align: justify;\">Med en meritlista p\u00e5 mer \u00e4n tv\u00e5 decennier har vi etablerat oss som den mest prestigefyllda och erk\u00e4nda bordellen i M\u00e1laga. Under dessa 20 \u00e5r har vi byggt upp ett gott rykte baserat p\u00e5 diskretion, professionalism och utm\u00e4rkt service, vilket garanterar oss den mest utvalda och lojala kundkretsen i staden, som litar p\u00e5 v\u00e5r f\u00f6rm\u00e5ga att erbjuda h\u00f6gkvalitativa upplevelser och uppr\u00e4tth\u00e5lla h\u00f6gsta standard. <\/p>\n<p style=\"text-align: center;\"><strong>MARKNADSF\u00d6RINGSTEAM<\/strong><\/p>\n<p style=\"text-align: justify;\">Vi, som byr\u00e5, har v\u00e5rt eget marknadsf\u00f6rings- och reklamteam, som ansvarar f\u00f6r att hantera och marknadsf\u00f6ra dina annonser och foton, s\u00e5 att du blir k\u00e4nd av v\u00e5ra kunder och anv\u00e4ndare; och p\u00e5 detta s\u00e4tt garantera att du uppn\u00e5r dina ekonomiska m\u00e5l. V\u00e5ra kunder \u00e4r mycket utvalda och vi samarbetar med de b\u00e4sta hotellkedjorna i provinsen, f\u00f6r tillhandah\u00e5llande av v\u00e5ra tj\u00e4nster i form av resor. <\/p>\n<p style=\"text-align: center;\"><strong>F\u00d6RDELAR MED ATT BLI EN DEL AV V\u00c5RT TEAM<\/strong><\/p>\n<p style=\"text-align: justify;\">Genom att g\u00e5 med i v\u00e5rt team f\u00e5r du en professionell fotografering som v\u00e5rt marknadsf\u00f6rings- och reklamteam kommer att anv\u00e4nda f\u00f6r att marknadsf\u00f6ra din profil.<\/p>\n<p style=\"text-align: justify;\">N\u00e4r det g\u00e4ller ditt engagemang erbjuder vi dig vad som passar dina behov, 24 timmar med en varaktighet p\u00e5 1 till 3 veckor eller ett specifikt schema fr\u00e5n m\u00e5ndag till fredag. Men viktigast av allt .... <\/p>\n<p style=\"text-align: center;\"><em><u>\"I DET H\u00c4R HUSET TAR MAN BETALT AV KUNDERNA S\u00c5 ATT MAN ALLTID HAR PENGARNA I HANDEN\".<\/u><\/em><\/p>\n<p style=\"text-align: justify;\">I v\u00e5rt hus \u00e4r ditt v\u00e4lbefinnande och din komfort v\u00e5r prioritet. Vi erbjuder en oslagbar arbetsmilj\u00f6, utformad f\u00f6r att f\u00e5 dig att k\u00e4nna dig som hemma. V\u00e5ra faciliteter inkluderar komplett boende, utrustat med k\u00f6k, internet och privata badrum, samt ett gemensamt TV-rum f\u00f6r dina stunder av vila och avkoppling. Integritet och s\u00e4kerhet \u00e4r av st\u00f6rsta vikt f\u00f6r oss, och d\u00e4rf\u00f6r har vi \u00e5tta privata sviter, var och en utrustad s\u00e5 att du kan ta hand om dina kunder med total diskretion, komfort och hygien, vilket garanterar serviceupplevelsen av h\u00f6gsta kvalitet i en helt s\u00e4ker milj\u00f6.   <\/p>\n<p>&nbsp;<\/p>\n<p style=\"text-align: justify;\">S\u00e5 om du \u00e4r \u00f6ver 18 \u00e5r, har dina dokument i ordning och \u00e4r intresserad av att \u00f6ka din inkomst hoppas vi att du kontaktar oss just nu!!! du kan <strong>KONTAKTA<\/strong> oss, klicka bara p\u00e5 chattikonen l\u00e4ngst ner p\u00e5 sk\u00e4rmen d\u00e4r vi hj\u00e4lper dig direkt.<\/p>\n<\/div><\/div>\n<\/div>\n<\/div>\n<\/div>\n\n<div class=\"et_pb_section_3 et_pb_section et_section_regular et_flex_section\">\n<div class=\"et_pb_row_4 et_pb_row et_flex_row\">\n<div class=\"et_pb_column_4 et_pb_column et-last-child et_flex_column et_pb_css_mix_blend_mode_passthrough et_flex_column_24_24 et_flex_column_24_24_tablet et_flex_column_24_24_phone\">\n<div class=\"et_pb_text_5 et_pb_text et_pb_bg_layout_light et_pb_module et_block_module\"><div class=\"et_pb_text_inner\"><p>VARF\u00d6R SKAPA EN PLATS I VELAZQUEZ24<\/p>\n<\/div><\/div>\n<\/div>\n<\/div>\n\n<div class=\"et_pb_row_5 et_pb_row et_flex_row\">\n<div class=\"et_pb_column_5 et_pb_column et_flex_column et_pb_css_mix_blend_mode_passthrough et_flex_column_8_24 et_flex_column_8_24_tablet et_flex_column_24_24_phone\">\n<div class=\"et_pb_image_0 et_pb_image et_pb_module et_block_module\"><span class=\"et_pb_image_wrap\"><img decoding=\"async\" src=\"https:\/\/velazquez24.es\/wp-content\/uploads\/2025\/08\/Putas-a-domicilio-en-Malaga-las-24-horas.jpg\" width=\"96\" height=\"96\" srcset=\"https:\/\/velazquez24.es\/wp-content\/uploads\/2025\/08\/Putas-a-domicilio-en-Malaga-las-24-horas.jpg 96w\" sizes=\"(max-width: 96px) 100vw, 96px\" class=\"wp-image-227\" title=\"Putas a domicilio en M\u00e1laga las 24 horas\" alt=\"Putas a domicilio en M\u00e1laga las 24 horas\" \/><\/span><\/div>\n\n<div class=\"et_pb_text_6 et_pb_text et_pb_bg_layout_light et_pb_module et_block_module\"><div class=\"et_pb_text_inner\"><p>DEN MEST UTVALDA KUNDKRETSEN<\/p>\n<\/div><\/div>\n\n<div class=\"et_pb_text_7 et_pb_text et_pb_bg_layout_light et_pb_module et_block_module\"><div class=\"et_pb_text_inner\"><p>Med mer \u00e4n tv\u00e5 decenniers erfarenhet har vi etablerat oss som den mest prestigefyllda och erk\u00e4nda bordellen i M\u00e1laga. V\u00e5rt goda rykte har gjort det m\u00f6jligt f\u00f6r oss att f\u00e5 en utvald och lojal kundkrets som fullt ut litar p\u00e5 kvaliteten p\u00e5 v\u00e5ra tj\u00e4nster och v\u00e5r h\u00f6ga standard. <\/p>\n<\/div><\/div>\n<\/div>\n\n<div class=\"et_pb_column_6 et_pb_column et_flex_column et_pb_css_mix_blend_mode_passthrough et_flex_column_8_24 et_flex_column_8_24_tablet et_flex_column_24_24_phone\">\n<div class=\"et_pb_image_1 et_pb_image et_pb_module et_block_module\"><span class=\"et_pb_image_wrap\"><img decoding=\"async\" src=\"https:\/\/velazquez24.es\/wp-content\/uploads\/2025\/08\/Servicio-escorts-en-Malaga-desde-2004.jpg\" width=\"96\" height=\"96\" srcset=\"https:\/\/velazquez24.es\/wp-content\/uploads\/2025\/08\/Servicio-escorts-en-Malaga-desde-2004.jpg 96w\" sizes=\"(max-width: 96px) 100vw, 96px\" class=\"wp-image-232\" title=\"Servicio escorts en M\u00e1laga desde 2004\" alt=\"Servicio escorts en M\u00e1laga desde 2004\" \/><\/span><\/div>\n\n<div class=\"et_pb_text_8 et_pb_text et_pb_bg_layout_light et_pb_module et_block_module\"><div class=\"et_pb_text_inner\"><p class=\"elementor-image-box-title\">HUR DU \u00d6VERTR\u00c4FFAR DINA FINANSIELLA M\u00c5L<\/p>\n<\/div><\/div>\n\n<div class=\"et_pb_text_9 et_pb_text et_pb_bg_layout_light et_pb_module et_block_module\"><div class=\"et_pb_text_inner\"><p>V\u00e5rt marknadsf\u00f6rings- och reklamteam \u00e4r inriktat p\u00e5 att fr\u00e4mja din profil och \u00f6ka din synlighet. Med professionella fotograferingar och en strategisk hantering av dina annonser garanterar vi att du uppn\u00e5r dina ekonomiska m\u00e5l.   <\/p>\n<\/div><\/div>\n<\/div>\n\n<div class=\"et_pb_column_7 et_pb_column et-last-child et_flex_column et_pb_css_mix_blend_mode_passthrough et_flex_column_8_24 et_flex_column_8_24_tablet et_flex_column_24_24_phone\">\n<div class=\"et_pb_image_2 et_pb_image et_pb_module et_block_module\"><span class=\"et_pb_image_wrap\"><img decoding=\"async\" src=\"https:\/\/velazquez24.es\/wp-content\/uploads\/2025\/08\/Putas-a-domicilio-en-MalagaTorremolinosBenalmadena-y-Fuengirola.jpg\" width=\"96\" height=\"96\" srcset=\"https:\/\/velazquez24.es\/wp-content\/uploads\/2025\/08\/Putas-a-domicilio-en-MalagaTorremolinosBenalmadena-y-Fuengirola.jpg 96w\" sizes=\"(max-width: 96px) 100vw, 96px\" class=\"wp-image-229\" title=\"Putas a domicilio en M\u00e1laga,Torremolinos,Benalmadena y Fuengirola\" alt=\"Putas a domicilio en M\u00e1laga,Torremolinos,Benalmadena y Fuengirola\" \/><\/span><\/div>\n\n<div class=\"et_pb_text_10 et_pb_text et_pb_bg_layout_light et_pb_module et_block_module\"><div class=\"et_pb_text_inner\"><p>V\u00c5RA ANL\u00c4GGNINGAR<\/p>\n<\/div><\/div>\n\n<div class=\"et_pb_text_11 et_pb_text et_pb_bg_layout_light et_pb_module et_block_module\"><div class=\"et_pb_text_inner\"><p>V\u00e5rt huvudfokus \u00e4r ditt v\u00e4lbefinnande. Vi erbjuder en exceptionell arbetsmilj\u00f6 med komplett boende inklusive k\u00f6k, internet och privata badrum, samt en TV-lounge. F\u00f6r att s\u00e4kerst\u00e4lla din integritet och dina m\u00f6ten har vi \u00e5tta diskreta sviter som \u00e4r utformade f\u00f6r att du ska kunna arbeta bekv\u00e4mt.  <\/p>\n<\/div><\/div>\n<\/div>\n<\/div>\n<\/div>","protected":false},"excerpt":{"rendered":"","protected":false},"author":1,"featured_media":0,"parent":0,"menu_order":0,"comment_status":"closed","ping_status":"closed","template":"","meta":{"_acf_changed":false,"footnotes":""},"class_list":["post-7411","page","type-page","status-publish","hentry"],"acf":[],"yoast_head":"<!-- This site is optimized with the Yoast SEO plugin v27.5 - https:\/\/yoast.com\/product\/yoast-seo-wordpress\/ -->\n<title>Arbeta som escort : +6000 euro per plats i Velazquez24<\/title>\n<meta name=\"description\" content=\"Velazquez24 erbjuder platser att arbeta som en escortflicka med inkomster \u00f6ver 6000 euro per vistelse. Mer \u00e4n 20 \u00e5rs \u00f6ppen garanti f\u00f6r oss.\" \/>\n<meta name=\"robots\" content=\"index, follow, max-snippet:-1, max-image-preview:large, max-video-preview:-1\" \/>\n<link rel=\"canonical\" href=\"https:\/\/velazquez24.es\/sv\/escorts-platser\/\" \/>\n<meta property=\"og:locale\" content=\"sv_SE\" \/>\n<meta property=\"og:type\" content=\"article\" \/>\n<meta property=\"og:title\" content=\"Arbeta som escort : +6000 euro per plats i Velazquez24\" \/>\n<meta property=\"og:description\" content=\"Velazquez24 erbjuder platser att arbeta som en escortflicka med inkomster \u00f6ver 6000 euro per vistelse. Mer \u00e4n 20 \u00e5rs \u00f6ppen garanti f\u00f6r oss.\" \/>\n<meta property=\"og:url\" content=\"https:\/\/velazquez24.es\/sv\/escorts-platser\/\" \/>\n<meta property=\"og:site_name\" content=\"Velazquez24\" \/>\n<meta property=\"article:modified_time\" content=\"2026-03-08T19:23:32+00:00\" \/>\n<meta name=\"twitter:card\" content=\"summary_large_image\" \/>\n<script type=\"application\/ld+json\" class=\"yoast-schema-graph\">{\"@context\":\"https:\\\/\\\/schema.org\",\"@graph\":[{\"@type\":\"WebPage\",\"@id\":\"https:\\\/\\\/velazquez24.es\\\/sv\\\/escorts-platser\\\/\",\"url\":\"https:\\\/\\\/velazquez24.es\\\/sv\\\/escorts-platser\\\/\",\"name\":\"Arbeta som escort : +6000 euro per plats i Velazquez24\",\"isPartOf\":{\"@id\":\"https:\\\/\\\/velazquez24.lucusprueba.es\\\/en\\\/#website\"},\"datePublished\":\"2025-08-08T10:09:50+00:00\",\"dateModified\":\"2026-03-08T19:23:32+00:00\",\"description\":\"Velazquez24 erbjuder platser att arbeta som en escortflicka med inkomster \u00f6ver 6000 euro per vistelse. Mer \u00e4n 20 \u00e5rs \u00f6ppen garanti f\u00f6r oss.\",\"breadcrumb\":{\"@id\":\"https:\\\/\\\/velazquez24.es\\\/sv\\\/escorts-platser\\\/#breadcrumb\"},\"inLanguage\":\"sv-SE\",\"potentialAction\":[{\"@type\":\"ReadAction\",\"target\":[\"https:\\\/\\\/velazquez24.es\\\/sv\\\/escorts-platser\\\/\"]}]},{\"@type\":\"BreadcrumbList\",\"@id\":\"https:\\\/\\\/velazquez24.es\\\/sv\\\/escorts-platser\\\/#breadcrumb\",\"itemListElement\":[{\"@type\":\"ListItem\",\"position\":1,\"name\":\"Portada\",\"item\":\"https:\\\/\\\/velazquez24.es\\\/sv\\\/\"},{\"@type\":\"ListItem\",\"position\":2,\"name\":\"Escorts platser\"}]},{\"@type\":\"WebSite\",\"@id\":\"https:\\\/\\\/velazquez24.lucusprueba.es\\\/en\\\/#website\",\"url\":\"https:\\\/\\\/velazquez24.lucusprueba.es\\\/en\\\/\",\"name\":\"Velazquez24.es\",\"description\":\"Velazquez24, agencia de chicas escorts en M\u00e1laga\",\"publisher\":{\"@id\":\"https:\\\/\\\/velazquez24.lucusprueba.es\\\/en\\\/#organization\"},\"alternateName\":\"Velazquez24\",\"potentialAction\":[{\"@type\":\"SearchAction\",\"target\":{\"@type\":\"EntryPoint\",\"urlTemplate\":\"https:\\\/\\\/velazquez24.lucusprueba.es\\\/en\\\/?s={search_term_string}\"},\"query-input\":{\"@type\":\"PropertyValueSpecification\",\"valueRequired\":true,\"valueName\":\"search_term_string\"}}],\"inLanguage\":\"sv-SE\"},{\"@type\":\"Organization\",\"@id\":\"https:\\\/\\\/velazquez24.lucusprueba.es\\\/en\\\/#organization\",\"name\":\"Velazquez24\",\"url\":\"https:\\\/\\\/velazquez24.lucusprueba.es\\\/en\\\/\",\"logo\":{\"@type\":\"ImageObject\",\"inLanguage\":\"sv-SE\",\"@id\":\"https:\\\/\\\/velazquez24.lucusprueba.es\\\/en\\\/#\\\/schema\\\/logo\\\/image\\\/\",\"url\":\"https:\\\/\\\/velazquez24.es\\\/wp-content\\\/uploads\\\/2025\\\/08\\\/velazquez_logo-1080.jpg\",\"contentUrl\":\"https:\\\/\\\/velazquez24.es\\\/wp-content\\\/uploads\\\/2025\\\/08\\\/velazquez_logo-1080.jpg\",\"width\":1080,\"height\":608,\"caption\":\"Velazquez24\"},\"image\":{\"@id\":\"https:\\\/\\\/velazquez24.lucusprueba.es\\\/en\\\/#\\\/schema\\\/logo\\\/image\\\/\"}}]}<\/script>\n<!-- \/ Yoast SEO plugin. -->","yoast_head_json":{"title":"Arbeta som escort : +6000 euro per plats i Velazquez24","description":"Velazquez24 erbjuder platser att arbeta som en escortflicka med inkomster \u00f6ver 6000 euro per vistelse. Mer \u00e4n 20 \u00e5rs \u00f6ppen garanti f\u00f6r oss.","robots":{"index":"index","follow":"follow","max-snippet":"max-snippet:-1","max-image-preview":"max-image-preview:large","max-video-preview":"max-video-preview:-1"},"canonical":"https:\/\/velazquez24.es\/sv\/escorts-platser\/","og_locale":"sv_SE","og_type":"article","og_title":"Arbeta som escort : +6000 euro per plats i Velazquez24","og_description":"Velazquez24 erbjuder platser att arbeta som en escortflicka med inkomster \u00f6ver 6000 euro per vistelse. Mer \u00e4n 20 \u00e5rs \u00f6ppen garanti f\u00f6r oss.","og_url":"https:\/\/velazquez24.es\/sv\/escorts-platser\/","og_site_name":"Velazquez24","article_modified_time":"2026-03-08T19:23:32+00:00","twitter_card":"summary_large_image","schema":{"@context":"https:\/\/schema.org","@graph":[{"@type":"WebPage","@id":"https:\/\/velazquez24.es\/sv\/escorts-platser\/","url":"https:\/\/velazquez24.es\/sv\/escorts-platser\/","name":"Arbeta som escort : +6000 euro per plats i Velazquez24","isPartOf":{"@id":"https:\/\/velazquez24.lucusprueba.es\/en\/#website"},"datePublished":"2025-08-08T10:09:50+00:00","dateModified":"2026-03-08T19:23:32+00:00","description":"Velazquez24 erbjuder platser att arbeta som en escortflicka med inkomster \u00f6ver 6000 euro per vistelse. Mer \u00e4n 20 \u00e5rs \u00f6ppen garanti f\u00f6r oss.","breadcrumb":{"@id":"https:\/\/velazquez24.es\/sv\/escorts-platser\/#breadcrumb"},"inLanguage":"sv-SE","potentialAction":[{"@type":"ReadAction","target":["https:\/\/velazquez24.es\/sv\/escorts-platser\/"]}]},{"@type":"BreadcrumbList","@id":"https:\/\/velazquez24.es\/sv\/escorts-platser\/#breadcrumb","itemListElement":[{"@type":"ListItem","position":1,"name":"Portada","item":"https:\/\/velazquez24.es\/sv\/"},{"@type":"ListItem","position":2,"name":"Escorts platser"}]},{"@type":"WebSite","@id":"https:\/\/velazquez24.lucusprueba.es\/en\/#website","url":"https:\/\/velazquez24.lucusprueba.es\/en\/","name":"Velazquez24.es","description":"Velazquez24, agencia de chicas escorts en M\u00e1laga","publisher":{"@id":"https:\/\/velazquez24.lucusprueba.es\/en\/#organization"},"alternateName":"Velazquez24","potentialAction":[{"@type":"SearchAction","target":{"@type":"EntryPoint","urlTemplate":"https:\/\/velazquez24.lucusprueba.es\/en\/?s={search_term_string}"},"query-input":{"@type":"PropertyValueSpecification","valueRequired":true,"valueName":"search_term_string"}}],"inLanguage":"sv-SE"},{"@type":"Organization","@id":"https:\/\/velazquez24.lucusprueba.es\/en\/#organization","name":"Velazquez24","url":"https:\/\/velazquez24.lucusprueba.es\/en\/","logo":{"@type":"ImageObject","inLanguage":"sv-SE","@id":"https:\/\/velazquez24.lucusprueba.es\/en\/#\/schema\/logo\/image\/","url":"https:\/\/velazquez24.es\/wp-content\/uploads\/2025\/08\/velazquez_logo-1080.jpg","contentUrl":"https:\/\/velazquez24.es\/wp-content\/uploads\/2025\/08\/velazquez_logo-1080.jpg","width":1080,"height":608,"caption":"Velazquez24"},"image":{"@id":"https:\/\/velazquez24.lucusprueba.es\/en\/#\/schema\/logo\/image\/"}}]}},"_links":{"self":[{"href":"https:\/\/velazquez24.es\/sv\/wp-json\/wp\/v2\/pages\/7411","targetHints":{"allow":["GET"]}}],"collection":[{"href":"https:\/\/velazquez24.es\/sv\/wp-json\/wp\/v2\/pages"}],"about":[{"href":"https:\/\/velazquez24.es\/sv\/wp-json\/wp\/v2\/types\/page"}],"author":[{"embeddable":true,"href":"https:\/\/velazquez24.es\/sv\/wp-json\/wp\/v2\/users\/1"}],"replies":[{"embeddable":true,"href":"https:\/\/velazquez24.es\/sv\/wp-json\/wp\/v2\/comments?post=7411"}],"version-history":[{"count":0,"href":"https:\/\/velazquez24.es\/sv\/wp-json\/wp\/v2\/pages\/7411\/revisions"}],"wp:attachment":[{"href":"https:\/\/velazquez24.es\/sv\/wp-json\/wp\/v2\/media?parent=7411"}],"curies":[{"name":"wp","href":"https:\/\/api.w.org\/{rel}","templated":true}]}}