{"id":7420,"date":"2025-08-08T10:13:37","date_gmt":"2025-08-08T10:13:37","guid":{"rendered":"https:\/\/velazquez24.es\/kontakta-velazquez24\/"},"modified":"2026-03-08T19:23:38","modified_gmt":"2026-03-08T19:23:38","slug":"kontakta-velazquez24","status":"publish","type":"page","link":"https:\/\/velazquez24.es\/sv\/kontakta-velazquez24\/","title":{"rendered":"Kontakta Velazquez24"},"content":{"rendered":"<div class=\"et_pb_section_0 et_pb_section et_section_regular et_flex_section\">\n<div class=\"et_pb_row_0 et_pb_row et_flex_row\">\n<div class=\"et_pb_column_0 et_pb_column et-last-child et_flex_column et_pb_css_mix_blend_mode_passthrough et_flex_column_24_24 et_flex_column_24_24_tablet et_flex_column_24_24_phone\">\n<div class=\"et_pb_text_0 et_pb_text et_pb_bg_layout_light et_pb_module et_block_module\"><div class=\"et_pb_text_inner\"><h1>KONTAKT<\/h1>\n<\/div><\/div>\n\n<div class=\"et_pb_text_1 et_pb_text et_pb_bg_layout_light et_pb_module et_block_module\"><div class=\"et_pb_text_inner\"><p style=\"text-align: justify;\">Om du har n\u00e5gra fr\u00e5gor, vill boka tid med en av v\u00e5ra damer eller hellre vill g\u00f6ra ett hembes\u00f6k p\u00e5 ditt hotell eller i din privata bostad, st\u00e5r v\u00e5rt receptionsteam till ditt f\u00f6rfogande f\u00f6r att hj\u00e4lpa dig. Vi hj\u00e4lper dig g\u00e4rna 24 timmar om dygnet, 7 dagar i veckan. <\/p>\n<p style=\"text-align: justify;\">Du kan kontakta v\u00e5r bordell via f\u00f6ljande kanaler, utformade f\u00f6r att ge dig maximal bekv\u00e4mlighet:<\/p>\n<p style=\"text-align: justify;\"><strong>Live Chat:<\/strong> Klicka p\u00e5 chatt-ikonen l\u00e4ngst ner p\u00e5 sk\u00e4rmen f\u00f6r att kommunicera direkt med v\u00e5r receptionist. Hon kommer att erbjuda dig omedelbar och personlig uppm\u00e4rksamhet f\u00f6r att l\u00f6sa dina fr\u00e5gor direkt. Det \u00e4r viktigt att informera dig om att om vi inte svarar omedelbart beror det p\u00e5 att vi tar hand om kunder som redan \u00e4r i huset; vi ber om lite t\u00e5lamod f\u00f6r att bli uppassade. Du kan l\u00e4mna chatten \u00f6ppen medan du v\u00e4ntar, eftersom vi kommer att meddela dig med ett h\u00f6rbart meddelande n\u00e4r vi svarar dig.   <\/p>\n<p style=\"text-align: justify;\"><strong>Samtal:<\/strong> Vi hj\u00e4lper dig g\u00e4rna per telefon, v\u00e5r +34636830060-linje \u00e4r tillg\u00e4nglig 24 timmar om dygnet.<\/p>\n<p style=\"text-align: justify;\"><strong>Meddelanden:<\/strong> F\u00f6r dem som f\u00f6redrar skriftlig kommunikation erbjuder vi m\u00f6jligheten att skicka meddelanden via WhatsApp och Telegram, v\u00e5r linje +34636830060 \u00e4r i drift 24 timmar om dygnet.<\/p>\n<p style=\"text-align: justify;\"><strong><\/strong><\/p>\n<p style=\"text-align: justify;\"><strong>K\u00e4ra kund:<\/strong><\/p>\n<p style=\"text-align: justify;\">N\u00e4r du kontaktar oss, via n\u00e5got av v\u00e5ra kommunikationsmedel, b\u00f6r du t\u00e4nka p\u00e5 f\u00f6ljande, den person som svarar dig \u00e4r inte en tjej som tillhandah\u00e5ller tj\u00e4nster till herrar, utan en vanlig receptionist, s\u00e5 anv\u00e4nd ett l\u00e4mpligt ordf\u00f6rr\u00e5d och en l\u00e4mplig ton.<\/p>\n<p style=\"text-align: justify;\">V\u00e5r byr\u00e5 har alltid varit m\u00e5n om att anv\u00e4nda ett respektfullt spr\u00e5kbruk och bem\u00f6tande mellan de kunder som bes\u00f6ker oss och den personal som arbetar hos oss.<\/p>\n<\/div><\/div>\n<\/div>\n<\/div>\n<\/div>","protected":false},"excerpt":{"rendered":"","protected":false},"author":1,"featured_media":0,"parent":0,"menu_order":0,"comment_status":"closed","ping_status":"closed","template":"","meta":{"_acf_changed":false,"footnotes":""},"class_list":["post-7420","page","type-page","status-publish","hentry"],"acf":[],"yoast_head":"<!-- This site is optimized with the Yoast SEO plugin v27.5 - https:\/\/yoast.com\/product\/yoast-seo-wordpress\/ -->\n<title>Kontakt med Velazquez24 | Vi tar hand om dig 24 timmar om dygnet.<\/title>\n<meta name=\"description\" content=\"Kontakta Velazquez24 via v\u00e5r onlinechatt eller s\u00e5 svarar vi ocks\u00e5 p\u00e5 samtal och WhatsApp p\u00e5 +34636830060\" \/>\n<meta name=\"robots\" content=\"index, follow, max-snippet:-1, max-image-preview:large, max-video-preview:-1\" \/>\n<link rel=\"canonical\" href=\"https:\/\/velazquez24.es\/sv\/kontakta-velazquez24\/\" \/>\n<meta property=\"og:locale\" content=\"sv_SE\" \/>\n<meta property=\"og:type\" content=\"article\" \/>\n<meta property=\"og:title\" content=\"Kontakt med Velazquez24 | Vi tar hand om dig 24 timmar om dygnet.\" \/>\n<meta property=\"og:description\" content=\"Kontakta Velazquez24 via v\u00e5r onlinechatt eller s\u00e5 svarar vi ocks\u00e5 p\u00e5 samtal och WhatsApp p\u00e5 +34636830060\" \/>\n<meta property=\"og:url\" content=\"https:\/\/velazquez24.es\/sv\/kontakta-velazquez24\/\" \/>\n<meta property=\"og:site_name\" content=\"Velazquez24\" \/>\n<meta property=\"article:modified_time\" content=\"2026-03-08T19:23:38+00:00\" \/>\n<meta name=\"twitter:card\" content=\"summary_large_image\" \/>\n<script type=\"application\/ld+json\" class=\"yoast-schema-graph\">{\"@context\":\"https:\\\/\\\/schema.org\",\"@graph\":[{\"@type\":\"WebPage\",\"@id\":\"https:\\\/\\\/velazquez24.es\\\/sv\\\/kontakta-velazquez24\\\/\",\"url\":\"https:\\\/\\\/velazquez24.es\\\/sv\\\/kontakta-velazquez24\\\/\",\"name\":\"Kontakt med Velazquez24 | Vi tar hand om dig 24 timmar om dygnet.\",\"isPartOf\":{\"@id\":\"https:\\\/\\\/velazquez24.lucusprueba.es\\\/en\\\/#website\"},\"datePublished\":\"2025-08-08T10:13:37+00:00\",\"dateModified\":\"2026-03-08T19:23:38+00:00\",\"description\":\"Kontakta Velazquez24 via v\u00e5r onlinechatt eller s\u00e5 svarar vi ocks\u00e5 p\u00e5 samtal och WhatsApp p\u00e5 +34636830060\",\"breadcrumb\":{\"@id\":\"https:\\\/\\\/velazquez24.es\\\/sv\\\/kontakta-velazquez24\\\/#breadcrumb\"},\"inLanguage\":\"sv-SE\",\"potentialAction\":[{\"@type\":\"ReadAction\",\"target\":[\"https:\\\/\\\/velazquez24.es\\\/sv\\\/kontakta-velazquez24\\\/\"]}]},{\"@type\":\"BreadcrumbList\",\"@id\":\"https:\\\/\\\/velazquez24.es\\\/sv\\\/kontakta-velazquez24\\\/#breadcrumb\",\"itemListElement\":[{\"@type\":\"ListItem\",\"position\":1,\"name\":\"Portada\",\"item\":\"https:\\\/\\\/velazquez24.es\\\/sv\\\/\"},{\"@type\":\"ListItem\",\"position\":2,\"name\":\"Kontakta Velazquez24\"}]},{\"@type\":\"WebSite\",\"@id\":\"https:\\\/\\\/velazquez24.lucusprueba.es\\\/en\\\/#website\",\"url\":\"https:\\\/\\\/velazquez24.lucusprueba.es\\\/en\\\/\",\"name\":\"Velazquez24.es\",\"description\":\"Velazquez24, agencia de chicas escorts en M\u00e1laga\",\"publisher\":{\"@id\":\"https:\\\/\\\/velazquez24.lucusprueba.es\\\/en\\\/#organization\"},\"alternateName\":\"Velazquez24\",\"potentialAction\":[{\"@type\":\"SearchAction\",\"target\":{\"@type\":\"EntryPoint\",\"urlTemplate\":\"https:\\\/\\\/velazquez24.lucusprueba.es\\\/en\\\/?s={search_term_string}\"},\"query-input\":{\"@type\":\"PropertyValueSpecification\",\"valueRequired\":true,\"valueName\":\"search_term_string\"}}],\"inLanguage\":\"sv-SE\"},{\"@type\":\"Organization\",\"@id\":\"https:\\\/\\\/velazquez24.lucusprueba.es\\\/en\\\/#organization\",\"name\":\"Velazquez24\",\"url\":\"https:\\\/\\\/velazquez24.lucusprueba.es\\\/en\\\/\",\"logo\":{\"@type\":\"ImageObject\",\"inLanguage\":\"sv-SE\",\"@id\":\"https:\\\/\\\/velazquez24.lucusprueba.es\\\/en\\\/#\\\/schema\\\/logo\\\/image\\\/\",\"url\":\"https:\\\/\\\/velazquez24.es\\\/wp-content\\\/uploads\\\/2025\\\/08\\\/velazquez_logo-1080.jpg\",\"contentUrl\":\"https:\\\/\\\/velazquez24.es\\\/wp-content\\\/uploads\\\/2025\\\/08\\\/velazquez_logo-1080.jpg\",\"width\":1080,\"height\":608,\"caption\":\"Velazquez24\"},\"image\":{\"@id\":\"https:\\\/\\\/velazquez24.lucusprueba.es\\\/en\\\/#\\\/schema\\\/logo\\\/image\\\/\"}}]}<\/script>\n<!-- \/ Yoast SEO plugin. -->","yoast_head_json":{"title":"Kontakt med Velazquez24 | Vi tar hand om dig 24 timmar om dygnet.","description":"Kontakta Velazquez24 via v\u00e5r onlinechatt eller s\u00e5 svarar vi ocks\u00e5 p\u00e5 samtal och WhatsApp p\u00e5 +34636830060","robots":{"index":"index","follow":"follow","max-snippet":"max-snippet:-1","max-image-preview":"max-image-preview:large","max-video-preview":"max-video-preview:-1"},"canonical":"https:\/\/velazquez24.es\/sv\/kontakta-velazquez24\/","og_locale":"sv_SE","og_type":"article","og_title":"Kontakt med Velazquez24 | Vi tar hand om dig 24 timmar om dygnet.","og_description":"Kontakta Velazquez24 via v\u00e5r onlinechatt eller s\u00e5 svarar vi ocks\u00e5 p\u00e5 samtal och WhatsApp p\u00e5 +34636830060","og_url":"https:\/\/velazquez24.es\/sv\/kontakta-velazquez24\/","og_site_name":"Velazquez24","article_modified_time":"2026-03-08T19:23:38+00:00","twitter_card":"summary_large_image","schema":{"@context":"https:\/\/schema.org","@graph":[{"@type":"WebPage","@id":"https:\/\/velazquez24.es\/sv\/kontakta-velazquez24\/","url":"https:\/\/velazquez24.es\/sv\/kontakta-velazquez24\/","name":"Kontakt med Velazquez24 | Vi tar hand om dig 24 timmar om dygnet.","isPartOf":{"@id":"https:\/\/velazquez24.lucusprueba.es\/en\/#website"},"datePublished":"2025-08-08T10:13:37+00:00","dateModified":"2026-03-08T19:23:38+00:00","description":"Kontakta Velazquez24 via v\u00e5r onlinechatt eller s\u00e5 svarar vi ocks\u00e5 p\u00e5 samtal och WhatsApp p\u00e5 +34636830060","breadcrumb":{"@id":"https:\/\/velazquez24.es\/sv\/kontakta-velazquez24\/#breadcrumb"},"inLanguage":"sv-SE","potentialAction":[{"@type":"ReadAction","target":["https:\/\/velazquez24.es\/sv\/kontakta-velazquez24\/"]}]},{"@type":"BreadcrumbList","@id":"https:\/\/velazquez24.es\/sv\/kontakta-velazquez24\/#breadcrumb","itemListElement":[{"@type":"ListItem","position":1,"name":"Portada","item":"https:\/\/velazquez24.es\/sv\/"},{"@type":"ListItem","position":2,"name":"Kontakta Velazquez24"}]},{"@type":"WebSite","@id":"https:\/\/velazquez24.lucusprueba.es\/en\/#website","url":"https:\/\/velazquez24.lucusprueba.es\/en\/","name":"Velazquez24.es","description":"Velazquez24, agencia de chicas escorts en M\u00e1laga","publisher":{"@id":"https:\/\/velazquez24.lucusprueba.es\/en\/#organization"},"alternateName":"Velazquez24","potentialAction":[{"@type":"SearchAction","target":{"@type":"EntryPoint","urlTemplate":"https:\/\/velazquez24.lucusprueba.es\/en\/?s={search_term_string}"},"query-input":{"@type":"PropertyValueSpecification","valueRequired":true,"valueName":"search_term_string"}}],"inLanguage":"sv-SE"},{"@type":"Organization","@id":"https:\/\/velazquez24.lucusprueba.es\/en\/#organization","name":"Velazquez24","url":"https:\/\/velazquez24.lucusprueba.es\/en\/","logo":{"@type":"ImageObject","inLanguage":"sv-SE","@id":"https:\/\/velazquez24.lucusprueba.es\/en\/#\/schema\/logo\/image\/","url":"https:\/\/velazquez24.es\/wp-content\/uploads\/2025\/08\/velazquez_logo-1080.jpg","contentUrl":"https:\/\/velazquez24.es\/wp-content\/uploads\/2025\/08\/velazquez_logo-1080.jpg","width":1080,"height":608,"caption":"Velazquez24"},"image":{"@id":"https:\/\/velazquez24.lucusprueba.es\/en\/#\/schema\/logo\/image\/"}}]}},"_links":{"self":[{"href":"https:\/\/velazquez24.es\/sv\/wp-json\/wp\/v2\/pages\/7420","targetHints":{"allow":["GET"]}}],"collection":[{"href":"https:\/\/velazquez24.es\/sv\/wp-json\/wp\/v2\/pages"}],"about":[{"href":"https:\/\/velazquez24.es\/sv\/wp-json\/wp\/v2\/types\/page"}],"author":[{"embeddable":true,"href":"https:\/\/velazquez24.es\/sv\/wp-json\/wp\/v2\/users\/1"}],"replies":[{"embeddable":true,"href":"https:\/\/velazquez24.es\/sv\/wp-json\/wp\/v2\/comments?post=7420"}],"version-history":[{"count":0,"href":"https:\/\/velazquez24.es\/sv\/wp-json\/wp\/v2\/pages\/7420\/revisions"}],"wp:attachment":[{"href":"https:\/\/velazquez24.es\/sv\/wp-json\/wp\/v2\/media?parent=7420"}],"curies":[{"name":"wp","href":"https:\/\/api.w.org\/{rel}","templated":true}]}}